{"id":245,"date":"2014-12-18T19:48:50","date_gmt":"2014-12-18T19:48:50","guid":{"rendered":"http:\/\/easy-to-read.eu\/?page_id=245"},"modified":"2015-02-07T17:24:04","modified_gmt":"2015-02-07T17:24:04","slug":"teaching-materials","status":"publish","type":"page","link":"https:\/\/easy-to-read.inclusion-europe.eu\/sl\/teaching-materials\/","title":{"rendered":"PRIRO\u010cNIKI"},"content":{"rendered":"<h3><\/h3>\n<h3><span style=\"color: #008000;\"><strong>Dodatni priro\u010dniki<\/strong><\/span><\/h3>\n<p>V priro\u010dnikih so opisani postopki, ki nam pomagajo pri usposabljanju ljudi<br \/>\nza pripravo informacij v lahko berljivi in razumljivi obliki.<\/p>\n<p>Opisani so tudi postopki, kako vklju\u010diti ljudi z motnjami v du\u0161evnem razvoju<br \/>\nv pripravo lahko berljivih in razumljivih informacij.<\/p>\n<ol>\n<li><a href=\"http:\/\/easy-to-read.inclusion-europe.eu\/wp-content\/uploads\/2014\/12\/SL_Training_lifelong_learning_staff.pdf\" target=\"_blank\"><span style=\"text-decoration: underline;\">NE PI\u0160ITE ZA NAS BREZ NAS. SODELOVANJE LJUDI Z MOTNJAMI V DU\u0160EVNEM RAZVOJU PRI PISANJU LAHKO BERLJIVIH IN RAZUMLJIVIH BESEDIL<\/span><\/a><\/li>\n<li><a href=\"http:\/\/easy-to-read.inclusion-europe.eu\/wp-content\/uploads\/2014\/12\/SL_Methodology.pdf\" target=\"_blank\"><span style=\"text-decoration: underline;\">USPOSABLJANJE U\u010cITELJEV VSE\u017dIVLJENJSKEGA U\u010cENJA. SMERNICE ZA PISANJE LAHKO BERLJIVIH IN RAZUMLJIVIH BESEDIL<\/span><\/a><\/li>\n<li><a href=\"http:\/\/easy-to-read.inclusion-europe.eu\/wp-content\/uploads\/2014\/12\/SL_Teaching_can_be_easy.pdf\" target=\"_blank\"><span style=\"text-decoration: underline;\">NAREDIMO U\u010cENJE LAHKO. PRIPORO\u010cILA U\u010cITELJEM ZA PRIPRAVO UPORABNIKU PRIJAZNIH TE\u010cAJEV VSE\u017dIVLJENJSKEGA U\u010cENJA.<\/span><\/a><\/li>\n<\/ol>\n<p>&nbsp;<\/p>\n","protected":false},"excerpt":{"rendered":"<p>Dodatni priro\u010dniki V priro\u010dnikih so opisani postopki, ki nam pomagajo pri usposabljanju ljudi za pripravo informacij v lahko berljivi in razumljivi obliki. Opisani so tudi postopki, kako vklju\u010diti ljudi z motnjami v du\u0161evnem razvoju v pripravo lahko berljivih in razumljivih informacij. NE PI\u0160ITE ZA NAS BREZ NAS. SODELOVANJE LJUDI Z MOTNJAMI V DU\u0160EVNEM RAZVOJU PRI [&hellip;]<\/p>\n","protected":false},"author":1,"featured_media":0,"parent":0,"menu_order":0,"comment_status":"closed","ping_status":"closed","template":"","meta":[],"_links":{"self":[{"href":"https:\/\/easy-to-read.inclusion-europe.eu\/sl\/wp-json\/wp\/v2\/pages\/245"}],"collection":[{"href":"https:\/\/easy-to-read.inclusion-europe.eu\/sl\/wp-json\/wp\/v2\/pages"}],"about":[{"href":"https:\/\/easy-to-read.inclusion-europe.eu\/sl\/wp-json\/wp\/v2\/types\/page"}],"author":[{"embeddable":true,"href":"https:\/\/easy-to-read.inclusion-europe.eu\/sl\/wp-json\/wp\/v2\/users\/1"}],"replies":[{"embeddable":true,"href":"https:\/\/easy-to-read.inclusion-europe.eu\/sl\/wp-json\/wp\/v2\/comments?post=245"}],"version-history":[{"count":7,"href":"https:\/\/easy-to-read.inclusion-europe.eu\/sl\/wp-json\/wp\/v2\/pages\/245\/revisions"}],"predecessor-version":[{"id":1184,"href":"https:\/\/easy-to-read.inclusion-europe.eu\/sl\/wp-json\/wp\/v2\/pages\/245\/revisions\/1184"}],"wp:attachment":[{"href":"https:\/\/easy-to-read.inclusion-europe.eu\/sl\/wp-json\/wp\/v2\/media?parent=245"}],"curies":[{"name":"wp","href":"https:\/\/api.w.org\/{rel}","templated":true}]}}