{"id":163,"date":"2014-12-14T17:30:46","date_gmt":"2014-12-14T17:30:46","guid":{"rendered":"http:\/\/easy-to-read.eu\/?page_id=163"},"modified":"2019-04-15T14:55:17","modified_gmt":"2019-04-15T14:55:17","slug":"european-logo","status":"publish","type":"page","link":"https:\/\/easy-to-read.inclusion-europe.eu\/sl\/european-logo\/","title":{"rendered":"EVROPSKI ZNAK"},"content":{"rendered":"<div id=\"stcpDiv\">\n<h3><\/h3>\n<h3><span style=\"color: #008000;\">N<strong>avodila za uporabo Evropskega znaka za lahko berljive in razumljive informacije<\/strong><\/span><\/h3>\n<p>Evropsko zdru\u017eenje za vklju\u010devanje (<a href=\"http:\/\/www.inclusion-europe.org\" target=\"_blank\" rel=\"noopener\">Inclusion Europe<\/a>)<br \/>\nje izdelalo znak za lahko berljive in razumljive informacije.Besedilo, ki je ozna\u010deno s tem znakom, je lahko za branje in razumevanje.<\/p>\n<p>Ta znak lahko uporabi vsakdo.<\/p>\n<p>Uporabimo ga zato, da opozorimo,<br \/>\nda je tiskano ali elektronsko besedilo lahko berljivo in razumljivo.<\/p>\n<p>Uporaba znaka je brezpla\u010dna.<\/p>\n<p>\u010ce \u017eelimo uporabljati ta znak, moramo upo\u0161tevati naslednje:<\/p>\n<ul>\n<li>besedilo mora biti napisano v skladu z<br \/>\nEvropskimi pravili za pripravo informacij v lahko berljivi in razumljivi obliki<\/li>\n<\/ul>\n<ul>\n<li>besedilo mora pregledati najmanj 1 bralec z motnjami v du\u0161evnem razvoju,<br \/>\nki mora potrditi, da je besedilo lahko berljivo in razumljivo.<\/li>\n<\/ul>\n<p>V nadaljevanju so navedena pravila uporabe<br \/>\nznaka za lahko berljive in razumljive informacije.<\/p>\n<p style=\"text-align: center;\"><strong>Pravila uporabe znaka za lahko berljive in razumljive informacije<\/strong><\/p>\n<ol start=\"1\">\n<li>Znak lahko uporabimo le, \u010de je besedilo napisano v skladu<br \/>\nz Evropskimi pravili za pripravo informacij v lahko berljivi in razumljivi obliki.<\/li>\n<li>Oblika znaka je to\u010dno dolo\u010dena:<br \/>\na) Barva:<br \/>\nModra: PANTONE \u2013 072;<br \/>\nCMYK \u2013 Cyan 100%, Magenta 87%, Black 6%;<br \/>\nRVB: 26-63-147;<br \/>\nWEB: #333399<br \/>\nb) Minimalna velikost: 15 mm<\/li>\n<li>Lahko berljive in razumljive informacije, ki smo jih napisali,morajo preizkusiti in potrditi ljudje z motnjami v du\u0161evnem razvoju.V besedilu morajo biti navedena njihova imena.<\/li>\n<li>Besedilo moramo opremiti s stavkom:<br \/>\n\u00bb\u00a9 Evropski znak za lahko berljive in razumljive informacije:<br \/>\nEvropsko zdru\u017eenje za vklju\u010devanje (Inclusion Europe)\u00ab.<br \/>\nVe\u010d informacij o tem je na spletni strani: <a href=\"http:\/\/easy-to-read.inclusion-europe.eu\">www.easy-to-read.eu\u00ab<\/a>.<\/li>\n<\/ol>\n<p>\u010ce Evropsko zdru\u017eenje za vklju\u010devanje (Inclusion Europe) podvomi,<br \/>\nda je besedilo pripravljeno v skladu z Evropskimi pravili<br \/>\nza pripravo informacij v lahko berljivi in razumljivi obliki,<br \/>\nlahko prepove uporabo Evropskega znaka za lahko berljive in razumljive informacije.<\/p>\n<table border=\"2\">\n<tbody>\n<tr>\n<td style=\"vertical-align: middle;\"><span class=\"hps\">Evropski znak za lahko berljive in razumljive informacije &#8230;. gif<\/span><\/td>\n<td><span class=\"hps\"><a href=\"http:\/\/easy-to-read.inclusion-europe.eu\/wp-content\/uploads\/2014\/12\/ETR.gif\" target=\"_blank\" rel=\"noopener\"><img loading=\"lazy\" class=\"alignnone wp-image-81\" src=\"http:\/\/easy-to-read.inclusion-europe.eu\/wp-content\/uploads\/2014\/12\/ETR-300x297.gif\" alt=\"ETR\" width=\"89\" height=\"88\" srcset=\"https:\/\/easy-to-read.inclusion-europe.eu\/wp-content\/uploads\/2014\/12\/ETR-300x297.gif 300w, https:\/\/easy-to-read.inclusion-europe.eu\/wp-content\/uploads\/2014\/12\/ETR-150x150.gif 150w, https:\/\/easy-to-read.inclusion-europe.eu\/wp-content\/uploads\/2014\/12\/ETR-493x490.gif 493w, https:\/\/easy-to-read.inclusion-europe.eu\/wp-content\/uploads\/2014\/12\/ETR-246x245.gif 246w\" sizes=\"(max-width: 89px) 100vw, 89px\" \/><\/a><\/span><\/td>\n<\/tr>\n<tr>\n<td style=\"vertical-align: middle;\"><span class=\"hps\">Evropski znak za lahko berljive in razumljive informacije &#8230;. jpg<\/span><\/td>\n<td><span class=\"hps\"><a href=\"http:\/\/easy-to-read.inclusion-europe.eu\/wp-content\/uploads\/2014\/12\/ETR.jpg\" target=\"_blank\" rel=\"noopener\"><img loading=\"lazy\" class=\"alignnone wp-image-81\" src=\"http:\/\/easy-to-read.inclusion-europe.eu\/wp-content\/uploads\/2014\/12\/ETR-300x297.gif\" alt=\"ETR\" width=\"89\" height=\"88\" srcset=\"https:\/\/easy-to-read.inclusion-europe.eu\/wp-content\/uploads\/2014\/12\/ETR-300x297.gif 300w, https:\/\/easy-to-read.inclusion-europe.eu\/wp-content\/uploads\/2014\/12\/ETR-150x150.gif 150w, https:\/\/easy-to-read.inclusion-europe.eu\/wp-content\/uploads\/2014\/12\/ETR-493x490.gif 493w, https:\/\/easy-to-read.inclusion-europe.eu\/wp-content\/uploads\/2014\/12\/ETR-246x245.gif 246w\" sizes=\"(max-width: 89px) 100vw, 89px\" \/><\/a><\/span><\/td>\n<\/tr>\n<tr>\n<td style=\"vertical-align: middle;\"><span class=\"hps\">Evropski znak za lahko berljive in razumljive informacije &#8230;. tiff<\/span><\/td>\n<td><span class=\"hps\"><a href=\"http:\/\/easy-to-read.inclusion-europe.eu\/wp-content\/uploads\/2014\/12\/ETR.tiff\" target=\"_blank\" rel=\"noopener\"><img loading=\"lazy\" class=\"alignnone wp-image-81\" src=\"http:\/\/easy-to-read.inclusion-europe.eu\/wp-content\/uploads\/2014\/12\/ETR-300x297.gif\" alt=\"ETR\" width=\"89\" height=\"88\" srcset=\"https:\/\/easy-to-read.inclusion-europe.eu\/wp-content\/uploads\/2014\/12\/ETR-300x297.gif 300w, https:\/\/easy-to-read.inclusion-europe.eu\/wp-content\/uploads\/2014\/12\/ETR-150x150.gif 150w, https:\/\/easy-to-read.inclusion-europe.eu\/wp-content\/uploads\/2014\/12\/ETR-493x490.gif 493w, https:\/\/easy-to-read.inclusion-europe.eu\/wp-content\/uploads\/2014\/12\/ETR-246x245.gif 246w\" sizes=\"(max-width: 89px) 100vw, 89px\" \/><\/a><\/span><\/td>\n<\/tr>\n<\/tbody>\n<\/table>\n<div id=\"style2\"><\/div>\n<div id=\"style2\"><\/div>\n<\/div>\n","protected":false},"excerpt":{"rendered":"<p>Navodila za uporabo Evropskega znaka za lahko berljive in razumljive informacije Evropsko zdru\u017eenje za vklju\u010devanje (Inclusion Europe) je izdelalo znak za lahko berljive in razumljive informacije.Besedilo, ki je ozna\u010deno s tem znakom, je lahko za branje in razumevanje. Ta znak lahko uporabi vsakdo. Uporabimo ga zato, da opozorimo, da je tiskano ali elektronsko besedilo lahko [&hellip;]<\/p>\n","protected":false},"author":1,"featured_media":0,"parent":0,"menu_order":0,"comment_status":"closed","ping_status":"closed","template":"","meta":[],"_links":{"self":[{"href":"https:\/\/easy-to-read.inclusion-europe.eu\/sl\/wp-json\/wp\/v2\/pages\/163"}],"collection":[{"href":"https:\/\/easy-to-read.inclusion-europe.eu\/sl\/wp-json\/wp\/v2\/pages"}],"about":[{"href":"https:\/\/easy-to-read.inclusion-europe.eu\/sl\/wp-json\/wp\/v2\/types\/page"}],"author":[{"embeddable":true,"href":"https:\/\/easy-to-read.inclusion-europe.eu\/sl\/wp-json\/wp\/v2\/users\/1"}],"replies":[{"embeddable":true,"href":"https:\/\/easy-to-read.inclusion-europe.eu\/sl\/wp-json\/wp\/v2\/comments?post=163"}],"version-history":[{"count":7,"href":"https:\/\/easy-to-read.inclusion-europe.eu\/sl\/wp-json\/wp\/v2\/pages\/163\/revisions"}],"predecessor-version":[{"id":1350,"href":"https:\/\/easy-to-read.inclusion-europe.eu\/sl\/wp-json\/wp\/v2\/pages\/163\/revisions\/1350"}],"wp:attachment":[{"href":"https:\/\/easy-to-read.inclusion-europe.eu\/sl\/wp-json\/wp\/v2\/media?parent=163"}],"curies":[{"name":"wp","href":"https:\/\/api.w.org\/{rel}","templated":true}]}}