{"id":139,"date":"2014-12-14T17:16:41","date_gmt":"2014-12-14T17:16:41","guid":{"rendered":"http:\/\/easy-to-read.eu\/?page_id=139"},"modified":"2015-02-07T16:53:37","modified_gmt":"2015-02-07T16:53:37","slug":"8-2","status":"publish","type":"page","link":"https:\/\/easy-to-read.inclusion-europe.eu\/sl\/","title":{"rendered":"DOMOV"},"content":{"rendered":"<h3><span style=\"color: #008000;\"><br \/>\nI<strong>nformacije, ki jih pripravimo, morajo biti dostopne!<\/strong><\/span><\/h3>\n<p>Za ljudi z motnjami v du\u0161evnem razvoju je zelo pomembno,<br \/>\nda so informacije dostopne.<\/p>\n<p>Pomagajo jim.<\/p>\n<ul>\n<li>da se u\u010dijo novih spretnosti<\/li>\n<li>da sodelujejo v dru\u017ebi<\/li>\n<li>da poznajo svoje pravice in jih zagovarjajo<\/li>\n<li>da sami sprejemajo odlo\u010ditve.<\/li>\n<\/ul>\n<p>Ljudje z motnjami v du\u0161evnem razvoju imajo pravico do informacij,<br \/>\nki so lahko berljive in razumljive.<\/p>\n","protected":false},"excerpt":{"rendered":"<p>Informacije, ki jih pripravimo, morajo biti dostopne! Za ljudi z motnjami v du\u0161evnem razvoju je zelo pomembno, da so informacije dostopne. Pomagajo jim. da se u\u010dijo novih spretnosti da sodelujejo v dru\u017ebi da poznajo svoje pravice in jih zagovarjajo da sami sprejemajo odlo\u010ditve. Ljudje z motnjami v du\u0161evnem razvoju imajo pravico do informacij, ki so [&hellip;]<\/p>\n","protected":false},"author":1,"featured_media":0,"parent":0,"menu_order":0,"comment_status":"closed","ping_status":"closed","template":"","meta":[],"_links":{"self":[{"href":"https:\/\/easy-to-read.inclusion-europe.eu\/sl\/wp-json\/wp\/v2\/pages\/139"}],"collection":[{"href":"https:\/\/easy-to-read.inclusion-europe.eu\/sl\/wp-json\/wp\/v2\/pages"}],"about":[{"href":"https:\/\/easy-to-read.inclusion-europe.eu\/sl\/wp-json\/wp\/v2\/types\/page"}],"author":[{"embeddable":true,"href":"https:\/\/easy-to-read.inclusion-europe.eu\/sl\/wp-json\/wp\/v2\/users\/1"}],"replies":[{"embeddable":true,"href":"https:\/\/easy-to-read.inclusion-europe.eu\/sl\/wp-json\/wp\/v2\/comments?post=139"}],"version-history":[{"count":4,"href":"https:\/\/easy-to-read.inclusion-europe.eu\/sl\/wp-json\/wp\/v2\/pages\/139\/revisions"}],"predecessor-version":[{"id":1173,"href":"https:\/\/easy-to-read.inclusion-europe.eu\/sl\/wp-json\/wp\/v2\/pages\/139\/revisions\/1173"}],"wp:attachment":[{"href":"https:\/\/easy-to-read.inclusion-europe.eu\/sl\/wp-json\/wp\/v2\/media?parent=139"}],"curies":[{"name":"wp","href":"https:\/\/api.w.org\/{rel}","templated":true}]}}