{"id":244,"date":"2014-12-18T19:48:50","date_gmt":"2014-12-18T19:48:50","guid":{"rendered":"http:\/\/easy-to-read.eu\/?page_id=244"},"modified":"2014-12-22T11:30:21","modified_gmt":"2014-12-22T11:30:21","slug":"teaching-materials","status":"publish","type":"page","link":"https:\/\/easy-to-read.inclusion-europe.eu\/sk\/teaching-materials\/","title":{"rendered":"Materi\u00e1ly"},"content":{"rendered":"<h3>&nbsp;<\/h3>\n<h3><span style=\"color: #008000;\">\u010eal\u0161ie vzdel\u00e1vacie materi\u00e1ly<\/span><\/h3>\n<p>V\u00a0praxi pri vzdel\u00e1van\u00ed \u0161koliacich pracovn\u00edkov v\u00a0oblasti met\u00f3d tvorby \u013eahko \u010ditate\u013en\u00fdch textov a\u00a0zapojen\u00ed os\u00f4b s\u00a0ment\u00e1lnym postihnut\u00edm do procesu tvorby textov v\u00e1m m\u00f4\u017eu pom\u00f4c\u0165 nasleduj\u00face materi\u00e1ly.<a href=\"http:\/\/easy-to-read.inclusion-europe.eu\/wp-content\/uploads\/2014\/12\/SK_brochures.jpg\"><img loading=\"lazy\" class=\" size-medium wp-image-681 aligncenter\" src=\"http:\/\/easy-to-read.inclusion-europe.eu\/wp-content\/uploads\/2014\/12\/SK_brochures-300x278.jpg\" alt=\"SK_brochures\" width=\"300\" height=\"278\" srcset=\"https:\/\/easy-to-read.inclusion-europe.eu\/wp-content\/uploads\/2014\/12\/SK_brochures-300x278.jpg 300w, https:\/\/easy-to-read.inclusion-europe.eu\/wp-content\/uploads\/2014\/12\/SK_brochures-529x490.jpg 529w, https:\/\/easy-to-read.inclusion-europe.eu\/wp-content\/uploads\/2014\/12\/SK_brochures-264x245.jpg 264w, https:\/\/easy-to-read.inclusion-europe.eu\/wp-content\/uploads\/2014\/12\/SK_brochures.jpg 656w\" sizes=\"(max-width: 300px) 100vw, 300px\" \/><\/a><\/p>\n<ol>\n<li><a href=\"http:\/\/easy-to-read.inclusion-europe.eu\/wp-content\/uploads\/2014\/12\/SK_Training_lifelong_learning_staff.pdf\" target=\"_blank\">\u0160koliaci program pre pracovn\u00ed<\/a><a href=\"http:\/\/easy-to-read.inclusion-europe.eu\/wp-content\/uploads\/2014\/12\/SK_Training_lifelong_learning_staff.pdf\" target=\"_blank\">kov v\u00a0oblasti celo\u017eivotn\u00e9ho vzdel\u00e1vania<\/a> zameran\u00fd na vzdel\u00e1vanie v\u00a0oblasti tvorby \u013eahko \u010ditate\u013en\u00fdch a\u00a0\u013eahko zrozumite\u013en\u00fdch textov.<\/li>\n<li><a href=\"http:\/\/easy-to-read.inclusion-europe.eu\/wp-content\/uploads\/2014\/12\/SK_Methodology.pdf\">Usmernenia t\u00fdkaj\u00face sa zapojenia os\u00f4b s\u00a0ment\u00e1lnym postihnut\u00edm<\/a> do tvorby \u013eahko \u010ditate\u013en\u00fdch a\u00a0\u013eahko zrozumite\u013en\u00fdch textov.<\/li>\n<\/ol>\n","protected":false},"excerpt":{"rendered":"<p>&nbsp; \u010eal\u0161ie vzdel\u00e1vacie materi\u00e1ly V\u00a0praxi pri vzdel\u00e1van\u00ed \u0161koliacich pracovn\u00edkov v\u00a0oblasti met\u00f3d tvorby \u013eahko \u010ditate\u013en\u00fdch textov a\u00a0zapojen\u00ed os\u00f4b s\u00a0ment\u00e1lnym postihnut\u00edm do procesu tvorby textov v\u00e1m m\u00f4\u017eu pom\u00f4c\u0165 nasleduj\u00face materi\u00e1ly. \u0160koliaci program pre pracovn\u00edkov v\u00a0oblasti celo\u017eivotn\u00e9ho vzdel\u00e1vania zameran\u00fd na vzdel\u00e1vanie v\u00a0oblasti tvorby \u013eahko \u010ditate\u013en\u00fdch a\u00a0\u013eahko zrozumite\u013en\u00fdch textov. Usmernenia t\u00fdkaj\u00face sa zapojenia os\u00f4b s\u00a0ment\u00e1lnym postihnut\u00edm do tvorby \u013eahko [&hellip;]<\/p>\n","protected":false},"author":1,"featured_media":0,"parent":0,"menu_order":0,"comment_status":"closed","ping_status":"closed","template":"","meta":[],"_links":{"self":[{"href":"https:\/\/easy-to-read.inclusion-europe.eu\/sk\/wp-json\/wp\/v2\/pages\/244"}],"collection":[{"href":"https:\/\/easy-to-read.inclusion-europe.eu\/sk\/wp-json\/wp\/v2\/pages"}],"about":[{"href":"https:\/\/easy-to-read.inclusion-europe.eu\/sk\/wp-json\/wp\/v2\/types\/page"}],"author":[{"embeddable":true,"href":"https:\/\/easy-to-read.inclusion-europe.eu\/sk\/wp-json\/wp\/v2\/users\/1"}],"replies":[{"embeddable":true,"href":"https:\/\/easy-to-read.inclusion-europe.eu\/sk\/wp-json\/wp\/v2\/comments?post=244"}],"version-history":[{"count":8,"href":"https:\/\/easy-to-read.inclusion-europe.eu\/sk\/wp-json\/wp\/v2\/pages\/244\/revisions"}],"predecessor-version":[{"id":745,"href":"https:\/\/easy-to-read.inclusion-europe.eu\/sk\/wp-json\/wp\/v2\/pages\/244\/revisions\/745"}],"wp:attachment":[{"href":"https:\/\/easy-to-read.inclusion-europe.eu\/sk\/wp-json\/wp\/v2\/media?parent=244"}],"curies":[{"name":"wp","href":"https:\/\/api.w.org\/{rel}","templated":true}]}}