{"id":204,"date":"2014-12-14T17:37:30","date_gmt":"2014-12-14T17:37:30","guid":{"rendered":"http:\/\/easy-to-read.eu\/?page_id=204"},"modified":"2014-12-22T11:46:09","modified_gmt":"2014-12-22T11:46:09","slug":"projects","status":"publish","type":"page","link":"https:\/\/easy-to-read.inclusion-europe.eu\/sk\/projects\/","title":{"rendered":"Projekty"},"content":{"rendered":"<h3>&nbsp;<\/h3>\n<h1><span style=\"color: #008000;\">Vytv\u00e1ranie ciest k\u00a0celo\u017eivotn\u00e9mu vzdel\u00e1vaniu dospel\u00fdch \u013eud\u00ed s\u00a0ment\u00e1lnym postihnut\u00edm<\/span><\/h1>\n<p>Celo\u017eivotn\u00e9 vzdel\u00e1vanie neznamen\u00e1 pre osoby s\u00a0ment\u00e1lnym postihnut\u00edm len u\u010di\u0165 sa nov\u00e9 zru\u010dnosti alebo odborn\u00fa pr\u00edpravu Znamen\u00e1 aj zapojenie sa do spolo\u010dnosti, mo\u017enos\u0165 samostatn\u00e9ho zast\u00fapenia a\u00a0mo\u017enos\u0165 v\u00e4\u010d\u0161ieho vplyvu na ka\u017edodenn\u00fd \u017eivot a\u00a0vlastn\u00fa bud\u00facnos\u0165. Av\u0161ak jednou z\u00a0najv\u00e4\u010d\u0161\u00edch prek\u00e1\u017eok pr\u00edstupu os\u00f4b s\u00a0ment\u00e1lnym postihnut\u00edm k\u00a0programom celo\u017eivotn\u00e9ho vzdel\u00e1vania je nedostatok pr\u00edstupn\u00fdch materi\u00e1lov odbornej pr\u00edpravy dospel\u00fdch a\u00a0informa\u010dn\u00fdch materi\u00e1lov v\u00a0\u013eahko zrozumite\u013enom jazyku.<\/p>\n<p>S\u00a0cie\u013eom zlep\u0161i\u0165 pr\u00edstupnos\u0165 t\u00fdchto programov sa v\u00a0r\u00e1mci projektov Pathways (Vytv\u00e1ranie ciest) vypracovali eur\u00f3pske z\u00e1sady \u013eahkej \u010ditate\u013enosti materi\u00e1lov na vzdel\u00e1vanie dospel\u00fdch a\u00a0elektronick\u00e9 vzdel\u00e1vanie. Projekty Pathways II stavaj\u00fa na v\u00fdsledkoch p\u00f4vodn\u00e9ho projektu Pathways a\u00a0zvy\u0161uj\u00fa jeho dosah, pri\u010dom pokr\u00fdvaj\u00fa takmer cel\u00fa Eur\u00f3psku \u00faniu. \u010eal\u0161ie inform\u00e1cie o\u00a0projekte Pathways n\u00e1jdete na <a href=\"http:\/\/www.life-long-learning.eu\/\">www.life-long-learning.eu<\/a>.<\/p>\n<table border=\"0\">\n<tbody>\n<tr>\n<td><img loading=\"lazy\" src=\"http:\/\/www.inclusion-europe.org\/etr\/images\/M_images\/EU_flag_LLP_EN-01_web.gif\" alt=\"EU flag LLP EN-01 web\" width=\"250\" height=\"97\" \/><\/td>\n<td>S\u00a0podporou programu celo\u017eivotn\u00e9ho vzdel\u00e1vania Eur\u00f3pskej \u00fanie<\/td>\n<\/tr>\n<\/tbody>\n<\/table>\n","protected":false},"excerpt":{"rendered":"<p>&nbsp; Vytv\u00e1ranie ciest k\u00a0celo\u017eivotn\u00e9mu vzdel\u00e1vaniu dospel\u00fdch \u013eud\u00ed s\u00a0ment\u00e1lnym postihnut\u00edm Celo\u017eivotn\u00e9 vzdel\u00e1vanie neznamen\u00e1 pre osoby s\u00a0ment\u00e1lnym postihnut\u00edm len u\u010di\u0165 sa nov\u00e9 zru\u010dnosti alebo odborn\u00fa pr\u00edpravu Znamen\u00e1 aj zapojenie sa do spolo\u010dnosti, mo\u017enos\u0165 samostatn\u00e9ho zast\u00fapenia a\u00a0mo\u017enos\u0165 v\u00e4\u010d\u0161ieho vplyvu na ka\u017edodenn\u00fd \u017eivot a\u00a0vlastn\u00fa bud\u00facnos\u0165. Av\u0161ak jednou z\u00a0najv\u00e4\u010d\u0161\u00edch prek\u00e1\u017eok pr\u00edstupu os\u00f4b s\u00a0ment\u00e1lnym postihnut\u00edm k\u00a0programom celo\u017eivotn\u00e9ho vzdel\u00e1vania je nedostatok pr\u00edstupn\u00fdch [&hellip;]<\/p>\n","protected":false},"author":1,"featured_media":0,"parent":0,"menu_order":0,"comment_status":"closed","ping_status":"closed","template":"","meta":[],"_links":{"self":[{"href":"https:\/\/easy-to-read.inclusion-europe.eu\/sk\/wp-json\/wp\/v2\/pages\/204"}],"collection":[{"href":"https:\/\/easy-to-read.inclusion-europe.eu\/sk\/wp-json\/wp\/v2\/pages"}],"about":[{"href":"https:\/\/easy-to-read.inclusion-europe.eu\/sk\/wp-json\/wp\/v2\/types\/page"}],"author":[{"embeddable":true,"href":"https:\/\/easy-to-read.inclusion-europe.eu\/sk\/wp-json\/wp\/v2\/users\/1"}],"replies":[{"embeddable":true,"href":"https:\/\/easy-to-read.inclusion-europe.eu\/sk\/wp-json\/wp\/v2\/comments?post=204"}],"version-history":[{"count":7,"href":"https:\/\/easy-to-read.inclusion-europe.eu\/sk\/wp-json\/wp\/v2\/pages\/204\/revisions"}],"predecessor-version":[{"id":763,"href":"https:\/\/easy-to-read.inclusion-europe.eu\/sk\/wp-json\/wp\/v2\/pages\/204\/revisions\/763"}],"wp:attachment":[{"href":"https:\/\/easy-to-read.inclusion-europe.eu\/sk\/wp-json\/wp\/v2\/media?parent=204"}],"curies":[{"name":"wp","href":"https:\/\/api.w.org\/{rel}","templated":true}]}}