{"id":176,"date":"2014-12-14T17:26:25","date_gmt":"2014-12-14T17:26:25","guid":{"rendered":"http:\/\/easy-to-read.eu\/?page_id=176"},"modified":"2014-12-22T11:24:41","modified_gmt":"2014-12-22T11:24:41","slug":"european-standards","status":"publish","type":"page","link":"https:\/\/easy-to-read.inclusion-europe.eu\/sk\/european-standards\/","title":{"rendered":"Eur\u00f3pske pravidl\u00e1"},"content":{"rendered":"<h3>&nbsp;<\/h3>\n<h3><span style=\"color: #008000;\">Eur\u00f3pske pravidl\u00e1 tvorby \u013eahko \u010ditate\u013en\u00fdch a\u00a0\u013eahko zrozumite\u013en\u00fdch inform\u00e1ci\u00ed<\/span><\/h3>\n<table>\n<tbody>\n<tr>\n<td style=\"vertical-align: top;\">Potrebujeme viac inform\u00e1ci\u00ed, ktor\u00e9 s\u00fa \u013eahko \u010ditate\u013en\u00e9 a\u00a0\u013eahko zrozumite\u013en\u00e9.<br \/>\nPotrebujeme postupova\u0165 rovnako.<br \/>\nPotrebujeme postupova\u0165 spr\u00e1vne.<br \/>\nPri tvorbe \u013eahko \u010ditate\u013en\u00fdch a\u00a0\u013eahko zrozumite\u013en\u00fdch inform\u00e1ci\u00ed v\u00e1m pom\u00f4\u017eu nasleduj\u00face jednoduch\u00e9 pravidl\u00e1.<\/p>\n<p><a href=\"http:\/\/easy-to-read.inclusion-europe.eu\/wp-content\/uploads\/2014\/12\/SK_Information_for_all.pdf\" target=\"_blank\">Eur\u00f3pske pravidl\u00e1 si m\u00f4\u017eete stiahnu\u0165 kliknut\u00edm sem.<\/a><\/p>\n<p>Tieto pravidl\u00e1 s\u00fa dostupn\u00e9 v\u00a0\u010fal\u0161\u00edch 15 jazykoch.<\/td>\n<td><span style=\"color: #ffffff;\">..<\/span><\/td>\n<td><a href=\"http:\/\/easy-to-read.inclusion-europe.eu\/wp-content\/uploads\/2014\/12\/SK_Information_for_all.pdf\" target=\"_blank\"><img loading=\"lazy\" class=\"alignnone size-medium wp-image-682\" src=\"http:\/\/easy-to-read.inclusion-europe.eu\/wp-content\/uploads\/2014\/12\/SK_Information_for_all-206x300.jpg\" alt=\"SK_Information_for_all\" width=\"206\" height=\"300\" srcset=\"https:\/\/easy-to-read.inclusion-europe.eu\/wp-content\/uploads\/2014\/12\/SK_Information_for_all-206x300.jpg 206w, https:\/\/easy-to-read.inclusion-europe.eu\/wp-content\/uploads\/2014\/12\/SK_Information_for_all-336x490.jpg 336w, https:\/\/easy-to-read.inclusion-europe.eu\/wp-content\/uploads\/2014\/12\/SK_Information_for_all-168x245.jpg 168w, https:\/\/easy-to-read.inclusion-europe.eu\/wp-content\/uploads\/2014\/12\/SK_Information_for_all.jpg 612w\" sizes=\"(max-width: 206px) 100vw, 206px\" \/><\/a><\/td>\n<\/tr>\n<\/tbody>\n<\/table>\n<\/div>\n","protected":false},"excerpt":{"rendered":"<p>&nbsp; Eur\u00f3pske pravidl\u00e1 tvorby \u013eahko \u010ditate\u013en\u00fdch a\u00a0\u013eahko zrozumite\u013en\u00fdch inform\u00e1ci\u00ed Potrebujeme viac inform\u00e1ci\u00ed, ktor\u00e9 s\u00fa \u013eahko \u010ditate\u013en\u00e9 a\u00a0\u013eahko zrozumite\u013en\u00e9. Potrebujeme postupova\u0165 rovnako. Potrebujeme postupova\u0165 spr\u00e1vne. Pri tvorbe \u013eahko \u010ditate\u013en\u00fdch a\u00a0\u013eahko zrozumite\u013en\u00fdch inform\u00e1ci\u00ed v\u00e1m pom\u00f4\u017eu nasleduj\u00face jednoduch\u00e9 pravidl\u00e1. Eur\u00f3pske pravidl\u00e1 si m\u00f4\u017eete stiahnu\u0165 kliknut\u00edm sem. Tieto pravidl\u00e1 s\u00fa dostupn\u00e9 v\u00a0\u010fal\u0161\u00edch 15 jazykoch. ..<\/p>\n","protected":false},"author":1,"featured_media":0,"parent":0,"menu_order":0,"comment_status":"closed","ping_status":"closed","template":"","meta":[],"_links":{"self":[{"href":"https:\/\/easy-to-read.inclusion-europe.eu\/sk\/wp-json\/wp\/v2\/pages\/176"}],"collection":[{"href":"https:\/\/easy-to-read.inclusion-europe.eu\/sk\/wp-json\/wp\/v2\/pages"}],"about":[{"href":"https:\/\/easy-to-read.inclusion-europe.eu\/sk\/wp-json\/wp\/v2\/types\/page"}],"author":[{"embeddable":true,"href":"https:\/\/easy-to-read.inclusion-europe.eu\/sk\/wp-json\/wp\/v2\/users\/1"}],"replies":[{"embeddable":true,"href":"https:\/\/easy-to-read.inclusion-europe.eu\/sk\/wp-json\/wp\/v2\/comments?post=176"}],"version-history":[{"count":8,"href":"https:\/\/easy-to-read.inclusion-europe.eu\/sk\/wp-json\/wp\/v2\/pages\/176\/revisions"}],"predecessor-version":[{"id":740,"href":"https:\/\/easy-to-read.inclusion-europe.eu\/sk\/wp-json\/wp\/v2\/pages\/176\/revisions\/740"}],"wp:attachment":[{"href":"https:\/\/easy-to-read.inclusion-europe.eu\/sk\/wp-json\/wp\/v2\/media?parent=176"}],"curies":[{"name":"wp","href":"https:\/\/api.w.org\/{rel}","templated":true}]}}