{"id":162,"date":"2014-12-14T17:30:46","date_gmt":"2014-12-14T17:30:46","guid":{"rendered":"http:\/\/easy-to-read.eu\/?page_id=162"},"modified":"2019-04-15T14:54:52","modified_gmt":"2019-04-15T14:54:52","slug":"european-logo","status":"publish","type":"page","link":"https:\/\/easy-to-read.inclusion-europe.eu\/sk\/european-logo\/","title":{"rendered":"Eur\u00f3pske logo"},"content":{"rendered":"<h3><\/h3>\n<h3><span style=\"color: #008000;\"><strong>Ako pou\u017e\u00edva\u0165 eur\u00f3pske logo \u013eahkej \u010ditate\u013enosti?<\/strong><\/span><\/h3>\n<p>Asoci\u00e1cia <a href=\"http:\/\/www.inclusion-europe.org\" target=\"_blank\" rel=\"noopener\">Inclusion Europe<\/a> vytvorila logo na ozna\u010dovanie \u013eahko \u010ditate\u013en\u00fdch textov.<\/p>\n<p>Ak je na dokumente uveden\u00e9 toto logo,<br \/>\nznamen\u00e1 to, \u017ee tento dokument je \u013eahko \u010ditate\u013en\u00fd a\u00a0\u013eahko zrozumite\u013en\u00fd.<\/p>\n<p>Toto logo m\u00f4\u017ee pou\u017e\u00edva\u0165 ktoko\u013evek.<br \/>\nM\u00f4\u017eete ho pou\u017ei\u0165 v\u00a0dokumente, bro\u017e\u00fare alebo na webov\u00fdch str\u00e1nkach, ktor\u00e9 s\u00fa \u013eahko \u010ditate\u013en\u00e9.<br \/>\nPou\u017eitie loga je bezplatn\u00e9.<\/p>\n<p>Mus\u00edte v\u0161ak dodr\u017ea\u0165 ist\u00e9 pravidl\u00e1:<\/p>\n<ul>\n<li>Dokument mus\u00ed by\u0165 nap\u00edsan\u00fd pod\u013ea pravidiel<br \/>\no\u00a0\u013eahko \u010ditate\u013en\u00fdch inform\u00e1ci\u00e1ch.<br \/>\nTieto pravidl\u00e1 sa naz\u00fdvaj\u00fa Eur\u00f3pske pravidl\u00e1<br \/>\ntvorby \u013eahko \u010ditate\u013en\u00fdch a\u00a0\u013eahko zrozumite\u013en\u00fdch inform\u00e1ci\u00ed.<\/li>\n<li>V\u00e1\u0161 dokument si pre\u010d\u00edtala minim\u00e1lne jedna osoba s\u00a0ment\u00e1lnym postihnut\u00edm<br \/>\na\u00a0vyjadrila sa, \u017ee je \u013eahko \u010ditate\u013en\u00fd a\u00a0\u013eahko zrozumite\u013en\u00fd.<\/li>\n<\/ul>\n<p>Pozrite si aj niektor\u00e9 \u010fal\u0161ie pravidl\u00e1<br \/>\nt\u00fdkaj\u00face sa pou\u017e\u00edvania loga \u013eahkej \u010ditate\u013enosti.<\/p>\n<p>&nbsp;<\/p>\n<p style=\"text-align: center;\"><strong>Podmienky pou\u017e\u00edvania loga \u013eahkej \u010ditate\u013enosti<\/strong><\/p>\n<ol>\n<li>Pou\u017e\u00edvatelia tohto loga sa musia riadi\u0165 Eur\u00f3pskymi pravidlami tvorby \u013eahko \u010ditate\u013en\u00fdch a\u00a0\u013eahko zrozumite\u013en\u00fdch inform\u00e1ci\u00ed.<\/li>\n<li>Pri pou\u017eit\u00ed loga je potrebn\u00e9 dodr\u017ea\u0165 nasleduj\u00face grafick\u00e9 spracovanie:\n<ol>\n<li>Farba: Modr\u00e1:<\/li>\n<\/ol>\n<\/li>\n<\/ol>\n<ul>\n<li>PANTONE \u2013 072;<\/li>\n<li>CMYK \u2013 az\u00farov\u00e1 100\u00a0%, purpurov\u00e1 87\u00a0%, \u010dierna 6\u00a0%;<\/li>\n<li>RVB: 26-63-147;<\/li>\n<li>WEB: #333399\n<ol>\n<li>Minim\u00e1lna ve\u013ekos\u0165: 15\u00a0mm<\/li>\n<\/ol>\n<\/li>\n<\/ul>\n<ol start=\"3\">\n<li>Va\u0161u publik\u00e1ciu by mala korigova\u0165 minim\u00e1lne jedna osoba s\u00a0ment\u00e1lny postihnut\u00edm, ktorej rodn\u00fd jazyk je jazykom va\u0161ej publik\u00e1cie. Men\u00e1 korektorov by mali by\u0165 uveden\u00e9 v\u00a0bro\u017e\u00fare.<\/li>\n<li>V\u00a0publik\u00e1cii mus\u00edte uvies\u0165 nasleduj\u00face vyhl\u00e1senie: \u00a9 Eur\u00f3pske logo \u013eahkej \u010ditate\u013enosti: Asoci\u00e1cia Inclusion Europe. \u010eal\u0161ie inform\u00e1cie: easy-to-read.eu\u201d.<\/li>\n<\/ol>\n<p>Asoci\u00e1cia Inclusion Europe si vyhradzuje pr\u00e1vo odobra\u0165 povolenie pou\u017ei\u0165 eur\u00f3pske logo \u013eahkej \u010ditate\u013enosti, ak odovzdan\u00e9 publik\u00e1cie vyvol\u00e1vaj\u00fa v\u00e1\u017ene pochybnosti, \u017ee pri ich pr\u00edprave boli dodr\u017ean\u00e9 pravidl\u00e1 \u013eahkej \u010ditate\u013enosti.<\/p>\n<table border=\"2\">\n<tbody>\n<tr>\n<td style=\"vertical-align: middle;\"><span class=\"hps\">Logo \u013eahkej \u010ditate\u013enosti\u00a0&#8230;&#8230;&#8230;&#8230;&#8230;&#8230;&#8230;&#8230;&#8230;&#8230;&#8230;&#8230;&#8230;. gif<\/span><\/td>\n<td><span class=\"hps\"><a href=\"http:\/\/easy-to-read.inclusion-europe.eu\/wp-content\/uploads\/2014\/12\/ETR.gif\" target=\"_blank\" rel=\"noopener\"><img loading=\"lazy\" class=\"alignnone wp-image-81\" src=\"http:\/\/easy-to-read.inclusion-europe.eu\/wp-content\/uploads\/2014\/12\/ETR-300x297.gif\" alt=\"ETR\" width=\"89\" height=\"88\" srcset=\"https:\/\/easy-to-read.inclusion-europe.eu\/wp-content\/uploads\/2014\/12\/ETR-300x297.gif 300w, https:\/\/easy-to-read.inclusion-europe.eu\/wp-content\/uploads\/2014\/12\/ETR-150x150.gif 150w, https:\/\/easy-to-read.inclusion-europe.eu\/wp-content\/uploads\/2014\/12\/ETR-493x490.gif 493w, https:\/\/easy-to-read.inclusion-europe.eu\/wp-content\/uploads\/2014\/12\/ETR-246x245.gif 246w\" sizes=\"(max-width: 89px) 100vw, 89px\" \/><\/a><\/span><\/td>\n<\/tr>\n<tr>\n<td style=\"vertical-align: middle;\"><span class=\"hps\">Logo \u013eahkej \u010ditate\u013enosti\u00a0&#8230;&#8230;&#8230;&#8230;&#8230;&#8230;&#8230;&#8230;&#8230;&#8230;&#8230;&#8230;&#8230; jpg<\/span><\/td>\n<td><span class=\"hps\"><a href=\"http:\/\/easy-to-read.inclusion-europe.eu\/wp-content\/uploads\/2014\/12\/ETR.jpg\" target=\"_blank\" rel=\"noopener\"><img loading=\"lazy\" class=\"alignnone wp-image-81\" src=\"http:\/\/easy-to-read.inclusion-europe.eu\/wp-content\/uploads\/2014\/12\/ETR-300x297.gif\" alt=\"ETR\" width=\"89\" height=\"88\" srcset=\"https:\/\/easy-to-read.inclusion-europe.eu\/wp-content\/uploads\/2014\/12\/ETR-300x297.gif 300w, https:\/\/easy-to-read.inclusion-europe.eu\/wp-content\/uploads\/2014\/12\/ETR-150x150.gif 150w, https:\/\/easy-to-read.inclusion-europe.eu\/wp-content\/uploads\/2014\/12\/ETR-493x490.gif 493w, https:\/\/easy-to-read.inclusion-europe.eu\/wp-content\/uploads\/2014\/12\/ETR-246x245.gif 246w\" sizes=\"(max-width: 89px) 100vw, 89px\" \/><\/a><\/span><\/td>\n<\/tr>\n<tr>\n<td style=\"vertical-align: middle;\"><span class=\"hps\">Logo \u013eahkej \u010ditate\u013enosti\u00a0&#8230;&#8230;&#8230;&#8230;&#8230;&#8230;&#8230;&#8230;&#8230;&#8230;&#8230;&#8230;&#8230; tiff<\/span><\/td>\n<td><span class=\"hps\"><a href=\"http:\/\/easy-to-read.inclusion-europe.eu\/wp-content\/uploads\/2014\/12\/ETR.tiff\" target=\"_blank\" rel=\"noopener\"><img loading=\"lazy\" class=\"alignnone wp-image-81\" src=\"http:\/\/easy-to-read.inclusion-europe.eu\/wp-content\/uploads\/2014\/12\/ETR-300x297.gif\" alt=\"ETR\" width=\"89\" height=\"88\" srcset=\"https:\/\/easy-to-read.inclusion-europe.eu\/wp-content\/uploads\/2014\/12\/ETR-300x297.gif 300w, https:\/\/easy-to-read.inclusion-europe.eu\/wp-content\/uploads\/2014\/12\/ETR-150x150.gif 150w, https:\/\/easy-to-read.inclusion-europe.eu\/wp-content\/uploads\/2014\/12\/ETR-493x490.gif 493w, https:\/\/easy-to-read.inclusion-europe.eu\/wp-content\/uploads\/2014\/12\/ETR-246x245.gif 246w\" sizes=\"(max-width: 89px) 100vw, 89px\" \/><\/a><\/span><\/td>\n<\/tr>\n<\/tbody>\n<\/table>\n<div id=\"style2\"><\/div>\n<div id=\"style2\"><\/div>\n","protected":false},"excerpt":{"rendered":"<p>Ako pou\u017e\u00edva\u0165 eur\u00f3pske logo \u013eahkej \u010ditate\u013enosti? Asoci\u00e1cia Inclusion Europe vytvorila logo na ozna\u010dovanie \u013eahko \u010ditate\u013en\u00fdch textov. Ak je na dokumente uveden\u00e9 toto logo, znamen\u00e1 to, \u017ee tento dokument je \u013eahko \u010ditate\u013en\u00fd a\u00a0\u013eahko zrozumite\u013en\u00fd. Toto logo m\u00f4\u017ee pou\u017e\u00edva\u0165 ktoko\u013evek. M\u00f4\u017eete ho pou\u017ei\u0165 v\u00a0dokumente, bro\u017e\u00fare alebo na webov\u00fdch str\u00e1nkach, ktor\u00e9 s\u00fa \u013eahko \u010ditate\u013en\u00e9. Pou\u017eitie loga je bezplatn\u00e9. [&hellip;]<\/p>\n","protected":false},"author":1,"featured_media":0,"parent":0,"menu_order":0,"comment_status":"closed","ping_status":"closed","template":"","meta":[],"_links":{"self":[{"href":"https:\/\/easy-to-read.inclusion-europe.eu\/sk\/wp-json\/wp\/v2\/pages\/162"}],"collection":[{"href":"https:\/\/easy-to-read.inclusion-europe.eu\/sk\/wp-json\/wp\/v2\/pages"}],"about":[{"href":"https:\/\/easy-to-read.inclusion-europe.eu\/sk\/wp-json\/wp\/v2\/types\/page"}],"author":[{"embeddable":true,"href":"https:\/\/easy-to-read.inclusion-europe.eu\/sk\/wp-json\/wp\/v2\/users\/1"}],"replies":[{"embeddable":true,"href":"https:\/\/easy-to-read.inclusion-europe.eu\/sk\/wp-json\/wp\/v2\/comments?post=162"}],"version-history":[{"count":7,"href":"https:\/\/easy-to-read.inclusion-europe.eu\/sk\/wp-json\/wp\/v2\/pages\/162\/revisions"}],"predecessor-version":[{"id":1349,"href":"https:\/\/easy-to-read.inclusion-europe.eu\/sk\/wp-json\/wp\/v2\/pages\/162\/revisions\/1349"}],"wp:attachment":[{"href":"https:\/\/easy-to-read.inclusion-europe.eu\/sk\/wp-json\/wp\/v2\/media?parent=162"}],"curies":[{"name":"wp","href":"https:\/\/api.w.org\/{rel}","templated":true}]}}