{"id":138,"date":"2014-12-14T17:16:41","date_gmt":"2014-12-14T17:16:41","guid":{"rendered":"http:\/\/easy-to-read.eu\/?page_id=138"},"modified":"2014-12-22T11:08:42","modified_gmt":"2014-12-22T11:08:42","slug":"8-2","status":"publish","type":"page","link":"https:\/\/easy-to-read.inclusion-europe.eu\/sk\/","title":{"rendered":"Domov"},"content":{"rendered":"<h3><span style=\"color: #008000;\"><br \/>\n<strong>Vytv\u00e1rajte pr\u00edstupn\u00e9 inform\u00e1cie!<\/strong><\/span><\/h3>\n<p>Pre \u013eud\u00ed s\u00a0ment\u00e1lnym postihnut\u00edm maj\u00fa inform\u00e1cie mimoriadny v\u00fdznam.<\/p>\n<ul>\n<li>Aby sa mohli nau\u010di\u0165 nov\u00e9 veci.<\/li>\n<li>Aby sa stali s\u00fa\u010das\u0165ou spolo\u010dnosti.<\/li>\n<li>Aby poznali svoje pr\u00e1va a\u00a0dom\u00e1hali sa ich.<\/li>\n<li>Aby sa mohli rozhodova\u0165 a\u00a0kona\u0165 samostatne.<\/li>\n<\/ul>\n<p>Osoby s\u00a0ment\u00e1lnym postihnut\u00edm maj\u00fa pr\u00e1vo na inform\u00e1cie, ktor\u00e9 s\u00fa \u013eahko \u010ditate\u013en\u00e9 a\u00a0\u013eahko zrozumite\u013en\u00e9.<\/p>\n","protected":false},"excerpt":{"rendered":"<p>Vytv\u00e1rajte pr\u00edstupn\u00e9 inform\u00e1cie! Pre \u013eud\u00ed s\u00a0ment\u00e1lnym postihnut\u00edm maj\u00fa inform\u00e1cie mimoriadny v\u00fdznam. Aby sa mohli nau\u010di\u0165 nov\u00e9 veci. Aby sa stali s\u00fa\u010das\u0165ou spolo\u010dnosti. Aby poznali svoje pr\u00e1va a\u00a0dom\u00e1hali sa ich. Aby sa mohli rozhodova\u0165 a\u00a0kona\u0165 samostatne. Osoby s\u00a0ment\u00e1lnym postihnut\u00edm maj\u00fa pr\u00e1vo na inform\u00e1cie, ktor\u00e9 s\u00fa \u013eahko \u010ditate\u013en\u00e9 a\u00a0\u013eahko zrozumite\u013en\u00e9.<\/p>\n","protected":false},"author":1,"featured_media":0,"parent":0,"menu_order":0,"comment_status":"closed","ping_status":"closed","template":"","meta":[],"_links":{"self":[{"href":"https:\/\/easy-to-read.inclusion-europe.eu\/sk\/wp-json\/wp\/v2\/pages\/138"}],"collection":[{"href":"https:\/\/easy-to-read.inclusion-europe.eu\/sk\/wp-json\/wp\/v2\/pages"}],"about":[{"href":"https:\/\/easy-to-read.inclusion-europe.eu\/sk\/wp-json\/wp\/v2\/types\/page"}],"author":[{"embeddable":true,"href":"https:\/\/easy-to-read.inclusion-europe.eu\/sk\/wp-json\/wp\/v2\/users\/1"}],"replies":[{"embeddable":true,"href":"https:\/\/easy-to-read.inclusion-europe.eu\/sk\/wp-json\/wp\/v2\/comments?post=138"}],"version-history":[{"count":3,"href":"https:\/\/easy-to-read.inclusion-europe.eu\/sk\/wp-json\/wp\/v2\/pages\/138\/revisions"}],"predecessor-version":[{"id":731,"href":"https:\/\/easy-to-read.inclusion-europe.eu\/sk\/wp-json\/wp\/v2\/pages\/138\/revisions\/731"}],"wp:attachment":[{"href":"https:\/\/easy-to-read.inclusion-europe.eu\/sk\/wp-json\/wp\/v2\/media?parent=138"}],"curies":[{"name":"wp","href":"https:\/\/api.w.org\/{rel}","templated":true}]}}