{"id":203,"date":"2014-12-14T17:37:30","date_gmt":"2014-12-14T17:37:30","guid":{"rendered":"http:\/\/easy-to-read.eu\/?page_id=203"},"modified":"2014-12-19T17:48:41","modified_gmt":"2014-12-19T17:48:41","slug":"projects","status":"publish","type":"page","link":"https:\/\/easy-to-read.inclusion-europe.eu\/pt-pt\/projects\/","title":{"rendered":"Projetos"},"content":{"rendered":"<div id=\"stcpDiv\">\n<h3>&nbsp;<\/h3>\n<h1><span style=\"color: #008000;\"><strong>Caminhos para a Educa\u00e7\u00e3o de Adultos para Pessoas com Defici\u00eancia Intelectual<\/strong><\/span><\/h1>\n<p>Para as pessoas com defici\u00eancia intelectual, a aprendizagem ao longo da vida n\u00e3o \u00e9 s\u00f3 sobre aprender novas compet\u00eancias ou forma\u00e7\u00e3o profissional.<\/p>\n<p>Trata-se de serem inclu\u00eddas na sociedade, serem capazes de se representarem a si mesmas e ter mais controle sobre a sua vida di\u00e1ria e o seu futuro.<br \/>\nNo entanto, uma das principais barreiras para as pessoas com defici\u00eancia intelectual no acesso aos programas de aprendizagem ao longo da vida \u00e9 a falta de forma\u00e7\u00e3o de adultos acess\u00edvel e material de informa\u00e7\u00e3o em leitura f\u00e1cil.<\/p>\n<p>Para melhorar a acessibilidade desses programas, os projetos Caminhos desenvolveram normas europeias de f\u00e1cil leitura para a educa\u00e7\u00e3o de adultos e de material e-learning. O projeto Caminhos II, constru\u00eddo sobre a heran\u00e7a do projeto original Caminhos, multiplicou o seu impacto, cobrindo quase toda a Uni\u00e3o Europeia.<\/p>\n<p>Pode encontrar mais informa\u00e7\u00f5es sobre os projetos Caminhos em <a href=\"http:\/\/www.life-long-learning.eu\/\">www.life-long-learning.eu\/<\/a>.<\/p>\n<table border=\"0\">\n<tbody>\n<tr>\n<td><img loading=\"lazy\" src=\"http:\/\/www.inclusion-europe.org\/etr\/images\/M_images\/EU_flag_LLP_EN-01_web.gif\" alt=\"EU flag LLP EN-01 web\" width=\"250\" height=\"97\" \/><\/td>\n<td>Com o apoio do Programa de Aprendizagem ao Longo da Vida da Uni\u00e3o Europeia<\/td>\n<\/tr>\n<\/tbody>\n<\/table>\n<\/div>\n","protected":false},"excerpt":{"rendered":"<p>&nbsp; Caminhos para a Educa\u00e7\u00e3o de Adultos para Pessoas com Defici\u00eancia Intelectual Para as pessoas com defici\u00eancia intelectual, a aprendizagem ao longo da vida n\u00e3o \u00e9 s\u00f3 sobre aprender novas compet\u00eancias ou forma\u00e7\u00e3o profissional. Trata-se de serem inclu\u00eddas na sociedade, serem capazes de se representarem a si mesmas e ter mais controle sobre a sua [&hellip;]<\/p>\n","protected":false},"author":1,"featured_media":0,"parent":0,"menu_order":0,"comment_status":"closed","ping_status":"closed","template":"","meta":[],"_links":{"self":[{"href":"https:\/\/easy-to-read.inclusion-europe.eu\/pt-pt\/wp-json\/wp\/v2\/pages\/203"}],"collection":[{"href":"https:\/\/easy-to-read.inclusion-europe.eu\/pt-pt\/wp-json\/wp\/v2\/pages"}],"about":[{"href":"https:\/\/easy-to-read.inclusion-europe.eu\/pt-pt\/wp-json\/wp\/v2\/types\/page"}],"author":[{"embeddable":true,"href":"https:\/\/easy-to-read.inclusion-europe.eu\/pt-pt\/wp-json\/wp\/v2\/users\/1"}],"replies":[{"embeddable":true,"href":"https:\/\/easy-to-read.inclusion-europe.eu\/pt-pt\/wp-json\/wp\/v2\/comments?post=203"}],"version-history":[{"count":3,"href":"https:\/\/easy-to-read.inclusion-europe.eu\/pt-pt\/wp-json\/wp\/v2\/pages\/203\/revisions"}],"predecessor-version":[{"id":678,"href":"https:\/\/easy-to-read.inclusion-europe.eu\/pt-pt\/wp-json\/wp\/v2\/pages\/203\/revisions\/678"}],"wp:attachment":[{"href":"https:\/\/easy-to-read.inclusion-europe.eu\/pt-pt\/wp-json\/wp\/v2\/media?parent=203"}],"curies":[{"name":"wp","href":"https:\/\/api.w.org\/{rel}","templated":true}]}}