{"id":175,"date":"2014-12-14T17:26:25","date_gmt":"2014-12-14T17:26:25","guid":{"rendered":"http:\/\/easy-to-read.eu\/?page_id=175"},"modified":"2014-12-19T17:49:02","modified_gmt":"2014-12-19T17:49:02","slug":"european-standards","status":"publish","type":"page","link":"https:\/\/easy-to-read.inclusion-europe.eu\/pt-pt\/european-standards\/","title":{"rendered":"Regras Europeias"},"content":{"rendered":"<div id=\"stcpDiv\">\n<h3>&nbsp;<\/h3>\n<h3><span style=\"color: #008000;\"><strong>Regras Europeias para fazer informa\u00e7\u00e3o f\u00e1cil de ler e de perceber<\/strong><\/span><\/h3>\n<table>\n<tbody>\n<tr>\n<td style=\"vertical-align: top;\">Precisamos de mais informa\u00e7\u00e3o f\u00e1cil de ler e de perceber.Esta informa\u00e7\u00e3o deve ser feita sempre da mesma maneira.<\/p>\n<p>Precisamos de de a fazer da maneira certa.<\/p>\n<p>Se seguirmos estas regras simples vamos tornar a nossa informa\u00e7\u00e3o f\u00e1cil de ler e de perceber.<\/p>\n<p><a href=\"http:\/\/easy-to-read.inclusion-europe.eu\/wp-content\/uploads\/2014\/12\/PT_Information_for_all.pdf\" target=\"_blank\">Clique aqui para descarregar as Normas Europeias<\/a>.<\/p>\n<p>Pode encontrar estas regras em 15 l\u00ednguas diferentes.<\/td>\n<td><span style=\"color: #ffffff;\">..<\/span><\/td>\n<td><a href=\"http:\/\/easy-to-read.inclusion-europe.eu\/wp-content\/uploads\/2014\/12\/PT_Information_for_all.pdf\" target=\"_blank\"><img loading=\"lazy\" class=\"alignnone size-medium wp-image-353\" src=\"http:\/\/easy-to-read.inclusion-europe.eu\/wp-content\/uploads\/2014\/12\/PT_Information_for_all-206x300.jpg\" alt=\"PT_Information_for_all\" width=\"206\" height=\"300\" srcset=\"https:\/\/easy-to-read.inclusion-europe.eu\/wp-content\/uploads\/2014\/12\/PT_Information_for_all-206x300.jpg 206w, https:\/\/easy-to-read.inclusion-europe.eu\/wp-content\/uploads\/2014\/12\/PT_Information_for_all-336x490.jpg 336w, https:\/\/easy-to-read.inclusion-europe.eu\/wp-content\/uploads\/2014\/12\/PT_Information_for_all-168x245.jpg 168w, https:\/\/easy-to-read.inclusion-europe.eu\/wp-content\/uploads\/2014\/12\/PT_Information_for_all.jpg 600w\" sizes=\"(max-width: 206px) 100vw, 206px\" \/><\/a><\/td>\n<\/tr>\n<\/tbody>\n<\/table>\n<\/div>\n","protected":false},"excerpt":{"rendered":"<p>&nbsp; Regras Europeias para fazer informa\u00e7\u00e3o f\u00e1cil de ler e de perceber Precisamos de mais informa\u00e7\u00e3o f\u00e1cil de ler e de perceber.Esta informa\u00e7\u00e3o deve ser feita sempre da mesma maneira. Precisamos de de a fazer da maneira certa. Se seguirmos estas regras simples vamos tornar a nossa informa\u00e7\u00e3o f\u00e1cil de ler e de perceber. Clique [&hellip;]<\/p>\n","protected":false},"author":1,"featured_media":0,"parent":0,"menu_order":0,"comment_status":"closed","ping_status":"closed","template":"","meta":[],"_links":{"self":[{"href":"https:\/\/easy-to-read.inclusion-europe.eu\/pt-pt\/wp-json\/wp\/v2\/pages\/175"}],"collection":[{"href":"https:\/\/easy-to-read.inclusion-europe.eu\/pt-pt\/wp-json\/wp\/v2\/pages"}],"about":[{"href":"https:\/\/easy-to-read.inclusion-europe.eu\/pt-pt\/wp-json\/wp\/v2\/types\/page"}],"author":[{"embeddable":true,"href":"https:\/\/easy-to-read.inclusion-europe.eu\/pt-pt\/wp-json\/wp\/v2\/users\/1"}],"replies":[{"embeddable":true,"href":"https:\/\/easy-to-read.inclusion-europe.eu\/pt-pt\/wp-json\/wp\/v2\/comments?post=175"}],"version-history":[{"count":5,"href":"https:\/\/easy-to-read.inclusion-europe.eu\/pt-pt\/wp-json\/wp\/v2\/pages\/175\/revisions"}],"predecessor-version":[{"id":679,"href":"https:\/\/easy-to-read.inclusion-europe.eu\/pt-pt\/wp-json\/wp\/v2\/pages\/175\/revisions\/679"}],"wp:attachment":[{"href":"https:\/\/easy-to-read.inclusion-europe.eu\/pt-pt\/wp-json\/wp\/v2\/media?parent=175"}],"curies":[{"name":"wp","href":"https:\/\/api.w.org\/{rel}","templated":true}]}}