{"id":161,"date":"2014-12-14T17:30:46","date_gmt":"2014-12-14T17:30:46","guid":{"rendered":"http:\/\/easy-to-read.eu\/?page_id=161"},"modified":"2019-04-15T14:54:31","modified_gmt":"2019-04-15T14:54:31","slug":"european-logo","status":"publish","type":"page","link":"https:\/\/easy-to-read.inclusion-europe.eu\/pt-pt\/european-logo\/","title":{"rendered":"Log\u00f3tipo Europeu"},"content":{"rendered":"<div id=\"stcpDiv\">\n<h3><\/h3>\n<h3><span style=\"color: #008000;\">Como usar o log\u00f3tipo Europeu da leitura f\u00e1cil?<\/span><\/h3>\n<p>A <a href=\"http:\/\/www.inclusion-europe.org\" target=\"_blank\" rel=\"noopener\">Inclusion Europe<\/a> tem um log\u00f3tipo para a leitura f\u00e1cil.Se vir este log\u00f3tipo num documento,<br \/>\nisto quer dizer que o documento \u00e9 f\u00e1cil de ler e de entender.<\/p>\n<p>Todos podem usar o log\u00f3tipo.<\/p>\n<p>Pode us\u00e1-lo num documento, brochura ou s\u00edtio internet que seja de leitura f\u00e1cil.<\/p>\n<p>N\u00e3o precisa de pagar para usar o log\u00f3tipo.<\/p>\n<p>Mas tem de seguir algumas regras:<\/p>\n<ul>\n<li>O seu documento tem de estar escrito de acordo com a regras para a leitura f\u00e1cil.<br \/>\nEstas regras chamam-se Regras Europeias para fazer informa\u00e7\u00e3o f\u00e1cil de ler e de perceber.<\/li>\n<li>A informa\u00e7\u00e3o tem de ser lida por pelo menos 1 pessoas com defici\u00eancia intelectual.<br \/>\nEsta pessoa tem de dizer que a informa\u00e7\u00e3o \u00e9 f\u00e1cil de ler e de perceber.<\/li>\n<\/ul>\n<p>De seguida pode ver outras regras sobre o uso do log\u00f3tipo de leitura f\u00e1cil.<\/p>\n<p>&nbsp;<\/p>\n<p style=\"text-align: center;\"><strong>Condi\u00e7\u00f5es para usar o log\u00f3tipo de leitura f\u00e1cil<\/strong><\/p>\n<ol>\n<li>Quem usar o log\u00f3tipo tem de seguir as \u201cRegras Europeias para fazer informa\u00e7\u00e3o f\u00e1cil de ler e de perceber\u201c.<\/li>\n<li>O log\u00f3tipo tem de seguir estas indica\u00e7\u00f5es:\n<ol>\n<li>Cor azul\n<ul>\n<li>Pantone \u2013 072;<\/li>\n<li>CMYK \u2013 Ciano 100%, Magenta 87%, Preto 6%;<\/li>\n<li>RGB \u2013 26-63-147;<\/li>\n<li>WEB:#33399<\/li>\n<\/ul>\n<\/li>\n<li>Tamanho m\u00ednimo: 15 mm<\/li>\n<\/ol>\n<\/li>\n<li>Uma ou mais pessoas com defici\u00eancia intelectual devem rever a sua publica\u00e7\u00e3o.<br \/>\nO nome destas pessoas deve aparecer na publica\u00e7\u00e3o.<\/li>\n<li>Deve ter esta frase nas suas publica\u00e7\u00f5es \u201c\u201c\u00a9 Log\u00f3tipo da Leitura F\u00e1cil: Inclusion Europe. Mais informa\u00e7\u00f5es em <a href=\"http:\/\/www.inclusion-europe.org\/etr%E2%80%9D.\">easy-to-read.eu\u201d.<\/a><\/li>\n<\/ol>\n<p>A Inclusion Europe pode retirar a autoriza\u00e7\u00e3o para o uso do log\u00f3tipo se as publica\u00e7\u00f5es n\u00e3o seguirem as regras para a leitura f\u00e1cil.<\/p>\n<table border=\"2\">\n<tbody>\n<tr>\n<td style=\"vertical-align: middle;\"><span class=\"hps\">Log\u00f3tipo da Leitura F\u00e1cil\u00a0&#8230;&#8230;&#8230;&#8230;&#8230;&#8230;&#8230;&#8230;&#8230;&#8230;&#8230;&#8230;&#8230;. gif<\/span><\/td>\n<td><span class=\"hps\"><a href=\"http:\/\/easy-to-read.inclusion-europe.eu\/wp-content\/uploads\/2014\/12\/ETR.gif\" target=\"_blank\" rel=\"noopener\"><img loading=\"lazy\" class=\"alignnone wp-image-81\" src=\"http:\/\/easy-to-read.inclusion-europe.eu\/wp-content\/uploads\/2014\/12\/ETR-300x297.gif\" alt=\"ETR\" width=\"89\" height=\"88\" srcset=\"https:\/\/easy-to-read.inclusion-europe.eu\/wp-content\/uploads\/2014\/12\/ETR-300x297.gif 300w, https:\/\/easy-to-read.inclusion-europe.eu\/wp-content\/uploads\/2014\/12\/ETR-150x150.gif 150w, https:\/\/easy-to-read.inclusion-europe.eu\/wp-content\/uploads\/2014\/12\/ETR-493x490.gif 493w, https:\/\/easy-to-read.inclusion-europe.eu\/wp-content\/uploads\/2014\/12\/ETR-246x245.gif 246w\" sizes=\"(max-width: 89px) 100vw, 89px\" \/><\/a><\/span><\/td>\n<\/tr>\n<tr>\n<td style=\"vertical-align: middle;\"><span class=\"hps\">Log\u00f3tipo da Leitura F\u00e1cil\u00a0&#8230;&#8230;&#8230;&#8230;&#8230;&#8230;&#8230;&#8230;&#8230;&#8230;&#8230;&#8230;&#8230; jpg<\/span><\/td>\n<td><span class=\"hps\"><a href=\"http:\/\/easy-to-read.inclusion-europe.eu\/wp-content\/uploads\/2014\/12\/ETR.jpg\" target=\"_blank\" rel=\"noopener\"><img loading=\"lazy\" class=\"alignnone wp-image-81\" src=\"http:\/\/easy-to-read.inclusion-europe.eu\/wp-content\/uploads\/2014\/12\/ETR-300x297.gif\" alt=\"ETR\" width=\"89\" height=\"88\" srcset=\"https:\/\/easy-to-read.inclusion-europe.eu\/wp-content\/uploads\/2014\/12\/ETR-300x297.gif 300w, https:\/\/easy-to-read.inclusion-europe.eu\/wp-content\/uploads\/2014\/12\/ETR-150x150.gif 150w, https:\/\/easy-to-read.inclusion-europe.eu\/wp-content\/uploads\/2014\/12\/ETR-493x490.gif 493w, https:\/\/easy-to-read.inclusion-europe.eu\/wp-content\/uploads\/2014\/12\/ETR-246x245.gif 246w\" sizes=\"(max-width: 89px) 100vw, 89px\" \/><\/a><\/span><\/td>\n<\/tr>\n<tr>\n<td style=\"vertical-align: middle;\"><span class=\"hps\">Log\u00f3tipo da Leitura F\u00e1cil\u00a0&#8230;&#8230;&#8230;&#8230;&#8230;&#8230;&#8230;&#8230;&#8230;&#8230;&#8230;&#8230;&#8230; tiff<\/span><\/td>\n<td><span class=\"hps\"><a href=\"http:\/\/easy-to-read.inclusion-europe.eu\/wp-content\/uploads\/2014\/12\/ETR.tiff\" target=\"_blank\" rel=\"noopener\"><img loading=\"lazy\" class=\"alignnone wp-image-81\" src=\"http:\/\/easy-to-read.inclusion-europe.eu\/wp-content\/uploads\/2014\/12\/ETR-300x297.gif\" alt=\"ETR\" width=\"89\" height=\"88\" srcset=\"https:\/\/easy-to-read.inclusion-europe.eu\/wp-content\/uploads\/2014\/12\/ETR-300x297.gif 300w, https:\/\/easy-to-read.inclusion-europe.eu\/wp-content\/uploads\/2014\/12\/ETR-150x150.gif 150w, https:\/\/easy-to-read.inclusion-europe.eu\/wp-content\/uploads\/2014\/12\/ETR-493x490.gif 493w, https:\/\/easy-to-read.inclusion-europe.eu\/wp-content\/uploads\/2014\/12\/ETR-246x245.gif 246w\" sizes=\"(max-width: 89px) 100vw, 89px\" \/><\/a><\/span><\/td>\n<\/tr>\n<\/tbody>\n<\/table>\n<div id=\"style2\"><\/div>\n<div id=\"style2\"><\/div>\n<\/div>\n","protected":false},"excerpt":{"rendered":"<p>Como usar o log\u00f3tipo Europeu da leitura f\u00e1cil? A Inclusion Europe tem um log\u00f3tipo para a leitura f\u00e1cil.Se vir este log\u00f3tipo num documento, isto quer dizer que o documento \u00e9 f\u00e1cil de ler e de entender. Todos podem usar o log\u00f3tipo. Pode us\u00e1-lo num documento, brochura ou s\u00edtio internet que seja de leitura f\u00e1cil. N\u00e3o [&hellip;]<\/p>\n","protected":false},"author":1,"featured_media":0,"parent":0,"menu_order":0,"comment_status":"closed","ping_status":"closed","template":"","meta":[],"_links":{"self":[{"href":"https:\/\/easy-to-read.inclusion-europe.eu\/pt-pt\/wp-json\/wp\/v2\/pages\/161"}],"collection":[{"href":"https:\/\/easy-to-read.inclusion-europe.eu\/pt-pt\/wp-json\/wp\/v2\/pages"}],"about":[{"href":"https:\/\/easy-to-read.inclusion-europe.eu\/pt-pt\/wp-json\/wp\/v2\/types\/page"}],"author":[{"embeddable":true,"href":"https:\/\/easy-to-read.inclusion-europe.eu\/pt-pt\/wp-json\/wp\/v2\/users\/1"}],"replies":[{"embeddable":true,"href":"https:\/\/easy-to-read.inclusion-europe.eu\/pt-pt\/wp-json\/wp\/v2\/comments?post=161"}],"version-history":[{"count":4,"href":"https:\/\/easy-to-read.inclusion-europe.eu\/pt-pt\/wp-json\/wp\/v2\/pages\/161\/revisions"}],"predecessor-version":[{"id":1348,"href":"https:\/\/easy-to-read.inclusion-europe.eu\/pt-pt\/wp-json\/wp\/v2\/pages\/161\/revisions\/1348"}],"wp:attachment":[{"href":"https:\/\/easy-to-read.inclusion-europe.eu\/pt-pt\/wp-json\/wp\/v2\/media?parent=161"}],"curies":[{"name":"wp","href":"https:\/\/api.w.org\/{rel}","templated":true}]}}