{"id":137,"date":"2014-12-14T17:16:41","date_gmt":"2014-12-14T17:16:41","guid":{"rendered":"http:\/\/easy-to-read.eu\/?page_id=137"},"modified":"2014-12-19T17:46:55","modified_gmt":"2014-12-19T17:46:55","slug":"8-2","status":"publish","type":"page","link":"https:\/\/easy-to-read.inclusion-europe.eu\/pt-pt\/","title":{"rendered":"In\u00edcio"},"content":{"rendered":"<h3>&nbsp;<\/h3>\n<h3><span style=\"color: #008000;\"><strong>Torne a sua informa\u00e7\u00e3o acess\u00edvel!<\/strong><\/span><\/h3>\n<p>Ter acesso \u00e0 informa\u00e7\u00e3o \u00e9 importante para as pessoas com defici\u00eancia intelectual.<\/p>\n<p>Assim podem:<\/p>\n<ul>\n<li>Aprender coisas novas<\/li>\n<li>Fazer parte da sociedade<\/li>\n<li>Saber quais os seus direitos e como os reclamar<\/li>\n<li>Decidir e fazer as suas pr\u00f3prias escolhas<\/li>\n<\/ul>\n<p>As pessoas com defici\u00eancia intelectual t\u00eam direito a receber informa\u00e7\u00e3o que \u00e9 f\u00e1cil de ler e de compreender.<\/p>\n","protected":false},"excerpt":{"rendered":"<p>&nbsp; Torne a sua informa\u00e7\u00e3o acess\u00edvel! Ter acesso \u00e0 informa\u00e7\u00e3o \u00e9 importante para as pessoas com defici\u00eancia intelectual. Assim podem: Aprender coisas novas Fazer parte da sociedade Saber quais os seus direitos e como os reclamar Decidir e fazer as suas pr\u00f3prias escolhas As pessoas com defici\u00eancia intelectual t\u00eam direito a receber informa\u00e7\u00e3o que \u00e9 [&hellip;]<\/p>\n","protected":false},"author":1,"featured_media":0,"parent":0,"menu_order":0,"comment_status":"closed","ping_status":"closed","template":"","meta":[],"_links":{"self":[{"href":"https:\/\/easy-to-read.inclusion-europe.eu\/pt-pt\/wp-json\/wp\/v2\/pages\/137"}],"collection":[{"href":"https:\/\/easy-to-read.inclusion-europe.eu\/pt-pt\/wp-json\/wp\/v2\/pages"}],"about":[{"href":"https:\/\/easy-to-read.inclusion-europe.eu\/pt-pt\/wp-json\/wp\/v2\/types\/page"}],"author":[{"embeddable":true,"href":"https:\/\/easy-to-read.inclusion-europe.eu\/pt-pt\/wp-json\/wp\/v2\/users\/1"}],"replies":[{"embeddable":true,"href":"https:\/\/easy-to-read.inclusion-europe.eu\/pt-pt\/wp-json\/wp\/v2\/comments?post=137"}],"version-history":[{"count":3,"href":"https:\/\/easy-to-read.inclusion-europe.eu\/pt-pt\/wp-json\/wp\/v2\/pages\/137\/revisions"}],"predecessor-version":[{"id":673,"href":"https:\/\/easy-to-read.inclusion-europe.eu\/pt-pt\/wp-json\/wp\/v2\/pages\/137\/revisions\/673"}],"wp:attachment":[{"href":"https:\/\/easy-to-read.inclusion-europe.eu\/pt-pt\/wp-json\/wp\/v2\/media?parent=137"}],"curies":[{"name":"wp","href":"https:\/\/api.w.org\/{rel}","templated":true}]}}