{"id":242,"date":"2014-12-18T19:48:50","date_gmt":"2014-12-18T19:48:50","guid":{"rendered":"http:\/\/easy-to-read.eu\/?page_id=242"},"modified":"2014-12-22T15:05:43","modified_gmt":"2014-12-22T15:05:43","slug":"teaching-materials","status":"publish","type":"page","link":"https:\/\/easy-to-read.inclusion-europe.eu\/pl\/teaching-materials\/","title":{"rendered":"Materia\u0142y"},"content":{"rendered":"<h3>&nbsp;<\/h3>\n<h3><span style=\"color: #008000;\">Dodatkowe materia\u0142y edukacyjne<\/span><\/h3>\n<p>Wymienione poni\u017cej materia\u0142y dodatkowe stanowi\u0105 praktyczn\u0105 pomoc dla os\u00f3b prowadz\u0105cych szkolenia dotycz\u0105ce metod opracowywania tekst\u00f3w \u0142atwych do czytania oraz zapewnienia udzia\u0142u os\u00f3b z niepe\u0142nosprawno\u015bci\u0105 intelektualn\u0105 w procesie pisania.<a href=\"http:\/\/easy-to-read.inclusion-europe.eu\/wp-content\/uploads\/2014\/12\/EN_brochures.jpg\"><img loading=\"lazy\" class=\"size-medium wp-image-306 aligncenter\" src=\"http:\/\/easy-to-read.inclusion-europe.eu\/wp-content\/uploads\/2014\/12\/EN_brochures-300x268.jpg\" alt=\"EN_brochures\" width=\"300\" height=\"268\" srcset=\"https:\/\/easy-to-read.inclusion-europe.eu\/wp-content\/uploads\/2014\/12\/EN_brochures-300x268.jpg 300w, https:\/\/easy-to-read.inclusion-europe.eu\/wp-content\/uploads\/2014\/12\/EN_brochures-546x490.jpg 546w, https:\/\/easy-to-read.inclusion-europe.eu\/wp-content\/uploads\/2014\/12\/EN_brochures-273x245.jpg 273w, https:\/\/easy-to-read.inclusion-europe.eu\/wp-content\/uploads\/2014\/12\/EN_brochures.jpg 922w\" sizes=\"(max-width: 300px) 100vw, 300px\" \/><\/a><\/p>\n<ol>\n<li><a href=\"http:\/\/easy-to-read.inclusion-europe.eu\/wp-content\/uploads\/2014\/12\/EN_Training_lifelong_learning_staff.pdf\">Program szkoleniowy dla praco<\/a><a href=\"http:\/\/easy-to-read.inclusion-europe.eu\/wp-content\/uploads\/2014\/12\/EN_Training_lifelong_learning_staff.pdf\">wnik\u00f3w kszta\u0142cenia ustawicznego<\/a> okre\u015blaj\u0105cy zasady pisania tekst\u00f3w \u0142atwych do czytania i zrozumienia.<\/li>\n<li><a href=\"http:\/\/easy-to-read.inclusion-europe.eu\/wp-content\/uploads\/2014\/12\/EN_Methodology.pdf\">Zalecenia dotycz\u0105ce zapewnienia udzia\u0142u os\u00f3b z niepe\u0142nosprawno\u015bci\u0105 intelektualn\u0105<\/a> w procesie pisania tekst\u00f3w \u0142atwych do czytania i zrozumienia.<\/li>\n<li>Broszura nosz\u0105ca tytu\u0142 \u201e<a href=\"http:\/\/easy-to-read.inclusion-europe.eu\/wp-content\/uploads\/2014\/12\/EN_Teaching_can_be_easy.pdf\">Nauczanie mo\u017ce by\u0107 \u0142atwe<\/a>\u201d zawieraj\u0105ca przeznaczone dla pracownik\u00f3w kszta\u0142cenia ustawicznego zalecenia dotycz\u0105ce zwi\u0119kszenia dost\u0119pno\u015bci prowadzonych zaj\u0119\u0107.<\/li>\n<\/ol>\n<p>&nbsp;<\/p>\n","protected":false},"excerpt":{"rendered":"<p>&nbsp; Dodatkowe materia\u0142y edukacyjne Wymienione poni\u017cej materia\u0142y dodatkowe stanowi\u0105 praktyczn\u0105 pomoc dla os\u00f3b prowadz\u0105cych szkolenia dotycz\u0105ce metod opracowywania tekst\u00f3w \u0142atwych do czytania oraz zapewnienia udzia\u0142u os\u00f3b z niepe\u0142nosprawno\u015bci\u0105 intelektualn\u0105 w procesie pisania. Program szkoleniowy dla pracownik\u00f3w kszta\u0142cenia ustawicznego okre\u015blaj\u0105cy zasady pisania tekst\u00f3w \u0142atwych do czytania i zrozumienia. Zalecenia dotycz\u0105ce zapewnienia udzia\u0142u os\u00f3b z niepe\u0142nosprawno\u015bci\u0105 intelektualn\u0105 [&hellip;]<\/p>\n","protected":false},"author":1,"featured_media":0,"parent":0,"menu_order":0,"comment_status":"closed","ping_status":"closed","template":"","meta":[],"_links":{"self":[{"href":"https:\/\/easy-to-read.inclusion-europe.eu\/pl\/wp-json\/wp\/v2\/pages\/242"}],"collection":[{"href":"https:\/\/easy-to-read.inclusion-europe.eu\/pl\/wp-json\/wp\/v2\/pages"}],"about":[{"href":"https:\/\/easy-to-read.inclusion-europe.eu\/pl\/wp-json\/wp\/v2\/types\/page"}],"author":[{"embeddable":true,"href":"https:\/\/easy-to-read.inclusion-europe.eu\/pl\/wp-json\/wp\/v2\/users\/1"}],"replies":[{"embeddable":true,"href":"https:\/\/easy-to-read.inclusion-europe.eu\/pl\/wp-json\/wp\/v2\/comments?post=242"}],"version-history":[{"count":6,"href":"https:\/\/easy-to-read.inclusion-europe.eu\/pl\/wp-json\/wp\/v2\/pages\/242\/revisions"}],"predecessor-version":[{"id":783,"href":"https:\/\/easy-to-read.inclusion-europe.eu\/pl\/wp-json\/wp\/v2\/pages\/242\/revisions\/783"}],"wp:attachment":[{"href":"https:\/\/easy-to-read.inclusion-europe.eu\/pl\/wp-json\/wp\/v2\/media?parent=242"}],"curies":[{"name":"wp","href":"https:\/\/api.w.org\/{rel}","templated":true}]}}