{"id":202,"date":"2014-12-14T17:37:30","date_gmt":"2014-12-14T17:37:30","guid":{"rendered":"http:\/\/easy-to-read.eu\/?page_id=202"},"modified":"2014-12-22T15:19:53","modified_gmt":"2014-12-22T15:19:53","slug":"projects","status":"publish","type":"page","link":"https:\/\/easy-to-read.inclusion-europe.eu\/pl\/projects\/","title":{"rendered":"Projekty"},"content":{"rendered":"<h3>&nbsp;<\/h3>\n<h1><span style=\"color: #008000;\">Mo\u017cliwo\u015bci edukacyjne dla os\u00f3b doros\u0142ych z niepe\u0142nosprawno\u015bci\u0105 intelektualn\u0105<\/span><\/h1>\n<p>W przypadku os\u00f3b z niepe\u0142nosprawno\u015bci\u0105 intelektualn\u0105, proces uczenia trwa przez ca\u0142e \u017cycie i polega nie tylko zdobywaniu nowych umiej\u0119tno\u015bci lub szkoleniu zawodowym. Jego celem jest przede wszystkim zapewnienie tym osobom mo\u017cliwo\u015bci uczestniczenia w \u017cyciu spo\u0142ecznym, reprezentowania swojej osoby oraz sprawowania kontroli nad swoim codziennym \u017cyciem i przysz\u0142o\u015bci\u0105. Niemniej jednak, jedn\u0105 z g\u0142\u00f3wnych barier dla os\u00f3b z niepe\u0142nosprawno\u015bci\u0105 intelektualn\u0105 w zakresie dost\u0119pu do program\u00f3w kszta\u0142cenia ustawicznego jest brak dost\u0119pnych materia\u0142\u00f3w szkoleniowych dla os\u00f3b doros\u0142ych oraz materia\u0142\u00f3w informacyjnych sporz\u0105dzonych w j\u0119zyku \u0142atwym do zrozumienia.<\/p>\n<p>Aby zwi\u0119kszy\u0107 dost\u0119pno\u015b\u0107 tych program\u00f3w, w ramach projekt\u00f3w Pathways opracowane zosta\u0142y europejskie normy \u201eEasy-to-Read\u201d, przeznaczone do wykorzystania w ramach dzia\u0142a\u0144 edukacyjnych dotycz\u0105cych os\u00f3b doros\u0142ych oraz w materia\u0142ach szkoleniowych w postaci elektronicznej (e-learning). W programie Pathways II wykorzystywane s\u0105 do\u015bwiadczenia pozyskane podczas realizacji pocz\u0105tkowego programu Pathways, a podstawowym celem jest rozszerzenie projektu i zapewnienie jego realizacji we wszystkich krajach Unii Europejskiej. Szczeg\u00f3\u0142owe informacje dotycz\u0105ce projektu Pathways s\u0105 dost\u0119pne pod adresem <a href=\"http:\/\/www.life-long-learning.eu\">www.life-long-learning.eu<\/a>.<\/p>\n<table border=\"0\">\n<tbody>\n<tr>\n<td><img loading=\"lazy\" src=\"http:\/\/www.inclusion-europe.org\/etr\/images\/M_images\/EU_flag_LLP_EN-01_web.gif\" alt=\"EU flag LLP EN-01 web\" width=\"250\" height=\"97\" \/><\/td>\n<td style=\"vertical-align: top;\">Przy wsparciu programu Unii Europejskiej Lifelong Learning (\u201eKszta\u0142cenie Ustawiczne\u201d)<\/td>\n<\/tr>\n<\/tbody>\n<\/table>\n","protected":false},"excerpt":{"rendered":"<p>&nbsp; Mo\u017cliwo\u015bci edukacyjne dla os\u00f3b doros\u0142ych z niepe\u0142nosprawno\u015bci\u0105 intelektualn\u0105 W przypadku os\u00f3b z niepe\u0142nosprawno\u015bci\u0105 intelektualn\u0105, proces uczenia trwa przez ca\u0142e \u017cycie i polega nie tylko zdobywaniu nowych umiej\u0119tno\u015bci lub szkoleniu zawodowym. Jego celem jest przede wszystkim zapewnienie tym osobom mo\u017cliwo\u015bci uczestniczenia w \u017cyciu spo\u0142ecznym, reprezentowania swojej osoby oraz sprawowania kontroli nad swoim codziennym \u017cyciem i [&hellip;]<\/p>\n","protected":false},"author":1,"featured_media":0,"parent":0,"menu_order":0,"comment_status":"closed","ping_status":"closed","template":"","meta":[],"_links":{"self":[{"href":"https:\/\/easy-to-read.inclusion-europe.eu\/pl\/wp-json\/wp\/v2\/pages\/202"}],"collection":[{"href":"https:\/\/easy-to-read.inclusion-europe.eu\/pl\/wp-json\/wp\/v2\/pages"}],"about":[{"href":"https:\/\/easy-to-read.inclusion-europe.eu\/pl\/wp-json\/wp\/v2\/types\/page"}],"author":[{"embeddable":true,"href":"https:\/\/easy-to-read.inclusion-europe.eu\/pl\/wp-json\/wp\/v2\/users\/1"}],"replies":[{"embeddable":true,"href":"https:\/\/easy-to-read.inclusion-europe.eu\/pl\/wp-json\/wp\/v2\/comments?post=202"}],"version-history":[{"count":9,"href":"https:\/\/easy-to-read.inclusion-europe.eu\/pl\/wp-json\/wp\/v2\/pages\/202\/revisions"}],"predecessor-version":[{"id":804,"href":"https:\/\/easy-to-read.inclusion-europe.eu\/pl\/wp-json\/wp\/v2\/pages\/202\/revisions\/804"}],"wp:attachment":[{"href":"https:\/\/easy-to-read.inclusion-europe.eu\/pl\/wp-json\/wp\/v2\/media?parent=202"}],"curies":[{"name":"wp","href":"https:\/\/api.w.org\/{rel}","templated":true}]}}