{"id":136,"date":"2014-12-14T17:16:41","date_gmt":"2014-12-14T17:16:41","guid":{"rendered":"http:\/\/easy-to-read.eu\/?page_id=136"},"modified":"2014-12-22T14:50:05","modified_gmt":"2014-12-22T14:50:05","slug":"8-2","status":"publish","type":"page","link":"https:\/\/easy-to-read.inclusion-europe.eu\/pl\/","title":{"rendered":"Strona g\u0142\u00f3wna"},"content":{"rendered":"<h3>&nbsp;<\/h3>\n<h3><span style=\"color: #008000;\"><br \/>\n<strong>Spraw, aby Twoje informacje by\u0142y dost\u0119pne dla wszystkich!<\/strong><\/span><\/h3>\n<p>Dla os\u00f3b z niepe\u0142nosprawno\u015bci\u0105 intelektualn\u0105 dost\u0119p do informacji jest niezwykle wa\u017cny.<\/p>\n<ul>\n<li>Aby uczy\u0107 si\u0119 nowych rzeczy.<\/li>\n<li>Aby uczestniczy\u0107 w \u017cyciu spo\u0142ecznym.<\/li>\n<li>Aby zna\u0107 przys\u0142uguj\u0105ce im prawa i broni\u0107 ich.<\/li>\n<li>Aby podejmowa\u0107 decyzje i dokonywa\u0107 w\u0142asnych wybor\u00f3w.<\/li>\n<\/ul>\n<p>Osoby z niepe\u0142nosprawno\u015bci\u0105 intelektualn\u0105 maj\u0105 prawo do informacji, kt\u00f3re s\u0105 \u0142atwe do czytania i zrozumienia.<\/p>\n","protected":false},"excerpt":{"rendered":"<p>&nbsp; Spraw, aby Twoje informacje by\u0142y dost\u0119pne dla wszystkich! Dla os\u00f3b z niepe\u0142nosprawno\u015bci\u0105 intelektualn\u0105 dost\u0119p do informacji jest niezwykle wa\u017cny. Aby uczy\u0107 si\u0119 nowych rzeczy. Aby uczestniczy\u0107 w \u017cyciu spo\u0142ecznym. Aby zna\u0107 przys\u0142uguj\u0105ce im prawa i broni\u0107 ich. Aby podejmowa\u0107 decyzje i dokonywa\u0107 w\u0142asnych wybor\u00f3w. Osoby z niepe\u0142nosprawno\u015bci\u0105 intelektualn\u0105 maj\u0105 prawo do informacji, kt\u00f3re s\u0105 [&hellip;]<\/p>\n","protected":false},"author":1,"featured_media":0,"parent":0,"menu_order":0,"comment_status":"closed","ping_status":"closed","template":"","meta":[],"_links":{"self":[{"href":"https:\/\/easy-to-read.inclusion-europe.eu\/pl\/wp-json\/wp\/v2\/pages\/136"}],"collection":[{"href":"https:\/\/easy-to-read.inclusion-europe.eu\/pl\/wp-json\/wp\/v2\/pages"}],"about":[{"href":"https:\/\/easy-to-read.inclusion-europe.eu\/pl\/wp-json\/wp\/v2\/types\/page"}],"author":[{"embeddable":true,"href":"https:\/\/easy-to-read.inclusion-europe.eu\/pl\/wp-json\/wp\/v2\/users\/1"}],"replies":[{"embeddable":true,"href":"https:\/\/easy-to-read.inclusion-europe.eu\/pl\/wp-json\/wp\/v2\/comments?post=136"}],"version-history":[{"count":4,"href":"https:\/\/easy-to-read.inclusion-europe.eu\/pl\/wp-json\/wp\/v2\/pages\/136\/revisions"}],"predecessor-version":[{"id":765,"href":"https:\/\/easy-to-read.inclusion-europe.eu\/pl\/wp-json\/wp\/v2\/pages\/136\/revisions\/765"}],"wp:attachment":[{"href":"https:\/\/easy-to-read.inclusion-europe.eu\/pl\/wp-json\/wp\/v2\/media?parent=136"}],"curies":[{"name":"wp","href":"https:\/\/api.w.org\/{rel}","templated":true}]}}