{"id":240,"date":"2014-12-18T19:48:50","date_gmt":"2014-12-18T19:48:50","guid":{"rendered":"http:\/\/easy-to-read.eu\/?page_id=240"},"modified":"2014-12-22T17:41:28","modified_gmt":"2014-12-22T17:41:28","slug":"teaching-materials","status":"publish","type":"page","link":"https:\/\/easy-to-read.inclusion-europe.eu\/lv\/teaching-materials\/","title":{"rendered":"Materi\u0101li"},"content":{"rendered":"<h3><\/h3>\n<h3><span style=\"color: #008000;\">Papildu apm\u0101c\u012bbas materi\u0101li<\/span><\/h3>\n<p>\u0160ie papildmateri\u0101li var pal\u012bdz\u0113t praks\u0113, apm\u0101cot person\u0101lu par viegli las\u0101ma teksta metod\u0113m, k\u0101 ar\u012b iesaistot cilv\u0113kus ar intelektu\u0101lo invalidit\u0101ti rakst\u012b\u0161anas proces\u0101.<a href=\"http:\/\/easy-to-read.inclusion-europe.eu\/wp-content\/uploads\/2014\/12\/LV_brochures.jpg\"><img loading=\"lazy\" class=\" size-medium wp-image-683 aligncenter\" src=\"http:\/\/easy-to-read.inclusion-europe.eu\/wp-content\/uploads\/2014\/12\/LV_brochures-300x218.jpg\" alt=\"LV_brochures\" width=\"300\" height=\"218\" srcset=\"https:\/\/easy-to-read.inclusion-europe.eu\/wp-content\/uploads\/2014\/12\/LV_brochures-300x218.jpg 300w, https:\/\/easy-to-read.inclusion-europe.eu\/wp-content\/uploads\/2014\/12\/LV_brochures-675x490.jpg 675w, https:\/\/easy-to-read.inclusion-europe.eu\/wp-content\/uploads\/2014\/12\/LV_brochures-337x245.jpg 337w, https:\/\/easy-to-read.inclusion-europe.eu\/wp-content\/uploads\/2014\/12\/LV_brochures.jpg 906w\" sizes=\"(max-width: 300px) 100vw, 300px\" \/><\/a><\/p>\n<ol>\n<li><a href=\"http:\/\/easy-to-read.inclusion-europe.eu\/wp-content\/uploads\/2014\/12\/LV_Training_lifelong_learning_staff.pdf\" target=\"_blank\">training program for lifelong learning staff<\/a>, lai iem\u0101c\u012btos, k\u0101 rakst\u012bt viegli las\u0101mus un saprotamus tekstus.<\/li>\n<li><a href=\"http:\/\/easy-to-read.inclusion-europe.eu\/wp-content\/uploads\/2014\/12\/LV_Methodology.pdf\" target=\"_blank\">Guidelines on how to involve people with intellectual disabilities<\/a>, lai rakst\u012btu tekstus, kas ir viegli las\u0101mi un saprotami.<\/li>\n<li>Bro\u0161\u016bra ar nosaukumu \u201c<a href=\"http:\/\/easy-to-read.inclusion-europe.eu\/wp-content\/uploads\/2014\/12\/LV_Teaching_can_be_easy.pdf\" target=\"_blank\">Teaching can be easy<\/a>\u201d, kas sniedz ieteikumus m\u016b\u017eizgl\u012bt\u012bbas person\u0101lam, k\u0101 padar\u012bt to kursus pieejam\u0101kus.<\/li>\n<\/ol>\n","protected":false},"excerpt":{"rendered":"<p>Papildu apm\u0101c\u012bbas materi\u0101li \u0160ie papildmateri\u0101li var pal\u012bdz\u0113t praks\u0113, apm\u0101cot person\u0101lu par viegli las\u0101ma teksta metod\u0113m, k\u0101 ar\u012b iesaistot cilv\u0113kus ar intelektu\u0101lo invalidit\u0101ti rakst\u012b\u0161anas proces\u0101. training program for lifelong learning staff, lai iem\u0101c\u012btos, k\u0101 rakst\u012bt viegli las\u0101mus un saprotamus tekstus. Guidelines on how to involve people with intellectual disabilities, lai rakst\u012btu tekstus, kas ir viegli las\u0101mi [&hellip;]<\/p>\n","protected":false},"author":1,"featured_media":0,"parent":0,"menu_order":0,"comment_status":"closed","ping_status":"closed","template":"","meta":[],"_links":{"self":[{"href":"https:\/\/easy-to-read.inclusion-europe.eu\/lv\/wp-json\/wp\/v2\/pages\/240"}],"collection":[{"href":"https:\/\/easy-to-read.inclusion-europe.eu\/lv\/wp-json\/wp\/v2\/pages"}],"about":[{"href":"https:\/\/easy-to-read.inclusion-europe.eu\/lv\/wp-json\/wp\/v2\/types\/page"}],"author":[{"embeddable":true,"href":"https:\/\/easy-to-read.inclusion-europe.eu\/lv\/wp-json\/wp\/v2\/users\/1"}],"replies":[{"embeddable":true,"href":"https:\/\/easy-to-read.inclusion-europe.eu\/lv\/wp-json\/wp\/v2\/comments?post=240"}],"version-history":[{"count":6,"href":"https:\/\/easy-to-read.inclusion-europe.eu\/lv\/wp-json\/wp\/v2\/pages\/240\/revisions"}],"predecessor-version":[{"id":812,"href":"https:\/\/easy-to-read.inclusion-europe.eu\/lv\/wp-json\/wp\/v2\/pages\/240\/revisions\/812"}],"wp:attachment":[{"href":"https:\/\/easy-to-read.inclusion-europe.eu\/lv\/wp-json\/wp\/v2\/media?parent=240"}],"curies":[{"name":"wp","href":"https:\/\/api.w.org\/{rel}","templated":true}]}}