{"id":200,"date":"2014-12-14T17:37:30","date_gmt":"2014-12-14T17:37:30","guid":{"rendered":"http:\/\/easy-to-read.eu\/?page_id=200"},"modified":"2014-12-22T17:49:14","modified_gmt":"2014-12-22T17:49:14","slug":"projects","status":"publish","type":"page","link":"https:\/\/easy-to-read.inclusion-europe.eu\/lv\/projects\/","title":{"rendered":"Projekti"},"content":{"rendered":"<div id=\"stcpDiv\">\n<h3><\/h3>\n<h1><span style=\"color: #008000;\">M\u016b\u017eizgl\u012bt\u012bbas pieejam\u012bba cilv\u0113kiem ar intelektu\u0101lo invalidit\u0101ti<\/span><\/h1>\n<p>Cilv\u0113kiem ar intelektu\u0101lo invalidit\u0101ti m\u016b\u017eizgl\u012bt\u012bba nav tikai jaunu iema\u0146u apg\u016b\u0161ana vai arodapm\u0101c\u012bba. T\u0101 noz\u012bm\u0113 ar\u012b iek\u013cau\u0161anos sabiedr\u012bb\u0101, sp\u0113ju sevi p\u0101rst\u0101v\u0113t un lab\u0101k kontrol\u0113t savu ikdienu un n\u0101kotni. Tom\u0113r viens no galvenajiem \u0161\u0137\u0113r\u0161\u013ciem, kas apgr\u016btina cilv\u0113ku ar intelektu\u0101lu invalidit\u0101ti piek\u013cuvi m\u016b\u017eizgl\u012bt\u012bbas programm\u0101m, ir pieejamas pieaugu\u0161o apm\u0101c\u012bbas un informat\u012bvu materi\u0101lu viegli saprotam\u0101 valod\u0101 tr\u016bkums.<\/p>\n<p>Lai uzlabotu \u0161\u0101du programmu pieejam\u012bbu, Pathways projekti ir izveidoju\u0161i Eiropas viegli las\u0101mas inform\u0101cijas standartus pieaugu\u0161o izgl\u012bt\u012bbai un elektronisk\u0101s izgl\u012bt\u012bbas materi\u0101liem. Pathways II izmantoja s\u0101kotn\u0113j\u0101 projekta Pathways mantojumu un vairoja t\u0101 ietekmi, nosedzot gandr\u012bz visu Eiropas Savien\u012bbu. Vair\u0101k inform\u0101cijas par projektu Pathways atrad\u012bsiet \u00a0<a href=\"http:\/\/www.life-long-learning.eu\/\">www.life-long-learning.eu<\/a>.<\/p>\n<table border=\"0\">\n<tbody>\n<tr>\n<td><img loading=\"lazy\" src=\"http:\/\/www.inclusion-europe.org\/etr\/images\/M_images\/EU_flag_LLP_EN-01_web.gif\" alt=\"EU flag LLP EN-01 web\" width=\"250\" height=\"97\" \/><\/td>\n<td style=\"vertical-align: top;\">Ar Eiropas Savien\u012bbas M\u016b\u017eizgl\u012bt\u012bbas programmas atbalstu<\/td>\n<\/tr>\n<\/tbody>\n<\/table>\n<\/div>\n","protected":false},"excerpt":{"rendered":"<p>M\u016b\u017eizgl\u012bt\u012bbas pieejam\u012bba cilv\u0113kiem ar intelektu\u0101lo invalidit\u0101ti Cilv\u0113kiem ar intelektu\u0101lo invalidit\u0101ti m\u016b\u017eizgl\u012bt\u012bba nav tikai jaunu iema\u0146u apg\u016b\u0161ana vai arodapm\u0101c\u012bba. T\u0101 noz\u012bm\u0113 ar\u012b iek\u013cau\u0161anos sabiedr\u012bb\u0101, sp\u0113ju sevi p\u0101rst\u0101v\u0113t un lab\u0101k kontrol\u0113t savu ikdienu un n\u0101kotni. Tom\u0113r viens no galvenajiem \u0161\u0137\u0113r\u0161\u013ciem, kas apgr\u016btina cilv\u0113ku ar intelektu\u0101lu invalidit\u0101ti piek\u013cuvi m\u016b\u017eizgl\u012bt\u012bbas programm\u0101m, ir pieejamas pieaugu\u0161o apm\u0101c\u012bbas un informat\u012bvu materi\u0101lu viegli [&hellip;]<\/p>\n","protected":false},"author":1,"featured_media":0,"parent":0,"menu_order":0,"comment_status":"closed","ping_status":"closed","template":"","meta":[],"_links":{"self":[{"href":"https:\/\/easy-to-read.inclusion-europe.eu\/lv\/wp-json\/wp\/v2\/pages\/200"}],"collection":[{"href":"https:\/\/easy-to-read.inclusion-europe.eu\/lv\/wp-json\/wp\/v2\/pages"}],"about":[{"href":"https:\/\/easy-to-read.inclusion-europe.eu\/lv\/wp-json\/wp\/v2\/types\/page"}],"author":[{"embeddable":true,"href":"https:\/\/easy-to-read.inclusion-europe.eu\/lv\/wp-json\/wp\/v2\/users\/1"}],"replies":[{"embeddable":true,"href":"https:\/\/easy-to-read.inclusion-europe.eu\/lv\/wp-json\/wp\/v2\/comments?post=200"}],"version-history":[{"count":5,"href":"https:\/\/easy-to-read.inclusion-europe.eu\/lv\/wp-json\/wp\/v2\/pages\/200\/revisions"}],"predecessor-version":[{"id":818,"href":"https:\/\/easy-to-read.inclusion-europe.eu\/lv\/wp-json\/wp\/v2\/pages\/200\/revisions\/818"}],"wp:attachment":[{"href":"https:\/\/easy-to-read.inclusion-europe.eu\/lv\/wp-json\/wp\/v2\/media?parent=200"}],"curies":[{"name":"wp","href":"https:\/\/api.w.org\/{rel}","templated":true}]}}