{"id":172,"date":"2014-12-14T17:26:25","date_gmt":"2014-12-14T17:26:25","guid":{"rendered":"http:\/\/easy-to-read.eu\/?page_id=172"},"modified":"2014-12-22T17:35:23","modified_gmt":"2014-12-22T17:35:23","slug":"european-standards","status":"publish","type":"page","link":"https:\/\/easy-to-read.inclusion-europe.eu\/lv\/european-standards\/","title":{"rendered":"Eiropas standarti"},"content":{"rendered":"<div id=\"stcpDiv\">\n<h3><\/h3>\n<h3><span style=\"color: #008000;\">Eiropas standarti viegli las\u0101mas un saprotamas inform\u0101cijas veido\u0161anai<\/span><\/h3>\n<table>\n<tbody>\n<tr>\n<td style=\"vertical-align: top;\">Mums ir nepiecie\u0161ams vair\u0101k viegli izlas\u0101mas un saprotamas inform\u0101cijas.<br \/>\nMums tas ir j\u0101dara vien\u0101di.<br \/>\nMums tas ir j\u0101dara pareizi.<br \/>\nSekojiet \u0161iem vienk\u0101r\u0161ajiem nor\u0101d\u012bjumiem, lai padar\u012btu savu inform\u0101ciju viegli las\u0101mu un saprotamu.<\/p>\n<p><a href=\"http:\/\/easy-to-read.inclusion-europe.eu\/wp-content\/uploads\/2014\/12\/LV_Information_for_all.pdf\" target=\"_blank\">Click here to download the European standards.<\/a><\/p>\n<p>Nor\u0101d\u012bjumi ir pieejami ar\u012b v\u0113l 15 cit\u0101s valod\u0101s.<\/td>\n<td><span style=\"color: #ffffff;\">..<\/span><\/td>\n<td><a href=\"http:\/\/easy-to-read.inclusion-europe.eu\/wp-content\/uploads\/2014\/12\/LV_Information_for_all.pdf\" target=\"_blank\"><img loading=\"lazy\" class=\"alignnone size-medium wp-image-684\" src=\"http:\/\/easy-to-read.inclusion-europe.eu\/wp-content\/uploads\/2014\/12\/LV_Information_for_all-205x300.jpg\" alt=\"LV_Information_for_all\" width=\"205\" height=\"300\" srcset=\"https:\/\/easy-to-read.inclusion-europe.eu\/wp-content\/uploads\/2014\/12\/LV_Information_for_all-205x300.jpg 205w, https:\/\/easy-to-read.inclusion-europe.eu\/wp-content\/uploads\/2014\/12\/LV_Information_for_all-335x490.jpg 335w, https:\/\/easy-to-read.inclusion-europe.eu\/wp-content\/uploads\/2014\/12\/LV_Information_for_all-168x245.jpg 168w, https:\/\/easy-to-read.inclusion-europe.eu\/wp-content\/uploads\/2014\/12\/LV_Information_for_all.jpg 610w\" sizes=\"(max-width: 205px) 100vw, 205px\" \/><\/a><\/td>\n<\/tr>\n<\/tbody>\n<\/table>\n<\/div>\n","protected":false},"excerpt":{"rendered":"<p>Eiropas standarti viegli las\u0101mas un saprotamas inform\u0101cijas veido\u0161anai Mums ir nepiecie\u0161ams vair\u0101k viegli izlas\u0101mas un saprotamas inform\u0101cijas. Mums tas ir j\u0101dara vien\u0101di. Mums tas ir j\u0101dara pareizi. Sekojiet \u0161iem vienk\u0101r\u0161ajiem nor\u0101d\u012bjumiem, lai padar\u012btu savu inform\u0101ciju viegli las\u0101mu un saprotamu. Click here to download the European standards. Nor\u0101d\u012bjumi ir pieejami ar\u012b v\u0113l 15 cit\u0101s valod\u0101s. ..<\/p>\n","protected":false},"author":1,"featured_media":0,"parent":0,"menu_order":0,"comment_status":"closed","ping_status":"closed","template":"","meta":[],"_links":{"self":[{"href":"https:\/\/easy-to-read.inclusion-europe.eu\/lv\/wp-json\/wp\/v2\/pages\/172"}],"collection":[{"href":"https:\/\/easy-to-read.inclusion-europe.eu\/lv\/wp-json\/wp\/v2\/pages"}],"about":[{"href":"https:\/\/easy-to-read.inclusion-europe.eu\/lv\/wp-json\/wp\/v2\/types\/page"}],"author":[{"embeddable":true,"href":"https:\/\/easy-to-read.inclusion-europe.eu\/lv\/wp-json\/wp\/v2\/users\/1"}],"replies":[{"embeddable":true,"href":"https:\/\/easy-to-read.inclusion-europe.eu\/lv\/wp-json\/wp\/v2\/comments?post=172"}],"version-history":[{"count":7,"href":"https:\/\/easy-to-read.inclusion-europe.eu\/lv\/wp-json\/wp\/v2\/pages\/172\/revisions"}],"predecessor-version":[{"id":808,"href":"https:\/\/easy-to-read.inclusion-europe.eu\/lv\/wp-json\/wp\/v2\/pages\/172\/revisions\/808"}],"wp:attachment":[{"href":"https:\/\/easy-to-read.inclusion-europe.eu\/lv\/wp-json\/wp\/v2\/media?parent=172"}],"curies":[{"name":"wp","href":"https:\/\/api.w.org\/{rel}","templated":true}]}}