{"id":146,"date":"2014-12-14T17:34:19","date_gmt":"2014-12-14T17:34:19","guid":{"rendered":"http:\/\/easy-to-read.eu\/?page_id=146"},"modified":"2016-12-06T19:14:35","modified_gmt":"2016-12-06T19:14:35","slug":"organisations","status":"publish","type":"page","link":"https:\/\/easy-to-read.inclusion-europe.eu\/lv\/organisations\/","title":{"rendered":"Viegli las\u0101ms Eirop\u0101"},"content":{"rendered":"<div id=\"stcpDiv\">\n<h3><\/h3>\n<h3><span style=\"color: #008000;\">Viegli las\u0101ms J\u016bsu valst\u012b<\/span><\/h3>\n<p><iframe loading=\"lazy\" src=\"https:\/\/www.google.com\/maps\/d\/embed?mid=1xoQd7be--YzQxfPErIcAFcfiTRw&#038;z=4\" width=\"640\" height=\"480\"><\/iframe><br \/>\n\u0160is ir to organiz\u0101ciju saraksts, kas sadarbojas ar mums viegli las\u0101mas inform\u0101cijas jom\u0101.<br \/>\nT\u0101s var pal\u012bdz\u012bt Jums padar\u012bt inform\u0101ciju J\u016bsu valod\u0101 viegli las\u0101mu un saprotamu.<\/p>\n<table border=\"0\">\n<tbody>\n<tr>\n<td align=\"center\" valign=\"middle\"><\/td>\n<td><strong>Inclusion Europe<\/strong><br \/>\nRue d&#8217;Arlon 55, 1040 Brussels &#8211; Belgium<br \/>\nTel: 0032 2 502 28 15<br \/>\ne-mail: <a href=\"mailto:seretariat@inclusion-europe.org\">seretariat@inclusion-europe.org<\/a> &#8211; website: <a href=\"http:\/\/www.inclusion-europe.org\">www.inclusion-europe.org<\/a><\/td>\n<\/tr>\n<tr>\n<td colspan=\"2\">\n<hr \/>\n<\/td>\n<\/tr>\n<tr>\n<td><\/td>\n<td><strong>Anffas Onlus<\/strong><br \/>\nVia Casilina 3\/T, 00182 Roma \u2013 Italy<br \/>\nTel: 00 396 3611524 \u2013 00 396 3212391<br \/>\ne-mail: <a href=\"mailto:nazionale@anffas.net\">nazionale@anffas.net<\/a> \u2013 website: <a href=\"http:\/\/www.anffas.net\">www.anffas.net<\/a><\/td>\n<\/tr>\n<tr>\n<td colspan=\"2\">\n<hr \/>\n<\/td>\n<\/tr>\n<tr>\n<td><\/td>\n<td><strong>Udruga za samozastupanje<\/strong><br \/>\nBleiweisova 15, 10000 Zagabria \u2013 Croatia<br \/>\nTel: 00385 1 555 66 80<br \/>\ne-mail: <a href=\"mailto:kontakt@samozastupanje.hr\">kontakt@samozastupanje.hr<\/a> -website: <a href=\"http:\/\/www.samozastupanje.hr\">www.samozastupanje.hr<\/a><\/td>\n<\/tr>\n<tr>\n<td colspan=\"2\">\n<hr \/>\n<\/td>\n<\/tr>\n<tr>\n<td><\/td>\n<td><strong>EVPIT<br \/>\n<\/strong>Maleva 16, 11711 Tallinn \u2013 Estonia<br \/>\nTel.: 00372 660 50 67 &#8211; Gsm: 00372 56671222<br \/>\ne-mail: <a href=\"mailto:evpit@vaimukad.ee\">evpit@vaimukad.ee<\/a> \u2013 website: <a href=\"http:\/\/www.vaimukad.ee\">www.vaimukad.ee<\/a><\/td>\n<\/tr>\n<tr>\n<td colspan=\"2\">\n<hr \/>\n<\/td>\n<\/tr>\n<tr>\n<td><\/td>\n<td><strong>Rupju Berns<br \/>\n<\/strong>Ventspils iela 29, R\u012bga &#8211; Lettonia<br \/>\nTel.: 00371 67617609<br \/>\ne-mail: <a href=\"mailto:irina.rulle.saule@apollo.lv\">irina.rulle.saule@apollo.lv<\/a> \u2013 website: <a href=\"http:\/\/www.saule.org.lv\">www.saule.org.lv<\/a><\/td>\n<\/tr>\n<tr>\n<td colspan=\"2\">\n<hr \/>\n<\/td>\n<\/tr>\n<tr>\n<td><\/td>\n<td><strong>SPMP \u010cR &#8211; Inclusion Czech Republic<br \/>\n<\/strong>Karlinske nam. 12\/59, 186 03 Praga 8 \u2013 Czech Republic<br \/>\nTel: 00420 221 890 436<br \/>\ne-mail: <a href=\"mailto:spmp@seznam.cz\">spmp@seznam.cz<\/a> \u2013 website: <a href=\"http:\/\/www.spmpcr.cz\">www.spmpcr.cz<\/a><\/td>\n<\/tr>\n<tr>\n<td colspan=\"2\">\n<hr \/>\n<\/td>\n<\/tr>\n<tr>\n<td><\/td>\n<td><strong>ZPMPvSR<br \/>\n<\/strong>Heydukova 25, 811 08 Bratislava \u2013 Slovakia<br \/>\nTel: 00421 2 63814968<br \/>\ne-mail: <a href=\"mailto:zpmpvsr@zpmpvsr.sk\">zpmpvsr@zpmpvsr.sk<\/a> \u2013 website: <a href=\"http:\/\/www.zpmpvsr.sk\">www.zpmpvsr.sk<\/a><\/td>\n<\/tr>\n<tr>\n<td colspan=\"2\">\n<hr \/>\n<\/td>\n<\/tr>\n<tr>\n<td><\/td>\n<td><strong>Zveza So\u017eitje<br \/>\n<\/strong>Samova ulica 9, 1000 Lubiana \u2013 Slovenia<br \/>\nTel: 00386 1 43 69 750<br \/>\ne-mail: <a href=\"mailto:info@zveza-sozitje.si\">info@zveza-sozitje.si<\/a> \u2013 website: <a href=\"http:\/\/www.zveza-sozitje.si\">www.zveza-sozitje.si<\/a><\/td>\n<\/tr>\n<tr>\n<td colspan=\"2\">\n<hr \/>\n<\/td>\n<\/tr>\n<tr>\n<td><\/td>\n<td><strong>FEAPS Confederacion<\/strong><br \/>\nAvda. General Peron 32, 28020 Madrid \u2013 Spain<br \/>\nTel.: 0034 91 556 74 13<br \/>\ne-mail: <a href=\"mailto:feaps@feaps.org\">feaps@feaps.org<\/a> \u2013 website: <a href=\"http:\/\/www.feaps.org\">www.feaps.org<\/a><\/td>\n<\/tr>\n<tr>\n<td colspan=\"2\">\n<hr \/>\n<\/td>\n<\/tr>\n<tr>\n<td><\/td>\n<td><strong>EFOESZ<\/strong><br \/>\n17 Lonyay utca, H-1093 Budapest \u2013 Hungary<br \/>\nTel.: 0036 1 411 1356<br \/>\ne-mail: <a href=\"mailto:efoesz@efoesz.hu\">efoesz@efoesz.hu<\/a> \u2013 website: <a href=\"http:\/\/www.efoesz.hu\">www.efoesz.hu<\/a><\/td>\n<\/tr>\n<tr>\n<td colspan=\"2\">\n<hr \/>\n<\/td>\n<\/tr>\n<tr>\n<td><\/td>\n<td><strong>Atempo<br \/>\n<\/strong>Grazbachgasse 39, 8010 Graz \u2013 Austria<br \/>\nTel: 0043 316 &#8211; 81 47 16 -0<br \/>\ne-mail: <a href=\"mailto:capito@atempo.at\">capito@atempo.at<\/a> \u2013 Website: <a href=\"http:\/\/www.atempo.at\/\">http:\/\/www.atempo.at\/<\/a><\/td>\n<\/tr>\n<tr>\n<td colspan=\"2\">\n<hr \/>\n<\/td>\n<\/tr>\n<tr>\n<td><\/td>\n<td><strong>Me Itse ry Pinninkatu<br \/>\n<\/strong>51, 33100 Tampere \u2013 Finland<br \/>\nTel: 00358 0207 718 200<br \/>\ne-mail: <a href=\"mailto:me.itse@kvtl.fi\">me.itse@kvtl.fi<\/a> \u2013 Website: <a href=\"http:\/\/www.kvtl.fi\/sivu\/me_itse_ry\">http:\/\/www.kvtl.fi\/sivu\/me_itse_ry<\/a><\/td>\n<\/tr>\n<tr>\n<td colspan=\"2\">\n<hr \/>\n<\/td>\n<\/tr>\n<tr>\n<td><\/td>\n<td><strong>Nous Aussi<br \/>\n<\/strong>15 rue Coysevox, 75876 Paris Cedex 18 \u2013 France<br \/>\nTel: 0033 1 44 85 50 50<br \/>\ne-mail: <a href=\"mailto:nous-aussi@unapei.org\">nous-aussi@unapei.org<\/a>\u00a0\u2013 Website: <a href=\"http:\/\/www.nousaussi.org\">http:\/\/www.nousaussi.org<\/a><\/td>\n<\/tr>\n<tr>\n<td colspan=\"2\">\n<hr \/>\n<\/td>\n<\/tr>\n<tr>\n<td><\/td>\n<td><strong>UNAPEI<br \/>\n<\/strong>15 rue Coysevox, 75876 Paris Cedex 18 \u2013 France<br \/>\nTel: 0033 1 44 85 50 50<br \/>\ne-mail: <a href=\"mailto:public@unapei.org\">public@unapei.org<\/a>\u00a0\u2013 Website: <a href=\"http:\/\/www.unapei.org\/\">http:\/\/www.unapei.org\/<\/a><\/td>\n<\/tr>\n<tr>\n<td colspan=\"2\">\n<hr \/>\n<\/td>\n<\/tr>\n<tr>\n<td><\/td>\n<td><strong>B\u00fcro f\u00fcr Leichte Sprache of Lebenshilfe Bremen<br \/>\n<\/strong>Waller Heerstra\u00dfe 59, 28217 Bremen \u2013 Germany<br \/>\nTel: 0049 421 387 77 79<br \/>\ne-mail: <a href=\"mailto:leichte-sprache@lebenshilfe-bremen.de\">leichte-sprache@lebenshilfe-bremen.de<\/a><br \/>\nWebsite: <a href=\"http:\/\/www.lebenshilfe-bremen.de\">http:\/\/www.lebenshilfe-bremen.de<\/a><\/td>\n<\/tr>\n<tr>\n<td colspan=\"2\">\n<hr \/>\n<\/td>\n<\/tr>\n<tr>\n<td><\/td>\n<td><strong>Inclusion Ireland<br \/>\n<\/strong>Unit C2, The Steelworks, Foley St, Dublin 1, Ireland<br \/>\nTel: 00353 1 8559891<br \/>\ne-mail: <a href=\"mailto:info@inclusionireland.ie\">info@inclusionireland.ie<\/a>\u00a0\u2013 Website: <a href=\"http:\/\/www.inclusionireland.ie\/\">http:\/\/www.inclusionireland.ie\/<\/a><\/td>\n<\/tr>\n<tr>\n<td colspan=\"2\">\n<hr \/>\n<\/td>\n<\/tr>\n<tr>\n<td><\/td>\n<td><strong>VILTIS<br \/>\n<\/strong>Kalvarij\u0173 g.143, 08221 Vilnius \u2013 Lithuania<br \/>\nTel: 00370 5 261 52 23<br \/>\ne-mail: <a href=\"mailto:viltis@viltis.lt\">viltis@viltis.lt<\/a> \u2013 Website: <a href=\"http:\/\/viltis.lt\">http:\/\/viltis.lt<\/a><\/td>\n<\/tr>\n<tr>\n<td colspan=\"2\">\n<hr \/>\n<\/td>\n<\/tr>\n<tr>\n<td><\/td>\n<td><strong>FENACERCI<br \/>\n<\/strong>Rua Augusto Macedo 2A, 1600-794 Lisboa \u2013 Portugal<br \/>\nTel: 00351 217 11 25 80<br \/>\ne-mail: <a href=\"mailto:fenacerci@fenacerci.pt\">fenacerci@fenacerci.pt<\/a> \u2013 Website: <a href=\"http:\/\/www.fenacerci.pt\/\">http:\/\/www.fenacerci.pt\/<\/a><\/td>\n<\/tr>\n<tr>\n<td colspan=\"2\">\n<hr \/>\n<\/td>\n<\/tr>\n<tr>\n<td><\/td>\n<td><strong>ENABLE Scotland<br \/>\n<\/strong>ACE 2nd Floor,146 Argyle Street, Glasgow G2 8BL \u2013 Scotland<br \/>\nTel: 0044 141 226 4541<br \/>\ne-mail: <a href=\"mailto:enable@enable.org.uk\">enable@enable.org.uk<\/a> \u2013 Website: <a href=\"http:\/\/www.enable.org.uk\/\">http:\/\/www.enable.org.uk\/<\/a><\/td>\n<\/tr>\n<\/tbody>\n<\/table>\n<p>&#8211; See more at: http:\/\/www.inclusion-europe.org\/etr\/en\/easy-to-read-in-europe\/national-organisations#sthash.OSTCPcqt.dpuf<\/p>\n<\/div>\n","protected":false},"excerpt":{"rendered":"<p>Viegli las\u0101ms J\u016bsu valst\u012b \u0160is ir to organiz\u0101ciju saraksts, kas sadarbojas ar mums viegli las\u0101mas inform\u0101cijas jom\u0101. T\u0101s var pal\u012bdz\u012bt Jums padar\u012bt inform\u0101ciju J\u016bsu valod\u0101 viegli las\u0101mu un saprotamu. Inclusion Europe Rue d&#8217;Arlon 55, 1040 Brussels &#8211; Belgium Tel: 0032 2 502 28 15 e-mail: seretariat@inclusion-europe.org &#8211; website: www.inclusion-europe.org Anffas Onlus Via Casilina 3\/T, 00182 [&hellip;]<\/p>\n","protected":false},"author":1,"featured_media":0,"parent":0,"menu_order":0,"comment_status":"closed","ping_status":"closed","template":"","meta":[],"_links":{"self":[{"href":"https:\/\/easy-to-read.inclusion-europe.eu\/lv\/wp-json\/wp\/v2\/pages\/146"}],"collection":[{"href":"https:\/\/easy-to-read.inclusion-europe.eu\/lv\/wp-json\/wp\/v2\/pages"}],"about":[{"href":"https:\/\/easy-to-read.inclusion-europe.eu\/lv\/wp-json\/wp\/v2\/types\/page"}],"author":[{"embeddable":true,"href":"https:\/\/easy-to-read.inclusion-europe.eu\/lv\/wp-json\/wp\/v2\/users\/1"}],"replies":[{"embeddable":true,"href":"https:\/\/easy-to-read.inclusion-europe.eu\/lv\/wp-json\/wp\/v2\/comments?post=146"}],"version-history":[{"count":6,"href":"https:\/\/easy-to-read.inclusion-europe.eu\/lv\/wp-json\/wp\/v2\/pages\/146\/revisions"}],"predecessor-version":[{"id":1281,"href":"https:\/\/easy-to-read.inclusion-europe.eu\/lv\/wp-json\/wp\/v2\/pages\/146\/revisions\/1281"}],"wp:attachment":[{"href":"https:\/\/easy-to-read.inclusion-europe.eu\/lv\/wp-json\/wp\/v2\/media?parent=146"}],"curies":[{"name":"wp","href":"https:\/\/api.w.org\/{rel}","templated":true}]}}