{"id":201,"date":"2014-12-14T17:37:30","date_gmt":"2014-12-14T17:37:30","guid":{"rendered":"http:\/\/easy-to-read.eu\/?page_id=201"},"modified":"2015-01-02T18:43:49","modified_gmt":"2015-01-02T18:43:49","slug":"projects","status":"publish","type":"page","link":"https:\/\/easy-to-read.inclusion-europe.eu\/lt\/projects\/","title":{"rendered":"Projektai"},"content":{"rendered":"<div id=\"stcpDiv\">\n<h3><\/h3>\n<h1><span style=\"color: #008000;\">Kelias \u012f suaugusi\u0173j\u0173 proto negali\u0105 turin\u010di\u0173 \u017emoni\u0173 \u0161vietim\u0105<\/span><\/h1>\n<p>\u017dmon\u0117ms, turintiems proto negali\u0105, vis\u0105 gyvenim\u0105 trunkantis mokymasis yra mokymai ne tik apie naujus \u012fg\u016bd\u017eius ar profesin\u012f mokym\u0105. Tai mokymai apie integracij\u0105 \u012f visuomen\u0119, apie atstovavim\u0105 sau, apie didesn\u0119 kontrol\u0119 savo kasdieniame gyvenime ir ateityje. Ta\u010diau viena i\u0161 pagrindini\u0173 kli\u016b\u010di\u0173 d\u0117l prieinamumo prie vis\u0105 gyvenim\u0105 trunkan\u010di\u0173 mokymosi program\u0173 yra suaugusi\u0173j\u0173 mokym\u0173 prieinamumo ir informacin\u0117s med\u017eiagos lengvai skaitoma kalba stoka.<\/p>\n<p>Tam, kad pagerinti \u0161i\u0173 program\u0173 prieinamum\u0105, Pathways projektai suk\u016br\u0117 Europinius Lengvai Skaitomos kalbos standartus ir e-mokymosi med\u017eiag\u0105 suaugusi\u0173j\u0173 \u0161vietimui. Patheway II rem\u0117si pirminio Pathway projekto rezultatais ir padidino jo \u012ftak\u0105, apimant beveik vis\u0105 Europos S\u0105jung\u0105. Daugiau informacijos apie projekt\u0105 rasite www.life-long-learning.eu<\/p>\n<table border=\"0\">\n<tbody>\n<tr>\n<td><img loading=\"lazy\" src=\"http:\/\/www.inclusion-europe.org\/etr\/images\/M_images\/EU_flag_LLP_EN-01_web.gif\" alt=\"EU flag LLP EN-01 web\" width=\"250\" height=\"97\" \/><\/td>\n<td>Europos S\u0105jungos Mokymosi vis\u0105 gyvenim\u0105 programos parama<\/td>\n<\/tr>\n<\/tbody>\n<\/table>\n<\/div>\n","protected":false},"excerpt":{"rendered":"<p>Kelias \u012f suaugusi\u0173j\u0173 proto negali\u0105 turin\u010di\u0173 \u017emoni\u0173 \u0161vietim\u0105 \u017dmon\u0117ms, turintiems proto negali\u0105, vis\u0105 gyvenim\u0105 trunkantis mokymasis yra mokymai ne tik apie naujus \u012fg\u016bd\u017eius ar profesin\u012f mokym\u0105. Tai mokymai apie integracij\u0105 \u012f visuomen\u0119, apie atstovavim\u0105 sau, apie didesn\u0119 kontrol\u0119 savo kasdieniame gyvenime ir ateityje. Ta\u010diau viena i\u0161 pagrindini\u0173 kli\u016b\u010di\u0173 d\u0117l prieinamumo prie vis\u0105 gyvenim\u0105 trunkan\u010di\u0173 mokymosi [&hellip;]<\/p>\n","protected":false},"author":1,"featured_media":0,"parent":0,"menu_order":0,"comment_status":"closed","ping_status":"closed","template":"","meta":[],"_links":{"self":[{"href":"https:\/\/easy-to-read.inclusion-europe.eu\/lt\/wp-json\/wp\/v2\/pages\/201"}],"collection":[{"href":"https:\/\/easy-to-read.inclusion-europe.eu\/lt\/wp-json\/wp\/v2\/pages"}],"about":[{"href":"https:\/\/easy-to-read.inclusion-europe.eu\/lt\/wp-json\/wp\/v2\/types\/page"}],"author":[{"embeddable":true,"href":"https:\/\/easy-to-read.inclusion-europe.eu\/lt\/wp-json\/wp\/v2\/users\/1"}],"replies":[{"embeddable":true,"href":"https:\/\/easy-to-read.inclusion-europe.eu\/lt\/wp-json\/wp\/v2\/comments?post=201"}],"version-history":[{"count":5,"href":"https:\/\/easy-to-read.inclusion-europe.eu\/lt\/wp-json\/wp\/v2\/pages\/201\/revisions"}],"predecessor-version":[{"id":1168,"href":"https:\/\/easy-to-read.inclusion-europe.eu\/lt\/wp-json\/wp\/v2\/pages\/201\/revisions\/1168"}],"wp:attachment":[{"href":"https:\/\/easy-to-read.inclusion-europe.eu\/lt\/wp-json\/wp\/v2\/media?parent=201"}],"curies":[{"name":"wp","href":"https:\/\/api.w.org\/{rel}","templated":true}]}}