{"id":173,"date":"2014-12-14T17:26:25","date_gmt":"2014-12-14T17:26:25","guid":{"rendered":"http:\/\/easy-to-read.eu\/?page_id=173"},"modified":"2015-01-02T18:46:33","modified_gmt":"2015-01-02T18:46:33","slug":"european-standards","status":"publish","type":"page","link":"https:\/\/easy-to-read.inclusion-europe.eu\/lt\/european-standards\/","title":{"rendered":"Standartai"},"content":{"rendered":"<div id=\"stcpDiv\">\n<h3><\/h3>\n<h3><span style=\"color: #008000;\">Europiniai standartai padaro informacij\u0105 lengvai skaitoma ir suprantama.<\/span><\/h3>\n<table>\n<tbody>\n<tr>\n<td style=\"vertical-align: top;\">Mums reikia daugiau informacijos, kuria galima b\u016bt\u0173 lengvai skaityti ir suprasti.Mes turime laikytis t\u0173 pa\u010di\u0173 standart\u0173.<\/p>\n<p>Mes turime parengti informacij\u0105 teisingai.<\/p>\n<p>Mes turime laikytis paprast\u0173 taisykli\u0173, kad informacij\u0105 b\u016bt\u0173 lengva skaityti ir suprasti.<\/p>\n<p><a href=\"http:\/\/easy-to-read.inclusion-europe.eu\/wp-content\/uploads\/2014\/12\/LT_Information_for_all.pdf\" target=\"_blank\">Spauskite \u010dia, kad gauti Europinius standartus.<\/a><\/p>\n<p>J\u016bs galite rasti taisykles 15 skirting\u0173 kalb\u0173.<\/td>\n<td><span style=\"color: #ffffff;\">..<\/span><\/td>\n<td><a href=\"http:\/\/easy-to-read.inclusion-europe.eu\/wp-content\/uploads\/2014\/12\/LT_Information_for_all.pdf\" target=\"_blank\"><img loading=\"lazy\" class=\"alignnone size-medium wp-image-686\" src=\"http:\/\/easy-to-read.inclusion-europe.eu\/wp-content\/uploads\/2014\/12\/LT_Information_for_all-205x300.jpg\" alt=\"LT_Information_for_all\" width=\"205\" height=\"300\" srcset=\"https:\/\/easy-to-read.inclusion-europe.eu\/wp-content\/uploads\/2014\/12\/LT_Information_for_all-205x300.jpg 205w, https:\/\/easy-to-read.inclusion-europe.eu\/wp-content\/uploads\/2014\/12\/LT_Information_for_all-335x490.jpg 335w, https:\/\/easy-to-read.inclusion-europe.eu\/wp-content\/uploads\/2014\/12\/LT_Information_for_all-167x245.jpg 167w, https:\/\/easy-to-read.inclusion-europe.eu\/wp-content\/uploads\/2014\/12\/LT_Information_for_all.jpg 612w\" sizes=\"(max-width: 205px) 100vw, 205px\" \/><\/a><\/td>\n<\/tr>\n<\/tbody>\n<\/table>\n<\/div>\n","protected":false},"excerpt":{"rendered":"<p>Europiniai standartai padaro informacij\u0105 lengvai skaitoma ir suprantama. Mums reikia daugiau informacijos, kuria galima b\u016bt\u0173 lengvai skaityti ir suprasti.Mes turime laikytis t\u0173 pa\u010di\u0173 standart\u0173. Mes turime parengti informacij\u0105 teisingai. Mes turime laikytis paprast\u0173 taisykli\u0173, kad informacij\u0105 b\u016bt\u0173 lengva skaityti ir suprasti. Spauskite \u010dia, kad gauti Europinius standartus. J\u016bs galite rasti taisykles 15 skirting\u0173 kalb\u0173. ..<\/p>\n","protected":false},"author":1,"featured_media":0,"parent":0,"menu_order":0,"comment_status":"closed","ping_status":"closed","template":"","meta":[],"_links":{"self":[{"href":"https:\/\/easy-to-read.inclusion-europe.eu\/lt\/wp-json\/wp\/v2\/pages\/173"}],"collection":[{"href":"https:\/\/easy-to-read.inclusion-europe.eu\/lt\/wp-json\/wp\/v2\/pages"}],"about":[{"href":"https:\/\/easy-to-read.inclusion-europe.eu\/lt\/wp-json\/wp\/v2\/types\/page"}],"author":[{"embeddable":true,"href":"https:\/\/easy-to-read.inclusion-europe.eu\/lt\/wp-json\/wp\/v2\/users\/1"}],"replies":[{"embeddable":true,"href":"https:\/\/easy-to-read.inclusion-europe.eu\/lt\/wp-json\/wp\/v2\/comments?post=173"}],"version-history":[{"count":8,"href":"https:\/\/easy-to-read.inclusion-europe.eu\/lt\/wp-json\/wp\/v2\/pages\/173\/revisions"}],"predecessor-version":[{"id":1170,"href":"https:\/\/easy-to-read.inclusion-europe.eu\/lt\/wp-json\/wp\/v2\/pages\/173\/revisions\/1170"}],"wp:attachment":[{"href":"https:\/\/easy-to-read.inclusion-europe.eu\/lt\/wp-json\/wp\/v2\/media?parent=173"}],"curies":[{"name":"wp","href":"https:\/\/api.w.org\/{rel}","templated":true}]}}