{"id":135,"date":"2014-12-14T17:16:41","date_gmt":"2014-12-14T17:16:41","guid":{"rendered":"http:\/\/easy-to-read.eu\/?page_id=135"},"modified":"2015-01-02T18:22:16","modified_gmt":"2015-01-02T18:22:16","slug":"8-2","status":"publish","type":"page","link":"https:\/\/easy-to-read.inclusion-europe.eu\/lt\/","title":{"rendered":"PAGRINDINIS PUSLAPIS"},"content":{"rendered":"<h3><span style=\"color: #008000;\"><br \/>\nParenk prieinam\u0105 informacij\u0105!<\/span><\/h3>\n<p>\u017dmon\u0117ms su proto negalia tur\u0117ti informacij\u0105 yra svarbu.<\/p>\n<p>Informacija leid\u017eia:<\/p>\n<ul>\n<li>Su\u017einoti nauj\u0173 dalyk\u0173.<\/li>\n<li>Dalyvauti visuomen\u0117s veikloje.<\/li>\n<li>\u017dinoti savo teises ir jas ginti.<\/li>\n<li>Apsispr\u0119sti ir pasirinkti.<\/li>\n<\/ul>\n<p>\u017dmon\u0117s su proto negalia turi teis\u0119 gauti informacij\u0105 lengvai skaitoma kalba.<\/p>\n<p>&nbsp;<\/p>\n","protected":false},"excerpt":{"rendered":"<p>Parenk prieinam\u0105 informacij\u0105! \u017dmon\u0117ms su proto negalia tur\u0117ti informacij\u0105 yra svarbu. Informacija leid\u017eia: Su\u017einoti nauj\u0173 dalyk\u0173. Dalyvauti visuomen\u0117s veikloje. \u017dinoti savo teises ir jas ginti. Apsispr\u0119sti ir pasirinkti. \u017dmon\u0117s su proto negalia turi teis\u0119 gauti informacij\u0105 lengvai skaitoma kalba. &nbsp;<\/p>\n","protected":false},"author":1,"featured_media":0,"parent":0,"menu_order":0,"comment_status":"closed","ping_status":"closed","template":"","meta":[],"_links":{"self":[{"href":"https:\/\/easy-to-read.inclusion-europe.eu\/lt\/wp-json\/wp\/v2\/pages\/135"}],"collection":[{"href":"https:\/\/easy-to-read.inclusion-europe.eu\/lt\/wp-json\/wp\/v2\/pages"}],"about":[{"href":"https:\/\/easy-to-read.inclusion-europe.eu\/lt\/wp-json\/wp\/v2\/types\/page"}],"author":[{"embeddable":true,"href":"https:\/\/easy-to-read.inclusion-europe.eu\/lt\/wp-json\/wp\/v2\/users\/1"}],"replies":[{"embeddable":true,"href":"https:\/\/easy-to-read.inclusion-europe.eu\/lt\/wp-json\/wp\/v2\/comments?post=135"}],"version-history":[{"count":4,"href":"https:\/\/easy-to-read.inclusion-europe.eu\/lt\/wp-json\/wp\/v2\/pages\/135\/revisions"}],"predecessor-version":[{"id":1155,"href":"https:\/\/easy-to-read.inclusion-europe.eu\/lt\/wp-json\/wp\/v2\/pages\/135\/revisions\/1155"}],"wp:attachment":[{"href":"https:\/\/easy-to-read.inclusion-europe.eu\/lt\/wp-json\/wp\/v2\/media?parent=135"}],"curies":[{"name":"wp","href":"https:\/\/api.w.org\/{rel}","templated":true}]}}