{"id":152,"date":"2014-12-14T17:30:46","date_gmt":"2014-12-14T17:30:46","guid":{"rendered":"http:\/\/easy-to-read.eu\/?page_id=152"},"modified":"2019-04-15T14:50:57","modified_gmt":"2019-04-15T14:50:57","slug":"european-logo","status":"publish","type":"page","link":"https:\/\/easy-to-read.inclusion-europe.eu\/it\/european-logo\/","title":{"rendered":"Logo europeo"},"content":{"rendered":"<div id=\"stcpDiv\">\n<h3><\/h3>\n<h3><span style=\"color: #008000;\">Come utilizzare il logo europeo facile da leggere?<\/span><\/h3>\n<p><a href=\"http:\/\/www.inclusion-europe.org\" target=\"_blank\" rel=\"noopener\">Inclusion Europe<\/a> ha fatto il logo facile da leggere.<\/p>\n<p>Se vedete il logo su un documento,<br \/>\nci\u00f2 significa che il documento \u00e8 di facile lettura e comprensione.<\/p>\n<p>Tutti possono utilizzare il logo.<\/p>\n<p>E\u2019 possibile usare il logo sul vostro documento, brochure o un sito web in facile leggere.<\/p>\n<p>Non \u00e8 necessario pagare per l&#8217;utilizzo del logo.<\/p>\n<p>Ma \u00e8 necessario seguire alcune regole:<\/p>\n<ul>\n<li>Il documento deve essere scritto secondo le regole fissate dal formato facile da leggere.<br \/>\nQueste regole sono chiamate standard europeo per rendere le informazioni in formato facile da leggere e comprensione.<\/li>\n<\/ul>\n<ul>\n<li>Almeno 1 persona con disabilit\u00e0 intellettiva<br \/>\ndeve leggere il documento e dire che \u00e8 facile da leggere e capire.<br \/>\nQui di seguito, potete vedere altre regole<br \/>\nsu come utilizzare il logo facile da leggere.<\/li>\n<\/ul>\n<p style=\"text-align: center;\"><strong><br \/>\nCondizioni per l&#8217;utilizzo del logo di facile lettura<\/strong><\/p>\n<p>&nbsp;<\/p>\n<ol>\n<li>Le persone che utilizzano il logo devono seguire le&#8221;regole europee per rendere le informazioni in formato facile da leggere e da comprensione&#8221;.<\/li>\n<li>L&#8217;uso di questo logo deve essere effettuato secondo le seguenti indicazioni:<\/li>\n<li>Colore: Blu:<\/li>\n<\/ol>\n<ul>\n<li>PANTONE-072;<\/li>\n<li>CMYK-Ciano 100%, Magenta 87%, nero 6%;<\/li>\n<li>RVB: 26-63-147;<\/li>\n<li>WEB: #333399<\/li>\n<\/ul>\n<ol>\n<li>b. Dimensione minima: 15mm<\/li>\n<li>Uno o pi\u00f9 persone con disabilit\u00e0 intellettiva la cui lingua madre \u00e8 la lingua che si sta utilizzando nella pubblicazione dovrebbe rileggere la pubblicazione. Il nome dei revisori dovrebbe apparire nella brochure.<\/li>\n<li>\u00c8 necessario citare la seguente frase in vostre pubblicazioni: &#8220;\u00a9 logo europeo per facile da leggere : Inclusion Europe. Maggiori informazioni su www.easy-to-read.eu &#8220;.<\/li>\n<\/ol>\n<p>Inclusion Europe si riserva il diritto di revocare il permesso di utilizzare il logo europeo di facile lettura se le pubblicazioni presentate dovrebbero sollevare seri dubbi sulla applicazione dellle regole di facile lettura nella preparazione dei documenti.<\/p>\n<p>&nbsp;<\/p>\n<table border=\"2\">\n<tbody>\n<tr>\n<td style=\"vertical-align: middle;\"><span class=\"hps\">Logo Facile leggere\u00a0&#8230;&#8230;&#8230;&#8230;&#8230;&#8230;&#8230;&#8230;&#8230;&#8230;&#8230;&#8230;&#8230;. gif<\/span><\/td>\n<td><span class=\"hps\"><a href=\"http:\/\/easy-to-read.inclusion-europe.eu\/wp-content\/uploads\/2014\/12\/ETR.gif\" target=\"_blank\" rel=\"noopener\"><img loading=\"lazy\" class=\"alignnone wp-image-81\" src=\"http:\/\/easy-to-read.inclusion-europe.eu\/wp-content\/uploads\/2014\/12\/ETR-300x297.gif\" alt=\"ETR\" width=\"89\" height=\"88\" srcset=\"https:\/\/easy-to-read.inclusion-europe.eu\/wp-content\/uploads\/2014\/12\/ETR-300x297.gif 300w, https:\/\/easy-to-read.inclusion-europe.eu\/wp-content\/uploads\/2014\/12\/ETR-150x150.gif 150w, https:\/\/easy-to-read.inclusion-europe.eu\/wp-content\/uploads\/2014\/12\/ETR-493x490.gif 493w, https:\/\/easy-to-read.inclusion-europe.eu\/wp-content\/uploads\/2014\/12\/ETR-246x245.gif 246w\" sizes=\"(max-width: 89px) 100vw, 89px\" \/><\/a><\/span><\/td>\n<\/tr>\n<tr>\n<td style=\"vertical-align: middle;\"><span class=\"hps\">Logo Facile leggere\u00a0&#8230;&#8230;&#8230;&#8230;&#8230;&#8230;&#8230;&#8230;&#8230;&#8230;&#8230;&#8230;&#8230; jpg<\/span><\/td>\n<td><span class=\"hps\"><a href=\"http:\/\/easy-to-read.inclusion-europe.eu\/wp-content\/uploads\/2014\/12\/ETR.jpg\" target=\"_blank\" rel=\"noopener\"><img loading=\"lazy\" class=\"alignnone wp-image-81\" src=\"http:\/\/easy-to-read.inclusion-europe.eu\/wp-content\/uploads\/2014\/12\/ETR-300x297.gif\" alt=\"ETR\" width=\"89\" height=\"88\" srcset=\"https:\/\/easy-to-read.inclusion-europe.eu\/wp-content\/uploads\/2014\/12\/ETR-300x297.gif 300w, https:\/\/easy-to-read.inclusion-europe.eu\/wp-content\/uploads\/2014\/12\/ETR-150x150.gif 150w, https:\/\/easy-to-read.inclusion-europe.eu\/wp-content\/uploads\/2014\/12\/ETR-493x490.gif 493w, https:\/\/easy-to-read.inclusion-europe.eu\/wp-content\/uploads\/2014\/12\/ETR-246x245.gif 246w\" sizes=\"(max-width: 89px) 100vw, 89px\" \/><\/a><\/span><\/td>\n<\/tr>\n<tr>\n<td style=\"vertical-align: middle;\"><span class=\"hps\">Logo Facile leggere\u00a0&#8230;&#8230;&#8230;&#8230;&#8230;&#8230;&#8230;&#8230;&#8230;&#8230;&#8230;&#8230;&#8230; tiff<\/span><\/td>\n<td><span class=\"hps\"><a href=\"http:\/\/easy-to-read.inclusion-europe.eu\/wp-content\/uploads\/2014\/12\/ETR.tiff\" target=\"_blank\" rel=\"noopener\"><img loading=\"lazy\" class=\"alignnone wp-image-81\" src=\"http:\/\/easy-to-read.inclusion-europe.eu\/wp-content\/uploads\/2014\/12\/ETR-300x297.gif\" alt=\"ETR\" width=\"89\" height=\"88\" srcset=\"https:\/\/easy-to-read.inclusion-europe.eu\/wp-content\/uploads\/2014\/12\/ETR-300x297.gif 300w, https:\/\/easy-to-read.inclusion-europe.eu\/wp-content\/uploads\/2014\/12\/ETR-150x150.gif 150w, https:\/\/easy-to-read.inclusion-europe.eu\/wp-content\/uploads\/2014\/12\/ETR-493x490.gif 493w, https:\/\/easy-to-read.inclusion-europe.eu\/wp-content\/uploads\/2014\/12\/ETR-246x245.gif 246w\" sizes=\"(max-width: 89px) 100vw, 89px\" \/><\/a><\/span><\/td>\n<\/tr>\n<\/tbody>\n<\/table>\n<div id=\"style2\"><\/div>\n<div id=\"style2\"><\/div>\n<\/div>\n","protected":false},"excerpt":{"rendered":"<p>Come utilizzare il logo europeo facile da leggere? Inclusion Europe ha fatto il logo facile da leggere. Se vedete il logo su un documento, ci\u00f2 significa che il documento \u00e8 di facile lettura e comprensione. Tutti possono utilizzare il logo. E\u2019 possibile usare il logo sul vostro documento, brochure o un sito web in facile [&hellip;]<\/p>\n","protected":false},"author":1,"featured_media":0,"parent":0,"menu_order":0,"comment_status":"closed","ping_status":"closed","template":"","meta":[],"_links":{"self":[{"href":"https:\/\/easy-to-read.inclusion-europe.eu\/it\/wp-json\/wp\/v2\/pages\/152"}],"collection":[{"href":"https:\/\/easy-to-read.inclusion-europe.eu\/it\/wp-json\/wp\/v2\/pages"}],"about":[{"href":"https:\/\/easy-to-read.inclusion-europe.eu\/it\/wp-json\/wp\/v2\/types\/page"}],"author":[{"embeddable":true,"href":"https:\/\/easy-to-read.inclusion-europe.eu\/it\/wp-json\/wp\/v2\/users\/1"}],"replies":[{"embeddable":true,"href":"https:\/\/easy-to-read.inclusion-europe.eu\/it\/wp-json\/wp\/v2\/comments?post=152"}],"version-history":[{"count":6,"href":"https:\/\/easy-to-read.inclusion-europe.eu\/it\/wp-json\/wp\/v2\/pages\/152\/revisions"}],"predecessor-version":[{"id":1339,"href":"https:\/\/easy-to-read.inclusion-europe.eu\/it\/wp-json\/wp\/v2\/pages\/152\/revisions\/1339"}],"wp:attachment":[{"href":"https:\/\/easy-to-read.inclusion-europe.eu\/it\/wp-json\/wp\/v2\/media?parent=152"}],"curies":[{"name":"wp","href":"https:\/\/api.w.org\/{rel}","templated":true}]}}