{"id":239,"date":"2014-12-18T19:48:50","date_gmt":"2014-12-18T19:48:50","guid":{"rendered":"http:\/\/easy-to-read.eu\/?page_id=239"},"modified":"2015-02-09T16:48:04","modified_gmt":"2015-02-09T16:48:04","slug":"teaching-materials","status":"publish","type":"page","link":"https:\/\/easy-to-read.inclusion-europe.eu\/hu\/teaching-materials\/","title":{"rendered":"Seg\u00e9danyagok"},"content":{"rendered":"<h3><\/h3>\n<h3><span style=\"color: #008000;\"><strong>Kieg\u00e9sz\u00edt\u0151 seg\u00e9danyagok az oktat\u00e1shoz<\/strong><\/span><\/h3>\n<p>A k\u00f6vetkez\u0151 kieg\u00e9sz\u00edt\u0151 anyagok seg\u00edthetnek, az eg\u00e9sz \u00e9leten \u00e1t tart\u00f3 tanul\u00e1s oktat\u00f3inak k\u00e9pz\u00e9s\u00e9ben.<\/p>\n<div>A kiadv\u00e1nyok le\u00edrj\u00e1k,<\/div>\n<div>hogyan kell k\u00f6nnyen \u00e9rthet\u0151 sz\u00f6veget k\u00e9sz\u00edteni,<\/div>\n<div>\u00e9s hogyan kell az \u00e9rtelmi fogyat\u00e9koss\u00e1ggal \u00e9l\u0151 embereket bevonni,<\/div>\n<div>a sz\u00f6vegek elk\u00e9sz\u00edt\u00e9s\u00e9nek folyamat\u00e1ba.<\/div>\n<p><a href=\"http:\/\/easy-to-read.inclusion-europe.eu\/wp-content\/uploads\/2014\/12\/HU_brochures.jpg\"><img loading=\"lazy\" class=\" size-medium wp-image-690 aligncenter\" src=\"http:\/\/easy-to-read.inclusion-europe.eu\/wp-content\/uploads\/2014\/12\/HU_brochures-300x279.jpg\" alt=\"HU_brochures\" width=\"300\" height=\"279\" srcset=\"https:\/\/easy-to-read.inclusion-europe.eu\/wp-content\/uploads\/2014\/12\/HU_brochures-300x279.jpg 300w, https:\/\/easy-to-read.inclusion-europe.eu\/wp-content\/uploads\/2014\/12\/HU_brochures-526x490.jpg 526w, https:\/\/easy-to-read.inclusion-europe.eu\/wp-content\/uploads\/2014\/12\/HU_brochures-263x245.jpg 263w, https:\/\/easy-to-read.inclusion-europe.eu\/wp-content\/uploads\/2014\/12\/HU_brochures.jpg 636w\" sizes=\"(max-width: 300px) 100vw, 300px\" \/><\/a><\/p>\n<ol>\n<li>\n<div><a href=\"http:\/\/easy-to-read.inclusion-europe.eu\/wp-content\/uploads\/2014\/12\/EN_Training_lifelong_learning_staff.pdf\" target=\"_blank\"><span style=\"text-decoration: underline;\">Az eg\u00e9sz \u00e9leten \u00e1t tart\u00f3 tanul\u00e1s oktat\u00f3inak k\u00e9pz\u00e9se c\u00edm\u0171 kiadv\u00e1ny<\/span><\/a><\/div>\n<div>seg\u00edt abban,<\/div>\n<div>hogyan kell haszn\u00e1lni a k\u00f6nnyen \u00e9rthet\u0151 kommunik\u00e1ci\u00f3t<\/div>\n<div>egy sz\u00f6veg megfogalmaz\u00e1sakor.<\/div>\n<\/li>\n<li>\n<div><span style=\"text-decoration: underline;\">A ne \u00edrjon nek\u00fcnk, n\u00e9lk\u00fcl\u00fcnk! c\u00edm\u0171 kiadv\u00e1ny<\/span><\/div>\n<div>seg\u00edt a k\u00f6nnyen \u00e9rthet\u0151 sz\u00f6vegek elk\u00e9sz\u00edt\u00e9s\u00e9ben.<\/div>\n<\/li>\n<li>\n<div><a href=\"http:\/\/easy-to-read.inclusion-europe.eu\/wp-content\/uploads\/2014\/12\/EN_Teaching_can_be_easy.pdf\" target=\"_blank\"><span style=\"text-decoration: underline;\">A tan\u00edt\u00e1s lehet k\u00f6nny\u0171<\/span><\/a> c\u00edm\u0171 kiadv\u00e1ny,<\/div>\n<div>az eg\u00e9sz \u00e9leten \u00e1t tart\u00f3 tanul\u00e1s munkat\u00e1rsainak tartalmaz aj\u00e1nl\u00e1sokat ahhoz,<\/div>\n<div>hogy a k\u00e9pz\u00e9seik m\u00e9g \u00e9rthet\u0151bbek legyenek.<\/div>\n<\/li>\n<\/ol>\n","protected":false},"excerpt":{"rendered":"<p>Kieg\u00e9sz\u00edt\u0151 seg\u00e9danyagok az oktat\u00e1shoz A k\u00f6vetkez\u0151 kieg\u00e9sz\u00edt\u0151 anyagok seg\u00edthetnek, az eg\u00e9sz \u00e9leten \u00e1t tart\u00f3 tanul\u00e1s oktat\u00f3inak k\u00e9pz\u00e9s\u00e9ben. A kiadv\u00e1nyok le\u00edrj\u00e1k, hogyan kell k\u00f6nnyen \u00e9rthet\u0151 sz\u00f6veget k\u00e9sz\u00edteni, \u00e9s hogyan kell az \u00e9rtelmi fogyat\u00e9koss\u00e1ggal \u00e9l\u0151 embereket bevonni, a sz\u00f6vegek elk\u00e9sz\u00edt\u00e9s\u00e9nek folyamat\u00e1ba. Az eg\u00e9sz \u00e9leten \u00e1t tart\u00f3 tanul\u00e1s oktat\u00f3inak k\u00e9pz\u00e9se c\u00edm\u0171 kiadv\u00e1ny seg\u00edt abban, hogyan kell haszn\u00e1lni a [&hellip;]<\/p>\n","protected":false},"author":1,"featured_media":0,"parent":0,"menu_order":0,"comment_status":"closed","ping_status":"closed","template":"","meta":[],"_links":{"self":[{"href":"https:\/\/easy-to-read.inclusion-europe.eu\/hu\/wp-json\/wp\/v2\/pages\/239"}],"collection":[{"href":"https:\/\/easy-to-read.inclusion-europe.eu\/hu\/wp-json\/wp\/v2\/pages"}],"about":[{"href":"https:\/\/easy-to-read.inclusion-europe.eu\/hu\/wp-json\/wp\/v2\/types\/page"}],"author":[{"embeddable":true,"href":"https:\/\/easy-to-read.inclusion-europe.eu\/hu\/wp-json\/wp\/v2\/users\/1"}],"replies":[{"embeddable":true,"href":"https:\/\/easy-to-read.inclusion-europe.eu\/hu\/wp-json\/wp\/v2\/comments?post=239"}],"version-history":[{"count":6,"href":"https:\/\/easy-to-read.inclusion-europe.eu\/hu\/wp-json\/wp\/v2\/pages\/239\/revisions"}],"predecessor-version":[{"id":1215,"href":"https:\/\/easy-to-read.inclusion-europe.eu\/hu\/wp-json\/wp\/v2\/pages\/239\/revisions\/1215"}],"wp:attachment":[{"href":"https:\/\/easy-to-read.inclusion-europe.eu\/hu\/wp-json\/wp\/v2\/media?parent=239"}],"curies":[{"name":"wp","href":"https:\/\/api.w.org\/{rel}","templated":true}]}}