{"id":199,"date":"2014-12-14T17:37:30","date_gmt":"2014-12-14T17:37:30","guid":{"rendered":"http:\/\/easy-to-read.eu\/?page_id=199"},"modified":"2015-02-09T17:17:23","modified_gmt":"2015-02-09T17:17:23","slug":"projects","status":"publish","type":"page","link":"https:\/\/easy-to-read.inclusion-europe.eu\/hu\/projects\/","title":{"rendered":"Projektek"},"content":{"rendered":"<h3><\/h3>\n<h1><span style=\"color: #008000;\"><strong>Az eg\u00e9sz \u00e9leten \u00e1t tart\u00f3 tanul\u00e1s lehet\u0151s\u00e9gei \u00e9rtelmi fogyat\u00e9koss\u00e1ggal \u00e9l\u0151 feln\u0151ttek sz\u00e1m\u00e1ra\u00a0 <\/strong><\/span><\/h1>\n<div>Az \u00e9rtelmi fogyat\u00e9koss\u00e1ggal \u00e9l\u0151 emberek sz\u00e1m\u00e1ra az eg\u00e9sz \u00e9leten \u00e1t tart\u00f3 tanul\u00e1s<\/div>\n<div>nemcsak \u00faj k\u00e9pess\u00e9gek elsaj\u00e1t\u00edt\u00e1s\u00e1r\u00f3l vagy szakmai k\u00e9pz\u00e9sekr\u0151l sz\u00f3l.<\/div>\n<div><\/div>\n<div>Az ilyen programok \u00e1ltal lesznek a fogyat\u00e9kos emberek akt\u00edv r\u00e9szesei a t\u00e1rsadalomnak,<\/div>\n<div>megtanulj\u00e1k k\u00e9pviselni \u00f6nmagukat \u00e9s befoly\u00e1solni mindennapjaikat \u00e9s j\u00f6v\u0151j\u00fcket.<\/div>\n<div><\/div>\n<div>Az \u00e9rtelmi fogyat\u00e9kos emberek sz\u00e1m\u00e1ra<\/div>\n<div>az eg\u00e9sz \u00e9leten \u00e1t tart\u00f3 tanul\u00e1si programokhoz val\u00f3 hozz\u00e1f\u00e9r\u00e9s egyik legnagyobb akad\u00e1lya<\/div>\n<div>a hozz\u00e1f\u00e9rhet\u0151, k\u00f6nnyen \u00e9rthet\u0151 tananyagok hi\u00e1nya.<\/div>\n<div><\/div>\n<div>Ahhoz, hogy n\u00f6velj\u00fck a programokhoz val\u00f3 hozz\u00e1f\u00e9r\u00e9st, a Pathways projekt kidolgozta<\/div>\n<div>az eur\u00f3pai k\u00f6nnyen \u00e9rthet\u0151 kommunik\u00e1ci\u00f3 szab\u00e1lyait<\/div>\n<div>a feln\u0151tt oktat\u00e1s \u00e9s az internetes tanul\u00e1s sz\u00e1m\u00e1ra.<\/div>\n<div><\/div>\n<div>A Pathways 2 projekt a Pathways projekt eredm\u00e9nyeire \u00e9p\u00edtett<\/div>\n<div>\u00e9s megsokszorozta annak hat\u00e1s\u00e1t, mert kiterjesztette a programot<\/div>\n<div>az eg\u00e9sz Eur\u00f3pai Uni\u00f3ra.<\/div>\n<div><\/div>\n<div>B\u0151vebb inform\u00e1ci\u00f3 a Pathways projektr\u0151l az al\u00e1bbi honlapon tal\u00e1lhat\u00f3:<\/div>\n<div><a href=\"http:\/\/www.life-long-learning.eu\">www.life-long-learning.eu<\/a>.<\/div>\n<div><\/div>\n<div>K\u00e9sz\u00fclt az Eur\u00f3pai Uni\u00f3 Eg\u00e9sz \u00e9leten \u00e1t tart\u00f3 tanul\u00e1s programj\u00e1nak t\u00e1mogat\u00e1s\u00e1val.<\/div>\n<div><\/div>\n<table border=\"2\" frame=\"box\">\n<tbody>\n<tr>\n<td><strong>Pathways I<\/strong><\/td>\n<td><\/td>\n<\/tr>\n<tr>\n<td>Implementation Period<\/td>\n<td>2007-2009<\/td>\n<\/tr>\n<tr>\n<td>Funded by<\/td>\n<td>European Commission, Education, Audiovisual and Culture Executive Agency under <a data-mce-hrefundefined=\"data-mce-hrefundefined\">the Grundtvig Programme<\/a><\/td>\n<\/tr>\n<tr>\n<td>Project number<\/td>\n<td>134174-LLP-1-2007-1-BE-GRUNDTVIG-GMP<\/td>\n<\/tr>\n<tr>\n<td>Project coordinator<\/td>\n<td>Inclusion Europe<\/td>\n<\/tr>\n<tr>\n<td>Partners<\/td>\n<td>Enable Ace (Scotland)Me Itse ry (Finland)UNAPEI (France)Nous Aussi (France)Inclusion Ireland (Ireland)Das B\u00fcro f\u00fcr leichte Sprache of Lebenshilfe Bremen (Germany).FENACERCI (Portugal)Atempo (Austria)VILTIS (Lithuania)<\/td>\n<\/tr>\n<tr>\n<td colspan=\"2\"><\/td>\n<\/tr>\n<tr>\n<td><strong>Pathways II<\/strong><\/td>\n<td><\/td>\n<\/tr>\n<tr>\n<td>Implementation period<\/td>\n<td>2011 &#8211; 2013<\/td>\n<\/tr>\n<tr>\n<td>Funded by<\/td>\n<td>European Commission, Education, Audiovisual and Culture Executive Agency under the Lifelong Learning Programme, Key Activity 4<\/td>\n<\/tr>\n<tr>\n<td>Project number<\/td>\n<td>519328-LLP-1-2011-1-BE-KA4-KA4MP<\/td>\n<\/tr>\n<tr>\n<td>Project coordinator<\/td>\n<td>Inclusion Europe<\/td>\n<\/tr>\n<tr>\n<td>Project partners<\/td>\n<td>Association for Self-Advocacy (Croatia)<br \/>\nSPMP (Czech Republic)<br \/>\nEVPIT (Estonia)<br \/>\n\u00c9FO\u00c9SZ (Hungary)<br \/>\nAnffas, (Italy)<br \/>\nRupju Berns (Latvia)<br \/>\nZveza So\u017eitje (Slovenia)<br \/>\nZPMPvSR (Slovakia)<br \/>\nFEAPS (Spain)<\/td>\n<\/tr>\n<\/tbody>\n<\/table>\n<table border=\"0\">\n<tbody>\n<tr>\n<td><img loading=\"lazy\" src=\"http:\/\/www.inclusion-europe.org\/etr\/images\/M_images\/EU_flag_LLP_EN-01_web.gif\" alt=\"EU flag LLP EN-01 web\" width=\"250\" height=\"97\" \/><\/td>\n<td>With the support ofthe Lifelong Learning Programme ofthe European Union<\/td>\n<\/tr>\n<\/tbody>\n<\/table>\n","protected":false},"excerpt":{"rendered":"<p>Az eg\u00e9sz \u00e9leten \u00e1t tart\u00f3 tanul\u00e1s lehet\u0151s\u00e9gei \u00e9rtelmi fogyat\u00e9koss\u00e1ggal \u00e9l\u0151 feln\u0151ttek sz\u00e1m\u00e1ra\u00a0 Az \u00e9rtelmi fogyat\u00e9koss\u00e1ggal \u00e9l\u0151 emberek sz\u00e1m\u00e1ra az eg\u00e9sz \u00e9leten \u00e1t tart\u00f3 tanul\u00e1s nemcsak \u00faj k\u00e9pess\u00e9gek elsaj\u00e1t\u00edt\u00e1s\u00e1r\u00f3l vagy szakmai k\u00e9pz\u00e9sekr\u0151l sz\u00f3l. Az ilyen programok \u00e1ltal lesznek a fogyat\u00e9kos emberek akt\u00edv r\u00e9szesei a t\u00e1rsadalomnak, megtanulj\u00e1k k\u00e9pviselni \u00f6nmagukat \u00e9s befoly\u00e1solni mindennapjaikat \u00e9s j\u00f6v\u0151j\u00fcket. Az \u00e9rtelmi fogyat\u00e9kos [&hellip;]<\/p>\n","protected":false},"author":1,"featured_media":0,"parent":0,"menu_order":0,"comment_status":"closed","ping_status":"closed","template":"","meta":[],"_links":{"self":[{"href":"https:\/\/easy-to-read.inclusion-europe.eu\/hu\/wp-json\/wp\/v2\/pages\/199"}],"collection":[{"href":"https:\/\/easy-to-read.inclusion-europe.eu\/hu\/wp-json\/wp\/v2\/pages"}],"about":[{"href":"https:\/\/easy-to-read.inclusion-europe.eu\/hu\/wp-json\/wp\/v2\/types\/page"}],"author":[{"embeddable":true,"href":"https:\/\/easy-to-read.inclusion-europe.eu\/hu\/wp-json\/wp\/v2\/users\/1"}],"replies":[{"embeddable":true,"href":"https:\/\/easy-to-read.inclusion-europe.eu\/hu\/wp-json\/wp\/v2\/comments?post=199"}],"version-history":[{"count":6,"href":"https:\/\/easy-to-read.inclusion-europe.eu\/hu\/wp-json\/wp\/v2\/pages\/199\/revisions"}],"predecessor-version":[{"id":1227,"href":"https:\/\/easy-to-read.inclusion-europe.eu\/hu\/wp-json\/wp\/v2\/pages\/199\/revisions\/1227"}],"wp:attachment":[{"href":"https:\/\/easy-to-read.inclusion-europe.eu\/hu\/wp-json\/wp\/v2\/media?parent=199"}],"curies":[{"name":"wp","href":"https:\/\/api.w.org\/{rel}","templated":true}]}}