{"id":171,"date":"2014-12-14T17:26:25","date_gmt":"2014-12-14T17:26:25","guid":{"rendered":"http:\/\/easy-to-read.eu\/?page_id=171"},"modified":"2015-02-09T16:00:46","modified_gmt":"2015-02-09T16:00:46","slug":"european-standards","status":"publish","type":"page","link":"https:\/\/easy-to-read.inclusion-europe.eu\/hu\/european-standards\/","title":{"rendered":"Az eur\u00f3pai szabv\u00e1nyok"},"content":{"rendered":"<div id=\"stcpDiv\">\n<h3><\/h3>\n<h3><span style=\"color: #008000;\"><strong>Az eur\u00f3pai szabv\u00e1nyok az inform\u00e1ci\u00f3kat k\u00f6nnyen \u00e9rthet\u0151v\u00e9 \u00e9s feldolgozhat\u00f3v\u00e1 teszik<\/strong><\/span><\/h3>\n<table>\n<tbody>\n<tr>\n<td style=\"vertical-align: top;\">M\u00e9g t\u00f6bb k\u00f6nnyen \u00e9rthet\u0151 inform\u00e1ci\u00f3ra van sz\u00fcks\u00e9g\u00fcnk!<br \/>\nEgys\u00e9gess\u00e9 kell tenn\u00fcnk a k\u00f6nnyen \u00e9rthet\u0151 kommunik\u00e1ci\u00f3t!<br \/>\nA megfelel\u0151 m\u00f3don kell ezt csin\u00e1lnunk.<\/p>\n<p>K\u00f6vesse ezeket az egyszer\u0171 szab\u00e1lyokat, hogy inform\u00e1ci\u00f3i k\u00f6nnyen \u00e9rthet\u0151ek legyenek!<\/p>\n<p><a href=\"http:\/\/www.inclusion-europe.org\/images\/stories\/documents\/Project_Pathways1\/Information_for_all.pdf\" target=\"_blank\">Kattintson ide \u00e9s t\u00f6ltse le az eur\u00f3pai szabv\u00e1nyokat tartalmaz\u00f3, Inform\u00e1ci\u00f3 mindenkinek c\u00edm\u0171 kiadv\u00e1nyt!<\/a><\/p>\n<p>A szab\u00e1lyok 15 m\u00e1sik nyelven is hozz\u00e1f\u00e9rhet\u0151ek.<\/td>\n<td><span style=\"color: #ffffff;\">..<\/span><\/td>\n<td><a href=\"http:\/\/easy-to-read.inclusion-europe.eu\/wp-content\/uploads\/2014\/12\/HU_Information_for_all.pdf\" target=\"_blank\"><img loading=\"lazy\" class=\"alignnone size-medium wp-image-689\" src=\"http:\/\/easy-to-read.inclusion-europe.eu\/wp-content\/uploads\/2014\/12\/HU_Information_for_all-205x300.jpg\" alt=\"HU_Information_for_all\" width=\"205\" height=\"300\" srcset=\"https:\/\/easy-to-read.inclusion-europe.eu\/wp-content\/uploads\/2014\/12\/HU_Information_for_all-205x300.jpg 205w, https:\/\/easy-to-read.inclusion-europe.eu\/wp-content\/uploads\/2014\/12\/HU_Information_for_all-335x490.jpg 335w, https:\/\/easy-to-read.inclusion-europe.eu\/wp-content\/uploads\/2014\/12\/HU_Information_for_all-168x245.jpg 168w, https:\/\/easy-to-read.inclusion-europe.eu\/wp-content\/uploads\/2014\/12\/HU_Information_for_all.jpg 610w\" sizes=\"(max-width: 205px) 100vw, 205px\" \/><\/a><\/td>\n<\/tr>\n<\/tbody>\n<\/table>\n<\/div>\n","protected":false},"excerpt":{"rendered":"<p>Az eur\u00f3pai szabv\u00e1nyok az inform\u00e1ci\u00f3kat k\u00f6nnyen \u00e9rthet\u0151v\u00e9 \u00e9s feldolgozhat\u00f3v\u00e1 teszik M\u00e9g t\u00f6bb k\u00f6nnyen \u00e9rthet\u0151 inform\u00e1ci\u00f3ra van sz\u00fcks\u00e9g\u00fcnk! Egys\u00e9gess\u00e9 kell tenn\u00fcnk a k\u00f6nnyen \u00e9rthet\u0151 kommunik\u00e1ci\u00f3t! A megfelel\u0151 m\u00f3don kell ezt csin\u00e1lnunk. K\u00f6vesse ezeket az egyszer\u0171 szab\u00e1lyokat, hogy inform\u00e1ci\u00f3i k\u00f6nnyen \u00e9rthet\u0151ek legyenek! Kattintson ide \u00e9s t\u00f6ltse le az eur\u00f3pai szabv\u00e1nyokat tartalmaz\u00f3, Inform\u00e1ci\u00f3 mindenkinek c\u00edm\u0171 kiadv\u00e1nyt! A szab\u00e1lyok [&hellip;]<\/p>\n","protected":false},"author":1,"featured_media":0,"parent":0,"menu_order":0,"comment_status":"closed","ping_status":"closed","template":"","meta":[],"_links":{"self":[{"href":"https:\/\/easy-to-read.inclusion-europe.eu\/hu\/wp-json\/wp\/v2\/pages\/171"}],"collection":[{"href":"https:\/\/easy-to-read.inclusion-europe.eu\/hu\/wp-json\/wp\/v2\/pages"}],"about":[{"href":"https:\/\/easy-to-read.inclusion-europe.eu\/hu\/wp-json\/wp\/v2\/types\/page"}],"author":[{"embeddable":true,"href":"https:\/\/easy-to-read.inclusion-europe.eu\/hu\/wp-json\/wp\/v2\/users\/1"}],"replies":[{"embeddable":true,"href":"https:\/\/easy-to-read.inclusion-europe.eu\/hu\/wp-json\/wp\/v2\/comments?post=171"}],"version-history":[{"count":7,"href":"https:\/\/easy-to-read.inclusion-europe.eu\/hu\/wp-json\/wp\/v2\/pages\/171\/revisions"}],"predecessor-version":[{"id":1199,"href":"https:\/\/easy-to-read.inclusion-europe.eu\/hu\/wp-json\/wp\/v2\/pages\/171\/revisions\/1199"}],"wp:attachment":[{"href":"https:\/\/easy-to-read.inclusion-europe.eu\/hu\/wp-json\/wp\/v2\/media?parent=171"}],"curies":[{"name":"wp","href":"https:\/\/api.w.org\/{rel}","templated":true}]}}