{"id":157,"date":"2014-12-14T17:30:46","date_gmt":"2014-12-14T17:30:46","guid":{"rendered":"http:\/\/easy-to-read.eu\/?page_id=157"},"modified":"2019-04-15T14:52:55","modified_gmt":"2019-04-15T14:52:55","slug":"european-logo","status":"publish","type":"page","link":"https:\/\/easy-to-read.inclusion-europe.eu\/hu\/european-logo\/","title":{"rendered":"Az eur\u00f3pai log\u00f3"},"content":{"rendered":"<h3><\/h3>\n<h3><span style=\"color: #008000;\"><strong>Hogyan haszn\u00e1lja a k\u00f6nnyen \u00e9rthet\u0151 kommunik\u00e1ci\u00f3 log\u00f3j\u00e1t?<\/strong><\/span><\/h3>\n<p>Az <a href=\"http:\/\/www.inclusion-europe.org\/en\/\" target=\"_blank\" rel=\"noopener\">Inclusion Europe<\/a> elk\u00e9sz\u00edtette a k\u00f6nnyen \u00e9rthet\u0151 kommunik\u00e1ci\u00f3 log\u00f3j\u00e1t.<\/p>\n<div>Ha l\u00e1tja a log\u00f3t egy sz\u00f6vegen,<\/div>\n<div>akkor az azt jelenti,<\/div>\n<div>hogy a sz\u00f6veg k\u00f6nnyen \u00e9rthet\u0151en van megfogalmazva.<\/div>\n<div><\/div>\n<div>Mindenki haszn\u00e1lhatja a log\u00f3t.<strong><br \/>\n<\/strong><\/div>\n<div>Felhaszn\u00e1lhatja a k\u00f6nnyen \u00e9rthet\u0151 sz\u00f6vegen, kiadv\u00e1nyon<\/div>\n<div>vagy weboldalon is.<\/div>\n<div>Nem kell fizetni a log\u00f3 haszn\u00e1lat\u00e1\u00e9rt,<\/div>\n<div>de k\u00f6vetni kell n\u00e9h\u00e1ny szab\u00e1lyt:<\/div>\n<ul>\n<li>\n<div>\u00a0A sz\u00f6veget k\u00f6nnyen \u00e9rthet\u0151en kell megfogalmazni \u00fagy,hogy k\u00f6vetni kell a szab\u00e1lyokat.<\/div>\n<div>Ezeket a szab\u00e1lyokat tartjuk az egys\u00e9ges eur\u00f3pai k\u00f6vetelm\u00e9nyeknek.<\/div>\n<\/li>\n<li>\n<div>Legal\u00e1bb egy \u00e9rtelmi fogyat\u00e9koss\u00e1ggal \u00e9l\u0151 szem\u00e9lynek<\/div>\n<div>el kell olvasnia a sz\u00f6veget \u00e9s eld\u00f6ntenie r\u00f3la,<\/div>\n<div>hogy k\u00f6nnyen \u00e9rthet\u0151en van-e megfogalmazva.<\/div>\n<\/li>\n<\/ul>\n<div>Tov\u00e1bbi szab\u00e1lyokat tal\u00e1l lejjebb,<\/div>\n<div>a k\u00f6nnyen \u00e9rthet\u0151 kommunik\u00e1ci\u00f3 log\u00f3j\u00e1nak haszn\u00e1lat\u00e1r\u00f3l.<\/div>\n<table style=\"border-color: #f01313;\" border=\"3\">\n<tbody>\n<tr>\n<td style=\"border-color: #e61515; text-align: center;\"><span id=\"result_box\" class=\"\" lang=\"de\" tabindex=\"-1\"><\/span><strong>A k\u00f6nnyen \u00e9rthet\u0151 kommunik\u00e1ci\u00f3 log\u00f3j\u00e1nak haszn\u00e1lati felt\u00e9telei<\/strong><\/p>\n<ol>\n<li style=\"text-align: left;\">Azoknak, akik felhaszn\u00e1lj\u00e1k a log\u00f3t, k\u00f6vetni\u00fck kell a \u201eK\u00f6nnyen \u00e9rthet\u0151 kommunik\u00e1ci\u00f3 eur\u00f3pai szabv\u00e1nyait\u201d.<\/li>\n<li style=\"text-align: left;\">A log\u00f3t az al\u00e1bbi jellemz\u0151kkel szabad felhaszn\u00e1lni:<br \/>\na. Sz\u00edn: k\u00e9k:<br \/>\nPANTONE \u2013 072;<br \/>\nCMYK \u2013\u00a0Ci\u00e1n 100%, Magenta 87%,\u00a0Fekete 6%;<br \/>\nRVB: 26-63-147;<br \/>\nWEB: #333399<br \/>\nb. Legkisebb m\u00e9ret: 15 mm<\/li>\n<li style=\"text-align: left;\">Egy vagy t\u00f6bb \u00e9rtelmi fogyat\u00e9koss\u00e1ggal \u00e9l\u0151 szem\u00e9lynek, akinek az anyanyelve a sz\u00f6vegben haszn\u00e1lt nyelv,\u00e1t kell olvasnia a sz\u00f6veget \u00e9s kijav\u00edtania a hib\u00e1kat.A nev\u00fcknek meg kell jelenni\u00fck a kiadv\u00e1nyban.<\/li>\n<li style=\"text-align: left;\">Ezt a mondatot bele kell tenni a sz\u00f6vegbe:\u201e\u00a9Inclusion Europe: Az eur\u00f3pai k\u00f6nnyen \u00e9rthet\u0151 kommunik\u00e1ci\u00f3 log\u00f3ja. B\u0151vebb inform\u00e1ci\u00f3 a <a href=\"http:\/\/easy-to-read.inclusion-europe.eu\/\" target=\"_blank\" rel=\"noopener\">www.easy-to-read.eu<\/a> oldalon\u201d.<\/li>\n<\/ol>\n<div style=\"text-align: left;\">Az Inclusion Europe fenntartja a jogot, hogy visszavonja a hozz\u00e1j\u00e1rul\u00e1s\u00e1t a log\u00f3 felhaszn\u00e1l\u00e1s\u00e1hoz,<\/div>\n<div style=\"text-align: left;\">ha a bemutatott sz\u00f6veg nem k\u00f6veti a k\u00f6nnyen \u00e9rthet\u0151 kommunik\u00e1ci\u00f3 szab\u00e1lyait.<\/div>\n<\/td>\n<\/tr>\n<\/tbody>\n<\/table>\n<p>&nbsp;<\/p>\n<table border=\"2\">\n<tbody>\n<tr>\n<td style=\"vertical-align: middle; text-align: left;\"><span class=\"hps\">A k\u00f6nnyen \u00e9rthet\u0151 kommunik\u00e1ci\u00f3 log\u00f3ja&#8230;&#8230;&#8230;&#8230;&#8230;&#8230;&#8230;&#8230;&#8230;&#8230;&#8230; gif<\/span><\/td>\n<td><span class=\"hps\"><a href=\"http:\/\/easy-to-read.inclusion-europe.eu\/wp-content\/uploads\/2014\/12\/ETR.gif\" target=\"_blank\" rel=\"noopener\"><img loading=\"lazy\" class=\"alignnone wp-image-81\" src=\"http:\/\/easy-to-read.inclusion-europe.eu\/wp-content\/uploads\/2014\/12\/ETR-300x297.gif\" alt=\"ETR\" width=\"89\" height=\"88\" srcset=\"https:\/\/easy-to-read.inclusion-europe.eu\/wp-content\/uploads\/2014\/12\/ETR-300x297.gif 300w, https:\/\/easy-to-read.inclusion-europe.eu\/wp-content\/uploads\/2014\/12\/ETR-150x150.gif 150w, https:\/\/easy-to-read.inclusion-europe.eu\/wp-content\/uploads\/2014\/12\/ETR-493x490.gif 493w, https:\/\/easy-to-read.inclusion-europe.eu\/wp-content\/uploads\/2014\/12\/ETR-246x245.gif 246w\" sizes=\"(max-width: 89px) 100vw, 89px\" \/><\/a><\/span><\/td>\n<\/tr>\n<tr>\n<td style=\"vertical-align: middle;\"><span class=\"hps\">A k\u00f6nnyen \u00e9rthet\u0151 kommunik\u00e1ci\u00f3 log\u00f3ja &#8230;&#8230;&#8230;&#8230;&#8230;&#8230;&#8230;&#8230;&#8230;&#8230;.. jpg<\/span><\/td>\n<td><span class=\"hps\"><a href=\"http:\/\/easy-to-read.inclusion-europe.eu\/wp-content\/uploads\/2014\/12\/ETR.jpg\" target=\"_blank\" rel=\"noopener\"><img loading=\"lazy\" class=\"alignnone wp-image-81\" src=\"http:\/\/easy-to-read.inclusion-europe.eu\/wp-content\/uploads\/2014\/12\/ETR-300x297.gif\" alt=\"ETR\" width=\"89\" height=\"88\" srcset=\"https:\/\/easy-to-read.inclusion-europe.eu\/wp-content\/uploads\/2014\/12\/ETR-300x297.gif 300w, https:\/\/easy-to-read.inclusion-europe.eu\/wp-content\/uploads\/2014\/12\/ETR-150x150.gif 150w, https:\/\/easy-to-read.inclusion-europe.eu\/wp-content\/uploads\/2014\/12\/ETR-493x490.gif 493w, https:\/\/easy-to-read.inclusion-europe.eu\/wp-content\/uploads\/2014\/12\/ETR-246x245.gif 246w\" sizes=\"(max-width: 89px) 100vw, 89px\" \/><\/a><\/span><\/td>\n<\/tr>\n<tr>\n<td style=\"vertical-align: middle;\"><span class=\"hps\">A k\u00f6nnyen \u00e9rthet\u0151 kommunik\u00e1ci\u00f3 log\u00f3ja\u00a0&#8230;&#8230;&#8230;&#8230;&#8230;&#8230;&#8230;&#8230;&#8230;&#8230;.. tiff<\/span><\/td>\n<td><span class=\"hps\"><a href=\"http:\/\/easy-to-read.inclusion-europe.eu\/wp-content\/uploads\/2014\/12\/ETR.tiff\" target=\"_blank\" rel=\"noopener\"><img loading=\"lazy\" class=\"alignnone wp-image-81\" src=\"http:\/\/easy-to-read.inclusion-europe.eu\/wp-content\/uploads\/2014\/12\/ETR-300x297.gif\" alt=\"ETR\" width=\"89\" height=\"88\" srcset=\"https:\/\/easy-to-read.inclusion-europe.eu\/wp-content\/uploads\/2014\/12\/ETR-300x297.gif 300w, https:\/\/easy-to-read.inclusion-europe.eu\/wp-content\/uploads\/2014\/12\/ETR-150x150.gif 150w, https:\/\/easy-to-read.inclusion-europe.eu\/wp-content\/uploads\/2014\/12\/ETR-493x490.gif 493w, https:\/\/easy-to-read.inclusion-europe.eu\/wp-content\/uploads\/2014\/12\/ETR-246x245.gif 246w\" sizes=\"(max-width: 89px) 100vw, 89px\" \/><\/a><\/span><\/td>\n<\/tr>\n<\/tbody>\n<\/table>\n<p>&nbsp;<\/p>\n<p>&nbsp;<\/p>\n","protected":false},"excerpt":{"rendered":"<p>Hogyan haszn\u00e1lja a k\u00f6nnyen \u00e9rthet\u0151 kommunik\u00e1ci\u00f3 log\u00f3j\u00e1t? Az Inclusion Europe elk\u00e9sz\u00edtette a k\u00f6nnyen \u00e9rthet\u0151 kommunik\u00e1ci\u00f3 log\u00f3j\u00e1t. Ha l\u00e1tja a log\u00f3t egy sz\u00f6vegen, akkor az azt jelenti, hogy a sz\u00f6veg k\u00f6nnyen \u00e9rthet\u0151en van megfogalmazva. Mindenki haszn\u00e1lhatja a log\u00f3t. Felhaszn\u00e1lhatja a k\u00f6nnyen \u00e9rthet\u0151 sz\u00f6vegen, kiadv\u00e1nyon vagy weboldalon is. Nem kell fizetni a log\u00f3 haszn\u00e1lat\u00e1\u00e9rt, de k\u00f6vetni kell [&hellip;]<\/p>\n","protected":false},"author":1,"featured_media":0,"parent":0,"menu_order":0,"comment_status":"closed","ping_status":"closed","template":"","meta":[],"_links":{"self":[{"href":"https:\/\/easy-to-read.inclusion-europe.eu\/hu\/wp-json\/wp\/v2\/pages\/157"}],"collection":[{"href":"https:\/\/easy-to-read.inclusion-europe.eu\/hu\/wp-json\/wp\/v2\/pages"}],"about":[{"href":"https:\/\/easy-to-read.inclusion-europe.eu\/hu\/wp-json\/wp\/v2\/types\/page"}],"author":[{"embeddable":true,"href":"https:\/\/easy-to-read.inclusion-europe.eu\/hu\/wp-json\/wp\/v2\/users\/1"}],"replies":[{"embeddable":true,"href":"https:\/\/easy-to-read.inclusion-europe.eu\/hu\/wp-json\/wp\/v2\/comments?post=157"}],"version-history":[{"count":9,"href":"https:\/\/easy-to-read.inclusion-europe.eu\/hu\/wp-json\/wp\/v2\/pages\/157\/revisions"}],"predecessor-version":[{"id":1344,"href":"https:\/\/easy-to-read.inclusion-europe.eu\/hu\/wp-json\/wp\/v2\/pages\/157\/revisions\/1344"}],"wp:attachment":[{"href":"https:\/\/easy-to-read.inclusion-europe.eu\/hu\/wp-json\/wp\/v2\/media?parent=157"}],"curies":[{"name":"wp","href":"https:\/\/api.w.org\/{rel}","templated":true}]}}