{"id":133,"date":"2014-12-14T17:16:41","date_gmt":"2014-12-14T17:16:41","guid":{"rendered":"http:\/\/easy-to-read.eu\/?page_id=133"},"modified":"2015-02-09T15:53:23","modified_gmt":"2015-02-09T15:53:23","slug":"8-2","status":"publish","type":"page","link":"https:\/\/easy-to-read.inclusion-europe.eu\/hu\/","title":{"rendered":"Bevezet\u00e9s"},"content":{"rendered":"<h3><span style=\"color: #008000;\"><br \/>\n<strong>Tegye el\u00e9rhet\u0151v\u00e9 az inform\u00e1ci\u00f3it!<\/p>\n<p><\/strong><\/span><\/h3>\n<p>Az \u00e9rtelmi fogyat\u00e9koss\u00e1ggal \u00e9l\u0151 embereknek fontos, hogy megfelel\u0151 inform\u00e1ci\u00f3khoz jussanak az\u00e9rt, hogy<\/p>\n<ul>\n<li>\u00faj dolgokat tanuljanak,<\/li>\n<li>r\u00e9szt v\u00e1llaljanak a t\u00e1rsadalomban,<\/li>\n<li>megismerj\u00e9k a jogaikat \u00e9s ki tudjanak \u00e1llni \u00e9rt\u00fck,<\/li>\n<li>meghozz\u00e1k d\u00f6nt\u00e9seiket \u00e9s \u00f6n\u00e1ll\u00f3 v\u00e1laszt\u00e1saikat.<\/li>\n<\/ul>\n<p>Az \u00e9rtelmi fogyat\u00e9koss\u00e1ggal \u00e9l\u0151 embereknek joguk van arra, hogy k\u00f6nnyen \u00e9rthet\u0151 form\u00e1ban kaphass\u00e1k meg az inform\u00e1ci\u00f3kat.<\/p>\n","protected":false},"excerpt":{"rendered":"<p>Tegye el\u00e9rhet\u0151v\u00e9 az inform\u00e1ci\u00f3it! Az \u00e9rtelmi fogyat\u00e9koss\u00e1ggal \u00e9l\u0151 embereknek fontos, hogy megfelel\u0151 inform\u00e1ci\u00f3khoz jussanak az\u00e9rt, hogy \u00faj dolgokat tanuljanak, r\u00e9szt v\u00e1llaljanak a t\u00e1rsadalomban, megismerj\u00e9k a jogaikat \u00e9s ki tudjanak \u00e1llni \u00e9rt\u00fck, meghozz\u00e1k d\u00f6nt\u00e9seiket \u00e9s \u00f6n\u00e1ll\u00f3 v\u00e1laszt\u00e1saikat. Az \u00e9rtelmi fogyat\u00e9koss\u00e1ggal \u00e9l\u0151 embereknek joguk van arra, hogy k\u00f6nnyen \u00e9rthet\u0151 form\u00e1ban kaphass\u00e1k meg az inform\u00e1ci\u00f3kat.<\/p>\n","protected":false},"author":1,"featured_media":0,"parent":0,"menu_order":0,"comment_status":"closed","ping_status":"closed","template":"","meta":[],"_links":{"self":[{"href":"https:\/\/easy-to-read.inclusion-europe.eu\/hu\/wp-json\/wp\/v2\/pages\/133"}],"collection":[{"href":"https:\/\/easy-to-read.inclusion-europe.eu\/hu\/wp-json\/wp\/v2\/pages"}],"about":[{"href":"https:\/\/easy-to-read.inclusion-europe.eu\/hu\/wp-json\/wp\/v2\/types\/page"}],"author":[{"embeddable":true,"href":"https:\/\/easy-to-read.inclusion-europe.eu\/hu\/wp-json\/wp\/v2\/users\/1"}],"replies":[{"embeddable":true,"href":"https:\/\/easy-to-read.inclusion-europe.eu\/hu\/wp-json\/wp\/v2\/comments?post=133"}],"version-history":[{"count":4,"href":"https:\/\/easy-to-read.inclusion-europe.eu\/hu\/wp-json\/wp\/v2\/pages\/133\/revisions"}],"predecessor-version":[{"id":1194,"href":"https:\/\/easy-to-read.inclusion-europe.eu\/hu\/wp-json\/wp\/v2\/pages\/133\/revisions\/1194"}],"wp:attachment":[{"href":"https:\/\/easy-to-read.inclusion-europe.eu\/hu\/wp-json\/wp\/v2\/media?parent=133"}],"curies":[{"name":"wp","href":"https:\/\/api.w.org\/{rel}","templated":true}]}}