{"id":195,"date":"2014-12-14T17:37:30","date_gmt":"2014-12-14T17:37:30","guid":{"rendered":"http:\/\/easy-to-read.eu\/?page_id=195"},"modified":"2015-02-15T18:59:57","modified_gmt":"2015-02-15T18:59:57","slug":"projects","status":"publish","type":"page","link":"https:\/\/easy-to-read.inclusion-europe.eu\/hr\/projects\/","title":{"rendered":"Projekti"},"content":{"rendered":"<div id=\"stcpDiv\">\n<h3><\/h3>\n<h1><span style=\"color: #008000;\">Putevi do obrazovanja odraslih osoba s intelektualnim te\u0161ko\u0107ama<br \/>\n(Pathways to Adult Education for People with Intellectual Disabilities)<\/span><\/h1>\n<p>Za osobe s intelektualnim te\u0161ko\u0107ama,<br \/>\ncjelo\u017eivotno u\u010denje nije samo<br \/>\nu\u010denje novih znanja ili zanimanja.Za njih to zna\u010di biti uklju\u010den u dru\u0161tvo,<br \/>\ngovoriti u vlastito ime i imati vi\u0161e kontrole<br \/>\nu svakodnevnom \u017eivotu i svojoj budu\u0107nosti.<br \/>\nPrepreke koje osobe s intelektualnim te\u0161ko\u0107ama<\/p>\n<p>imaju kod pristupanja cjelo\u017eivotnom obrazovanju su:<\/p>\n<ul>\n<li>malo pristupa\u010dnih treninga za odrasle i<\/li>\n<li>malo informacija u lako razumljivom obliku.<\/li>\n<\/ul>\n<p>Kako bi va\u0161i treninzi bili pristupa\u010dniji,<br \/>\nprojekt Pathways je napravio standarde<br \/>\nza izradu lako razumljivih informacija za edukaciju odraslih i<br \/>\nizradu materijala za u\u010denje na internetu.<br \/>\nNastavak projekta Pathways zvao se Pathways 2.<br \/>\nOvaj projekt se provodio u skoro cijeloj Europi.<br \/>\nVi\u0161e informacija o projektu Pathways mo\u017eete prona\u0107i na<br \/>\n<a href=\"http:\/\/www.inclusion-europe.com\/pathways2\/hr\">http:\/\/www.inclusion-europe.com\/pathways2\/hr<\/a><\/p>\n<table border=\"2\" frame=\"box\">\n<tbody>\n<tr>\n<td><strong>Pathways I<\/strong><\/td>\n<td><\/td>\n<\/tr>\n<tr>\n<td>Implementation Period<\/td>\n<td>2007-2009<\/td>\n<\/tr>\n<tr>\n<td>Funded by<\/td>\n<td>European Commission, Education, Audiovisual and Culture Executive Agency under <a data-mce-hrefundefined=\"data-mce-hrefundefined\">the Grundtvig Programme<\/a><\/td>\n<\/tr>\n<tr>\n<td>Project number<\/td>\n<td>134174-LLP-1-2007-1-BE-GRUNDTVIG-GMP<\/td>\n<\/tr>\n<tr>\n<td>Project coordinator<\/td>\n<td>Inclusion Europe<\/td>\n<\/tr>\n<tr>\n<td>Partners<\/td>\n<td>\n<div>Enable Ace (Scotland)<\/div>\n<div>Me Itse ry (Finland)<\/div>\n<div>UNAPEI (France)<\/div>\n<div>Nous Aussi (France)<\/div>\n<div>Inclusion Ireland (Ireland)<\/div>\n<div>Das B\u00fcro f\u00fcr leichte Sprache of Lebenshilfe Bremen (Germany).<\/div>\n<div>FENACERCI (Portugal)<\/div>\n<div>Atempo (Austria)<\/div>\n<div>VILTIS (Lithuania)<\/div>\n<\/td>\n<\/tr>\n<tr>\n<td colspan=\"2\"><\/td>\n<\/tr>\n<tr>\n<td><strong>Pathways II<\/strong><\/td>\n<td><\/td>\n<\/tr>\n<tr>\n<td>Implementation period<\/td>\n<td>2011 &#8211; 2013<\/td>\n<\/tr>\n<tr>\n<td>Funded by<\/td>\n<td>European Commission, Education, Audiovisual and Culture Executive Agency under the Lifelong Learning Programme, Key Activity 4<\/td>\n<\/tr>\n<tr>\n<td>Project number<\/td>\n<td>519328-LLP-1-2011-1-BE-KA4-KA4MP<\/td>\n<\/tr>\n<tr>\n<td>Project coordinator<\/td>\n<td>Inclusion Europe<\/td>\n<\/tr>\n<tr>\n<td>Project partners<\/td>\n<td>Association for Self-Advocacy (Croatia)<br \/>\nSPMP (Czech Republic)<br \/>\nEVPIT (Estonia)<br \/>\n\u00c9FO\u00c9SZ (Hungary)<br \/>\nAnffas, (Italy)<br \/>\nRupju Berns (Latvia)<br \/>\nZveza So\u017eitje (Slovenia)<br \/>\nZPMPvSR (Slovakia)<br \/>\nFEAPS (Spain)<\/td>\n<\/tr>\n<\/tbody>\n<\/table>\n<table border=\"0\">\n<tbody>\n<tr>\n<td><img loading=\"lazy\" src=\"http:\/\/www.inclusion-europe.org\/etr\/images\/M_images\/EU_flag_LLP_EN-01_web.gif\" alt=\"EU flag LLP EN-01 web\" width=\"250\" height=\"97\" \/><\/td>\n<td>Uz podr\u0161ku Programa za cjelo\u017eivotno obrazovanje Europske unije<\/td>\n<\/tr>\n<\/tbody>\n<\/table>\n<\/div>\n","protected":false},"excerpt":{"rendered":"<p>Putevi do obrazovanja odraslih osoba s intelektualnim te\u0161ko\u0107ama (Pathways to Adult Education for People with Intellectual Disabilities) Za osobe s intelektualnim te\u0161ko\u0107ama, cjelo\u017eivotno u\u010denje nije samo u\u010denje novih znanja ili zanimanja.Za njih to zna\u010di biti uklju\u010den u dru\u0161tvo, govoriti u vlastito ime i imati vi\u0161e kontrole u svakodnevnom \u017eivotu i svojoj budu\u0107nosti. Prepreke koje osobe [&hellip;]<\/p>\n","protected":false},"author":1,"featured_media":0,"parent":0,"menu_order":0,"comment_status":"closed","ping_status":"closed","template":"","meta":[],"_links":{"self":[{"href":"https:\/\/easy-to-read.inclusion-europe.eu\/hr\/wp-json\/wp\/v2\/pages\/195"}],"collection":[{"href":"https:\/\/easy-to-read.inclusion-europe.eu\/hr\/wp-json\/wp\/v2\/pages"}],"about":[{"href":"https:\/\/easy-to-read.inclusion-europe.eu\/hr\/wp-json\/wp\/v2\/types\/page"}],"author":[{"embeddable":true,"href":"https:\/\/easy-to-read.inclusion-europe.eu\/hr\/wp-json\/wp\/v2\/users\/1"}],"replies":[{"embeddable":true,"href":"https:\/\/easy-to-read.inclusion-europe.eu\/hr\/wp-json\/wp\/v2\/comments?post=195"}],"version-history":[{"count":5,"href":"https:\/\/easy-to-read.inclusion-europe.eu\/hr\/wp-json\/wp\/v2\/pages\/195\/revisions"}],"predecessor-version":[{"id":1241,"href":"https:\/\/easy-to-read.inclusion-europe.eu\/hr\/wp-json\/wp\/v2\/pages\/195\/revisions\/1241"}],"wp:attachment":[{"href":"https:\/\/easy-to-read.inclusion-europe.eu\/hr\/wp-json\/wp\/v2\/media?parent=195"}],"curies":[{"name":"wp","href":"https:\/\/api.w.org\/{rel}","templated":true}]}}