{"id":58,"date":"2014-12-14T18:04:50","date_gmt":"2014-12-14T18:04:50","guid":{"rendered":"http:\/\/easy-to-read.eu\/?page_id=58"},"modified":"2015-02-09T15:53:03","modified_gmt":"2015-02-09T15:53:03","slug":"accueil","status":"publish","type":"page","link":"https:\/\/easy-to-read.inclusion-europe.eu\/fr\/","title":{"rendered":"Accueil"},"content":{"rendered":"<h3><\/h3>\n<h3><span style=\"color: #008000;\">Rendez votre information accessible!<\/span><\/h3>\n<p>Disposer d&#8217;informations est important pour les personnes ayant un handicap intellectuel<\/p>\n<ul>\n<li>pour apprendre de nouvelles choses.<\/li>\n<li>pour participer dans la soci\u00e9t\u00e9.<\/li>\n<li>pour conna\u00eetre ses droits et les d\u00e9fendre.<\/li>\n<\/ul>\n<p>pour choisir et faire ses propres choix.<\/p>\n<p>Les personnes handicap\u00e9es intellectuelles ont le droit d&#8217;obtenir de l&#8217;information qui est facile \u00e0 lire et \u00e0 comprendre.<\/p>\n","protected":false},"excerpt":{"rendered":"<p>Rendez votre information accessible! Disposer d&#8217;informations est important pour les personnes ayant un handicap intellectuel pour apprendre de nouvelles choses. pour participer dans la soci\u00e9t\u00e9. pour conna\u00eetre ses droits et les d\u00e9fendre. pour choisir et faire ses propres choix. Les personnes handicap\u00e9es intellectuelles ont le droit d&#8217;obtenir de l&#8217;information qui est facile \u00e0 lire et [&hellip;]<\/p>\n","protected":false},"author":1,"featured_media":0,"parent":0,"menu_order":0,"comment_status":"closed","ping_status":"closed","template":"","meta":[],"_links":{"self":[{"href":"https:\/\/easy-to-read.inclusion-europe.eu\/fr\/wp-json\/wp\/v2\/pages\/58"}],"collection":[{"href":"https:\/\/easy-to-read.inclusion-europe.eu\/fr\/wp-json\/wp\/v2\/pages"}],"about":[{"href":"https:\/\/easy-to-read.inclusion-europe.eu\/fr\/wp-json\/wp\/v2\/types\/page"}],"author":[{"embeddable":true,"href":"https:\/\/easy-to-read.inclusion-europe.eu\/fr\/wp-json\/wp\/v2\/users\/1"}],"replies":[{"embeddable":true,"href":"https:\/\/easy-to-read.inclusion-europe.eu\/fr\/wp-json\/wp\/v2\/comments?post=58"}],"version-history":[{"count":4,"href":"https:\/\/easy-to-read.inclusion-europe.eu\/fr\/wp-json\/wp\/v2\/pages\/58\/revisions"}],"predecessor-version":[{"id":1193,"href":"https:\/\/easy-to-read.inclusion-europe.eu\/fr\/wp-json\/wp\/v2\/pages\/58\/revisions\/1193"}],"wp:attachment":[{"href":"https:\/\/easy-to-read.inclusion-europe.eu\/fr\/wp-json\/wp\/v2\/media?parent=58"}],"curies":[{"name":"wp","href":"https:\/\/api.w.org\/{rel}","templated":true}]}}