{"id":231,"date":"2014-12-18T19:48:50","date_gmt":"2014-12-18T19:48:50","guid":{"rendered":"http:\/\/easy-to-read.eu\/?page_id=231"},"modified":"2018-06-13T13:09:10","modified_gmt":"2018-06-13T13:09:10","slug":"teaching-materials","status":"publish","type":"page","link":"https:\/\/easy-to-read.inclusion-europe.eu\/fr\/teaching-materials\/","title":{"rendered":"Mat\u00e9riel p\u00e9dagogique"},"content":{"rendered":"<h3><span style=\"color: #008000;\">Mat\u00e9riel p\u00e9dagogique suppl\u00e9mentaire<\/span><\/h3>\n<p>Les documents suivants peuvent aider \u00e0 la formation pratique du personnel sur les m\u00e9thodes du facile \u00e0 lire et pour inclure les personnes ayant un handicap intellectuel dans le processus d&#8217;\u00e9criture\u00a0:<\/p>\n<p style=\"text-align: center;\"><a href=\"http:\/\/easy-to-read.inclusion-europe.eu\/wp-content\/uploads\/2014\/12\/FR_brochures.jpg\"><img loading=\"lazy\" class=\"alignnone size-medium wp-image-693\" src=\"http:\/\/easy-to-read.inclusion-europe.eu\/wp-content\/uploads\/2014\/12\/FR_brochures-256x300.jpg\" alt=\"FR_brochures\" width=\"256\" height=\"300\" srcset=\"https:\/\/easy-to-read.inclusion-europe.eu\/wp-content\/uploads\/2014\/12\/FR_brochures-256x300.jpg 256w, https:\/\/easy-to-read.inclusion-europe.eu\/wp-content\/uploads\/2014\/12\/FR_brochures-418x490.jpg 418w, https:\/\/easy-to-read.inclusion-europe.eu\/wp-content\/uploads\/2014\/12\/FR_brochures-209x245.jpg 209w, https:\/\/easy-to-read.inclusion-europe.eu\/wp-content\/uploads\/2014\/12\/FR_brochures.jpg 722w\" sizes=\"(max-width: 256px) 100vw, 256px\" \/><\/a><\/p>\n<ol>\n<li>Le <a href=\"http:\/\/easy-to-read.inclusion-europe.eu\/wp-content\/uploads\/2014\/12\/FR_Training_lifelong_learning_staff.pdf\" target=\"_blank\" rel=\"noopener\">mat\u00e9riel p\u00e9dagogique pour former les professionnels de la formation continue<\/a> \u00e0 r\u00e9diger des documents faciles \u00e0 lire et \u00e0 comprendre.<\/li>\n<li>Les<a href=\"http:\/\/easy-to-read.inclusion-europe.eu\/wp-content\/uploads\/2014\/12\/FR_Methodology.pdf\" target=\"_blank\" rel=\"noopener\"> lignes directrices pour impliquer les personnes handicap\u00e9es intellectuelles<\/a> dans l\u2019\u00e9criture de textes faciles \u00e0 lire<\/li>\n<li>La brochure intitul\u00e9e \u00ab<a href=\"http:\/\/easy-to-read.inclusion-europe.eu\/wp-content\/uploads\/2014\/12\/FR_Teaching_can_be_easy.pdf\" target=\"_blank\" rel=\"noopener\">Enseigner tout simplement<\/a>&#8221; qui fournit des recommandations aux personnes travaillant dans le domaine de la formation continue pour les aider \u00e0 assurer des cours accessibles.<\/li>\n<li>Un <a href=\"http:\/\/www.unapei.org\/IMG\/pdf\/GuidePratiqueAccessibilite.pdf\" target=\"_blank\" rel=\"noopener\">Guide Pratique de l&#8217;Accessibilit\u00e9<\/a> pour vous accompagner dans vos d\u00e9marches en mati\u00e8re d\u2019accessibilit\u00e9 en faveur des personnes en situation de handicap intellectuel.<\/li>\n<\/ol>\n","protected":false},"excerpt":{"rendered":"<p>Mat\u00e9riel p\u00e9dagogique suppl\u00e9mentaire Les documents suivants peuvent aider \u00e0 la formation pratique du personnel sur les m\u00e9thodes du facile \u00e0 lire et pour inclure les personnes ayant un handicap intellectuel dans le processus d&#8217;\u00e9criture\u00a0: Le mat\u00e9riel p\u00e9dagogique pour former les professionnels de la formation continue \u00e0 r\u00e9diger des documents faciles \u00e0 lire et \u00e0 comprendre. [&hellip;]<\/p>\n","protected":false},"author":1,"featured_media":0,"parent":0,"menu_order":0,"comment_status":"closed","ping_status":"closed","template":"","meta":[],"_links":{"self":[{"href":"https:\/\/easy-to-read.inclusion-europe.eu\/fr\/wp-json\/wp\/v2\/pages\/231"}],"collection":[{"href":"https:\/\/easy-to-read.inclusion-europe.eu\/fr\/wp-json\/wp\/v2\/pages"}],"about":[{"href":"https:\/\/easy-to-read.inclusion-europe.eu\/fr\/wp-json\/wp\/v2\/types\/page"}],"author":[{"embeddable":true,"href":"https:\/\/easy-to-read.inclusion-europe.eu\/fr\/wp-json\/wp\/v2\/users\/1"}],"replies":[{"embeddable":true,"href":"https:\/\/easy-to-read.inclusion-europe.eu\/fr\/wp-json\/wp\/v2\/comments?post=231"}],"version-history":[{"count":6,"href":"https:\/\/easy-to-read.inclusion-europe.eu\/fr\/wp-json\/wp\/v2\/pages\/231\/revisions"}],"predecessor-version":[{"id":1315,"href":"https:\/\/easy-to-read.inclusion-europe.eu\/fr\/wp-json\/wp\/v2\/pages\/231\/revisions\/1315"}],"wp:attachment":[{"href":"https:\/\/easy-to-read.inclusion-europe.eu\/fr\/wp-json\/wp\/v2\/media?parent=231"}],"curies":[{"name":"wp","href":"https:\/\/api.w.org\/{rel}","templated":true}]}}