{"id":192,"date":"2014-12-14T17:37:30","date_gmt":"2014-12-14T17:37:30","guid":{"rendered":"http:\/\/easy-to-read.eu\/?page_id=192"},"modified":"2015-02-09T16:25:44","modified_gmt":"2015-02-09T16:25:44","slug":"projects","status":"publish","type":"page","link":"https:\/\/easy-to-read.inclusion-europe.eu\/fr\/projects\/","title":{"rendered":"Projets"},"content":{"rendered":"<div id=\"stcpDiv\">\n<h3><\/h3>\n<h1><span style=\"color: #008000;\">Pathways\u00a0&#8211; Pour la formation continue des personnes handicap\u00e9es intellectuelles<\/span><\/h1>\n<p>Pour les personnes handicap\u00e9es mentales, l&#8217;apprentissage tout au long de la vie n\u2019est pas seulement l&#8217;apprentissage de nouvelles comp\u00e9tences ou la formation professionnelle. C\u2019est aussi ce qui permet d\u2019\u00eatre inclus dans la soci\u00e9t\u00e9, d\u2019\u00eatre capable de se pr\u00e9senter et d\u2019\u00eatre plus autonome dans la vie quotidienne et dans le futur. Cependant, l&#8217;un des principaux obstacles pour les personnes ayant un handicap intellectuel qui emp\u00eache l\u2019acc\u00e8s aux programmes d&#8217;apprentissage tout au long de la vie est le manque de formations pour adultes accessibles et le manque de mat\u00e9riel dans un format facile \u00e0 comprendre.<\/p>\n<p>Pour accro\u00eetre l&#8217;accessibilit\u00e9 de ces programmes de formation, les projets Pathways ont d\u00e9velopp\u00e9 les r\u00e8gles du facile \u00e0 lire pour l&#8217;\u00e9ducation des adultes et du mat\u00e9riel p\u00e9dagogique disponible en ligne. Pathways II s\u2019est construit sur les r\u00e9sultats du premier projet Pathways et a permis de multiplier son impact, en couvrant presque tous les pays de l&#8217;Union europ\u00e9enne.<\/p>\n<p>Plus d&#8217;informations sur le projet Pathways sont disponibles sur <a href=\"http:\/\/www.life-long-learning.eu\">www.life-long-learning.eu<\/a>.<\/p>\n<table border=\"2\" frame=\"box\">\n<tbody>\n<tr>\n<td><strong>Pathways I<\/strong><\/td>\n<td><\/td>\n<\/tr>\n<tr>\n<td>Implementation Period<\/td>\n<td>2007-2009<\/td>\n<\/tr>\n<tr>\n<td>Funded by<\/td>\n<td>European Commission, Education, Audiovisual and Culture Executive Agency under <a data-mce-hrefundefined=\"data-mce-hrefundefined\">the Grundtvig Programme<\/a><\/td>\n<\/tr>\n<tr>\n<td>Project number<\/td>\n<td>134174-LLP-1-2007-1-BE-GRUNDTVIG-GMP<\/td>\n<\/tr>\n<tr>\n<td>Project coordinator<\/td>\n<td>Inclusion Europe<\/td>\n<\/tr>\n<tr>\n<td>Partners<\/td>\n<td>\n<div>Enable Ace (Scotland)<\/div>\n<div>Me Itse ry (Finland)<\/div>\n<div>UNAPEI (France)<\/div>\n<div>Nous Aussi (France)<\/div>\n<div>Inclusion Ireland (Ireland)<\/div>\n<div>Das B\u00fcro f\u00fcr leichte Sprache of Lebenshilfe Bremen (Germany).<\/div>\n<div>FENACERCI (Portugal)<\/div>\n<div>Atempo (Austria)<\/div>\n<div>VILTIS (Lithuania)<\/div>\n<\/td>\n<\/tr>\n<tr>\n<td colspan=\"2\"><\/td>\n<\/tr>\n<tr>\n<td><strong>Pathways II<\/strong><\/td>\n<td><\/td>\n<\/tr>\n<tr>\n<td>Implementation period<\/td>\n<td>2011 &#8211; 2013<\/td>\n<\/tr>\n<tr>\n<td>Funded by<\/td>\n<td>European Commission, Education, Audiovisual and Culture Executive Agency under the Lifelong Learning Programme, Key Activity 4<\/td>\n<\/tr>\n<tr>\n<td>Project number<\/td>\n<td>519328-LLP-1-2011-1-BE-KA4-KA4MP<\/td>\n<\/tr>\n<tr>\n<td>Project coordinator<\/td>\n<td>Inclusion Europe<\/td>\n<\/tr>\n<tr>\n<td>Project partners<\/td>\n<td>Association for Self-Advocacy (Croatia)<br \/>\nSPMP (Czech Republic)<br \/>\nEVPIT (Estonia)<br \/>\n\u00c9FO\u00c9SZ (Hungary)<br \/>\nAnffas, (Italy)<br \/>\nRupju Berns (Latvia)<br \/>\nZveza So\u017eitje (Slovenia)<br \/>\nZPMPvSR (Slovakia)<br \/>\nFEAPS (Spain)<\/td>\n<\/tr>\n<\/tbody>\n<\/table>\n<table border=\"0\">\n<tbody>\n<tr>\n<td><img loading=\"lazy\" src=\"http:\/\/www.inclusion-europe.org\/etr\/images\/M_images\/EU_flag_LLP_EN-01_web.gif\" alt=\"EU flag LLP EN-01 web\" width=\"250\" height=\"97\" \/><\/td>\n<td>Avec le soutien du Programme pour l\u2019\u00e9ducation et la formation tout au long de la vie de l&#8217;Union europ\u00e9enne.<\/td>\n<\/tr>\n<\/tbody>\n<\/table>\n<\/div>\n","protected":false},"excerpt":{"rendered":"<p>Pathways\u00a0&#8211; Pour la formation continue des personnes handicap\u00e9es intellectuelles Pour les personnes handicap\u00e9es mentales, l&#8217;apprentissage tout au long de la vie n\u2019est pas seulement l&#8217;apprentissage de nouvelles comp\u00e9tences ou la formation professionnelle. C\u2019est aussi ce qui permet d\u2019\u00eatre inclus dans la soci\u00e9t\u00e9, d\u2019\u00eatre capable de se pr\u00e9senter et d\u2019\u00eatre plus autonome dans la vie quotidienne [&hellip;]<\/p>\n","protected":false},"author":1,"featured_media":0,"parent":0,"menu_order":0,"comment_status":"closed","ping_status":"closed","template":"","meta":[],"_links":{"self":[{"href":"https:\/\/easy-to-read.inclusion-europe.eu\/fr\/wp-json\/wp\/v2\/pages\/192"}],"collection":[{"href":"https:\/\/easy-to-read.inclusion-europe.eu\/fr\/wp-json\/wp\/v2\/pages"}],"about":[{"href":"https:\/\/easy-to-read.inclusion-europe.eu\/fr\/wp-json\/wp\/v2\/types\/page"}],"author":[{"embeddable":true,"href":"https:\/\/easy-to-read.inclusion-europe.eu\/fr\/wp-json\/wp\/v2\/users\/1"}],"replies":[{"embeddable":true,"href":"https:\/\/easy-to-read.inclusion-europe.eu\/fr\/wp-json\/wp\/v2\/comments?post=192"}],"version-history":[{"count":5,"href":"https:\/\/easy-to-read.inclusion-europe.eu\/fr\/wp-json\/wp\/v2\/pages\/192\/revisions"}],"predecessor-version":[{"id":1210,"href":"https:\/\/easy-to-read.inclusion-europe.eu\/fr\/wp-json\/wp\/v2\/pages\/192\/revisions\/1210"}],"wp:attachment":[{"href":"https:\/\/easy-to-read.inclusion-europe.eu\/fr\/wp-json\/wp\/v2\/media?parent=192"}],"curies":[{"name":"wp","href":"https:\/\/api.w.org\/{rel}","templated":true}]}}