{"id":198,"date":"2014-12-14T17:37:30","date_gmt":"2014-12-14T17:37:30","guid":{"rendered":"http:\/\/easy-to-read.eu\/?page_id=198"},"modified":"2014-12-22T18:38:25","modified_gmt":"2014-12-22T18:38:25","slug":"projects","status":"publish","type":"page","link":"https:\/\/easy-to-read.inclusion-europe.eu\/fi\/projects\/","title":{"rendered":"Projektit"},"content":{"rendered":"<div id=\"stcpDiv\">\n<h3><\/h3>\n<h1><span style=\"color: #008000;\">Pathways &#8211; Opinpolkuja kehitysvammaisten ihmisten aikuisopiskeluun<\/span><\/h1>\n<p>Kehitysvammaisille ihmisille ei elinik\u00e4inen oppiminen k\u00e4sit\u00e4 ainoastaan uusien taitojen oppimista tai ammatillista koulutusta. Se merkitsee yhteiskuntaan osallistumista, itsens\u00e4 edustamista sek\u00e4 jokap\u00e4iv\u00e4isen el\u00e4m\u00e4n ja tulevaisuuden parempaa hallintaa. Kuitenkin yksi suurimmista esteist\u00e4 kehitysvammaisten ihmisten elinik\u00e4isen oppimisen ohjelmiin osallistumiselle, on saatavilla olevan aikuiskoulutuksen sek\u00e4 selkokielisen informaatioaineiston puute.<\/p>\n<p>N\u00e4iden ohjelmien saatavuuden parantamiseksi, Pathways-projektit ovat kehitt\u00e4neet eurooppalaiset selkokielistandardit aikuisopetuksen ja verkko-oppimisen materiaalia varten. Pathways II rakennettiin alkuper\u00e4isen Pathways-projektin perim\u00e4lle ja moninkertaisti sen vaikutuksen, kattaen l\u00e4hes koko Euroopan unionin alueen. Lis\u00e4tietoa Pathways-projektista saat sivustolta\u00a0<a href=\"http:\/\/www.life-long-learning.eu\">www.life-long-learning.eu<\/a>.<\/p>\n<table border=\"0\">\n<tbody>\n<tr>\n<td><img loading=\"lazy\" src=\"http:\/\/www.inclusion-europe.org\/etr\/images\/M_images\/EU_flag_LLP_EN-01_web.gif\" alt=\"EU flag LLP EN-01 web\" width=\"250\" height=\"97\" \/><\/td>\n<td style=\"vertical-align: top;\">Euroopan unionin elinik\u00e4isen\u00a0 oppimisen ohjelman tuella<\/td>\n<\/tr>\n<\/tbody>\n<\/table>\n<\/div>\n","protected":false},"excerpt":{"rendered":"<p>Pathways &#8211; Opinpolkuja kehitysvammaisten ihmisten aikuisopiskeluun Kehitysvammaisille ihmisille ei elinik\u00e4inen oppiminen k\u00e4sit\u00e4 ainoastaan uusien taitojen oppimista tai ammatillista koulutusta. Se merkitsee yhteiskuntaan osallistumista, itsens\u00e4 edustamista sek\u00e4 jokap\u00e4iv\u00e4isen el\u00e4m\u00e4n ja tulevaisuuden parempaa hallintaa. Kuitenkin yksi suurimmista esteist\u00e4 kehitysvammaisten ihmisten elinik\u00e4isen oppimisen ohjelmiin osallistumiselle, on saatavilla olevan aikuiskoulutuksen sek\u00e4 selkokielisen informaatioaineiston puute. N\u00e4iden ohjelmien saatavuuden parantamiseksi, Pathways-projektit [&hellip;]<\/p>\n","protected":false},"author":1,"featured_media":0,"parent":0,"menu_order":0,"comment_status":"closed","ping_status":"closed","template":"","meta":[],"_links":{"self":[{"href":"https:\/\/easy-to-read.inclusion-europe.eu\/fi\/wp-json\/wp\/v2\/pages\/198"}],"collection":[{"href":"https:\/\/easy-to-read.inclusion-europe.eu\/fi\/wp-json\/wp\/v2\/pages"}],"about":[{"href":"https:\/\/easy-to-read.inclusion-europe.eu\/fi\/wp-json\/wp\/v2\/types\/page"}],"author":[{"embeddable":true,"href":"https:\/\/easy-to-read.inclusion-europe.eu\/fi\/wp-json\/wp\/v2\/users\/1"}],"replies":[{"embeddable":true,"href":"https:\/\/easy-to-read.inclusion-europe.eu\/fi\/wp-json\/wp\/v2\/comments?post=198"}],"version-history":[{"count":5,"href":"https:\/\/easy-to-read.inclusion-europe.eu\/fi\/wp-json\/wp\/v2\/pages\/198\/revisions"}],"predecessor-version":[{"id":847,"href":"https:\/\/easy-to-read.inclusion-europe.eu\/fi\/wp-json\/wp\/v2\/pages\/198\/revisions\/847"}],"wp:attachment":[{"href":"https:\/\/easy-to-read.inclusion-europe.eu\/fi\/wp-json\/wp\/v2\/media?parent=198"}],"curies":[{"name":"wp","href":"https:\/\/api.w.org\/{rel}","templated":true}]}}