{"id":156,"date":"2014-12-14T17:30:46","date_gmt":"2014-12-14T17:30:46","guid":{"rendered":"http:\/\/easy-to-read.eu\/?page_id=156"},"modified":"2019-04-15T14:52:36","modified_gmt":"2019-04-15T14:52:36","slug":"european-logo","status":"publish","type":"page","link":"https:\/\/easy-to-read.inclusion-europe.eu\/fi\/european-logo\/","title":{"rendered":"Eurooppalainen merkki"},"content":{"rendered":"<div id=\"stcpDiv\">\n<h3><\/h3>\n<h3><span style=\"color: #008000;\"><strong>Miten eurooppalaista selkokielen merkki\u00e4 k\u00e4ytet\u00e4\u00e4n?<\/strong><\/span><\/h3>\n<p><a href=\"http:\/\/www.inclusion-europe.org\" target=\"_blank\" rel=\"noopener\">Inclusion Europe<\/a> teki selkokielen merkin.<\/p>\n<p>Jos n\u00e4et selkokielisen materiaalin merkill\u00e4 merkityn dokumentin,<br \/>\nse tarkoittaa, ett\u00e4 aineisto on helposti luettavaa ja ymm\u00e4rrett\u00e4v\u00e4\u00e4.<\/p>\n<p>Kaikki voivat k\u00e4ytt\u00e4\u00e4 merkki\u00e4.<br \/>\nVoit k\u00e4ytt\u00e4\u00e4 sit\u00e4 helposti luettavissa dokumenteissa, esitteiss\u00e4 tai nettisivuilla.<\/p>\n<p>Merkin k\u00e4yt\u00f6st\u00e4 ei tarvitse maksaa.<\/p>\n<p>T\u00e4ytyy kuitenkin noudattaa seuraavia ohjeita:<\/p>\n<ul>\n<li>Dokumentti t\u00e4ytyy kirjoittaa helposti luettavan informaation<br \/>\nohjeiden mukaisesti.<br \/>\nN\u00e4it\u00e4 ohjeita kutsutaan eurooppalaisiksi standardeiksi, ja ne<br \/>\ntekev\u00e4t informaation helposti luettavaksi ja ymm\u00e4rrett\u00e4v\u00e4ksi.<\/li>\n<li>V\u00e4hint\u00e4\u00e4n yhden kehitysvammaisen henkil\u00f6n on t\u00e4ytynyt lukea<br \/>\ndokumentti ja todeta, ett\u00e4 se on helposti luettava ja ymm\u00e4rrett\u00e4v\u00e4.<\/li>\n<\/ul>\n<p>Alla voit n\u00e4hd\u00e4 muita ohjeita selkokielisen materiaalin merkin k\u00e4yt\u00f6st\u00e4.<\/p>\n<p style=\"text-align: center;\"><strong>Selkokielisen materiaalin merkin k\u00e4ytt\u00f6\u00f6n liittyv\u00e4t ehdot<\/strong><\/p>\n<p>&nbsp;<\/p>\n<ol>\n<li>Merkki\u00e4 k\u00e4ytt\u00e4vien henkil\u00f6iden t\u00e4ytyy noudattaa \u201cEurooppalaisen selkokielistandardin\u201d m\u00e4\u00e4r\u00e4yksi\u00e4.<\/li>\n<li>Merkin k\u00e4yt\u00f6ss\u00e4 on noudatettava seuraavia ohjeita:\n<ol>\n<li>V\u00e4ri: Sininen:<\/li>\n<\/ol>\n<\/li>\n<\/ol>\n<ul>\n<li>PANTONE \u2013 072;<\/li>\n<li>CMYK \u2013 Cyan 100%, Magenta 87%, Musta 6%;<\/li>\n<li>RVB: 26-63-147;<\/li>\n<li>WEB: #333399\n<ol>\n<li>Minimikoko: 15mm<\/li>\n<\/ol>\n<\/li>\n<\/ul>\n<ol start=\"3\">\n<li>Julkaisun t\u00e4ytyy oikolukea yksi tai useampi kehitysvammainen henkil\u00f6, jonka \u00e4idinkieli on sama kuin julkaisun kieli. Oikolukijoiden nimet tulee n\u00e4ky\u00e4 esitteess\u00e4.<\/li>\n<li>Julkaisuissa tulee olla seuraava teksti: \u201c\u00a9 European Easy-to-Read Logo: Inclusion Europe. Lis\u00e4tietoa saat sivustolta <a href=\"http:\/\/www.inclusion-europe.org\/etr%E2%80%9D.\">easy-to-read.eu\u201d.<\/a><\/li>\n<\/ol>\n<p>Inclusion Europe pid\u00e4tt\u00e4\u00e4 oikeuden peruuttaa luvan eurooppalaisen selkokielen merkin k\u00e4ytt\u00f6\u00f6n, mik\u00e4li j\u00e4tetyt julkaisut antavat aihetta ep\u00e4ill\u00e4, ettei helposti luettavan materiaalin s\u00e4\u00e4nt\u00f6j\u00e4 ole noudatettu niiden valmistelussa.<\/p>\n<p><strong>\u00a0<\/strong><\/p>\n<table border=\"2\">\n<tbody>\n<tr>\n<td style=\"vertical-align: middle;\"><span class=\"hps\">Selkokielen merkki\u00a0&#8230;&#8230;&#8230;&#8230;&#8230;&#8230;&#8230;&#8230;&#8230;&#8230;&#8230;&#8230;&#8230;. gif<\/span><\/td>\n<td><span class=\"hps\"><a href=\"http:\/\/easy-to-read.inclusion-europe.eu\/wp-content\/uploads\/2014\/12\/ETR.gif\" target=\"_blank\" rel=\"noopener\"><img loading=\"lazy\" class=\"alignnone wp-image-81\" src=\"http:\/\/easy-to-read.inclusion-europe.eu\/wp-content\/uploads\/2014\/12\/ETR-300x297.gif\" alt=\"ETR\" width=\"89\" height=\"88\" srcset=\"https:\/\/easy-to-read.inclusion-europe.eu\/wp-content\/uploads\/2014\/12\/ETR-300x297.gif 300w, https:\/\/easy-to-read.inclusion-europe.eu\/wp-content\/uploads\/2014\/12\/ETR-150x150.gif 150w, https:\/\/easy-to-read.inclusion-europe.eu\/wp-content\/uploads\/2014\/12\/ETR-493x490.gif 493w, https:\/\/easy-to-read.inclusion-europe.eu\/wp-content\/uploads\/2014\/12\/ETR-246x245.gif 246w\" sizes=\"(max-width: 89px) 100vw, 89px\" \/><\/a><\/span><\/td>\n<\/tr>\n<tr>\n<td style=\"vertical-align: middle;\"><span class=\"hps\">Selkokielen merkki\u00a0&#8230;&#8230;&#8230;&#8230;&#8230;&#8230;&#8230;&#8230;&#8230;&#8230;&#8230;&#8230;&#8230; jpg<\/span><\/td>\n<td><span class=\"hps\"><a href=\"http:\/\/easy-to-read.inclusion-europe.eu\/wp-content\/uploads\/2014\/12\/ETR.jpg\" target=\"_blank\" rel=\"noopener\"><img loading=\"lazy\" class=\"alignnone wp-image-81\" src=\"http:\/\/easy-to-read.inclusion-europe.eu\/wp-content\/uploads\/2014\/12\/ETR-300x297.gif\" alt=\"ETR\" width=\"89\" height=\"88\" srcset=\"https:\/\/easy-to-read.inclusion-europe.eu\/wp-content\/uploads\/2014\/12\/ETR-300x297.gif 300w, https:\/\/easy-to-read.inclusion-europe.eu\/wp-content\/uploads\/2014\/12\/ETR-150x150.gif 150w, https:\/\/easy-to-read.inclusion-europe.eu\/wp-content\/uploads\/2014\/12\/ETR-493x490.gif 493w, https:\/\/easy-to-read.inclusion-europe.eu\/wp-content\/uploads\/2014\/12\/ETR-246x245.gif 246w\" sizes=\"(max-width: 89px) 100vw, 89px\" \/><\/a><\/span><\/td>\n<\/tr>\n<tr>\n<td style=\"vertical-align: middle;\"><span class=\"hps\">Selkokielen merkki\u00a0&#8230;&#8230;&#8230;&#8230;&#8230;&#8230;&#8230;&#8230;&#8230;&#8230;&#8230;&#8230;&#8230; tiff<\/span><\/td>\n<td><span class=\"hps\"><a href=\"http:\/\/easy-to-read.inclusion-europe.eu\/wp-content\/uploads\/2014\/12\/ETR.tiff\" target=\"_blank\" rel=\"noopener\"><img loading=\"lazy\" class=\"alignnone wp-image-81\" src=\"http:\/\/easy-to-read.inclusion-europe.eu\/wp-content\/uploads\/2014\/12\/ETR-300x297.gif\" alt=\"ETR\" width=\"89\" height=\"88\" srcset=\"https:\/\/easy-to-read.inclusion-europe.eu\/wp-content\/uploads\/2014\/12\/ETR-300x297.gif 300w, https:\/\/easy-to-read.inclusion-europe.eu\/wp-content\/uploads\/2014\/12\/ETR-150x150.gif 150w, https:\/\/easy-to-read.inclusion-europe.eu\/wp-content\/uploads\/2014\/12\/ETR-493x490.gif 493w, https:\/\/easy-to-read.inclusion-europe.eu\/wp-content\/uploads\/2014\/12\/ETR-246x245.gif 246w\" sizes=\"(max-width: 89px) 100vw, 89px\" \/><\/a><\/span><\/td>\n<\/tr>\n<\/tbody>\n<\/table>\n<div id=\"style2\"><\/div>\n<div id=\"style2\"><\/div>\n<\/div>\n","protected":false},"excerpt":{"rendered":"<p>Miten eurooppalaista selkokielen merkki\u00e4 k\u00e4ytet\u00e4\u00e4n? Inclusion Europe teki selkokielen merkin. Jos n\u00e4et selkokielisen materiaalin merkill\u00e4 merkityn dokumentin, se tarkoittaa, ett\u00e4 aineisto on helposti luettavaa ja ymm\u00e4rrett\u00e4v\u00e4\u00e4. Kaikki voivat k\u00e4ytt\u00e4\u00e4 merkki\u00e4. Voit k\u00e4ytt\u00e4\u00e4 sit\u00e4 helposti luettavissa dokumenteissa, esitteiss\u00e4 tai nettisivuilla. Merkin k\u00e4yt\u00f6st\u00e4 ei tarvitse maksaa. T\u00e4ytyy kuitenkin noudattaa seuraavia ohjeita: Dokumentti t\u00e4ytyy kirjoittaa helposti luettavan informaation [&hellip;]<\/p>\n","protected":false},"author":1,"featured_media":0,"parent":0,"menu_order":0,"comment_status":"closed","ping_status":"closed","template":"","meta":[],"_links":{"self":[{"href":"https:\/\/easy-to-read.inclusion-europe.eu\/fi\/wp-json\/wp\/v2\/pages\/156"}],"collection":[{"href":"https:\/\/easy-to-read.inclusion-europe.eu\/fi\/wp-json\/wp\/v2\/pages"}],"about":[{"href":"https:\/\/easy-to-read.inclusion-europe.eu\/fi\/wp-json\/wp\/v2\/types\/page"}],"author":[{"embeddable":true,"href":"https:\/\/easy-to-read.inclusion-europe.eu\/fi\/wp-json\/wp\/v2\/users\/1"}],"replies":[{"embeddable":true,"href":"https:\/\/easy-to-read.inclusion-europe.eu\/fi\/wp-json\/wp\/v2\/comments?post=156"}],"version-history":[{"count":6,"href":"https:\/\/easy-to-read.inclusion-europe.eu\/fi\/wp-json\/wp\/v2\/pages\/156\/revisions"}],"predecessor-version":[{"id":1343,"href":"https:\/\/easy-to-read.inclusion-europe.eu\/fi\/wp-json\/wp\/v2\/pages\/156\/revisions\/1343"}],"wp:attachment":[{"href":"https:\/\/easy-to-read.inclusion-europe.eu\/fi\/wp-json\/wp\/v2\/media?parent=156"}],"curies":[{"name":"wp","href":"https:\/\/api.w.org\/{rel}","templated":true}]}}