{"id":132,"date":"2014-12-14T17:16:41","date_gmt":"2014-12-14T17:16:41","guid":{"rendered":"http:\/\/easy-to-read.eu\/?page_id=132"},"modified":"2014-12-22T18:11:00","modified_gmt":"2014-12-22T18:11:00","slug":"8-2","status":"publish","type":"page","link":"https:\/\/easy-to-read.inclusion-europe.eu\/fi\/","title":{"rendered":"Home"},"content":{"rendered":"<h3><span style=\"color: #008000;\"><br \/>\n<strong>Asettakaa tiedot kaikkien saataville!<\/strong><\/span><\/h3>\n<p>Tietojen saaminen on t\u00e4rke\u00e4\u00e4 kehitysvammaisille.<\/p>\n<ul>\n<li>Oppia uusia asioita.<\/li>\n<li>Osallistua yhteiskuntaan.<\/li>\n<li>Tuntea omat oikeudet ja puolustaa niit\u00e4.<\/li>\n<li>Tehd\u00e4 p\u00e4\u00e4t\u00f6ksi\u00e4 ja itsen\u00e4isi\u00e4 valintoja.<\/li>\n<\/ul>\n<p>Kehitysvammaisilla henkil\u00f6ill\u00e4 on oikeus saada tietoa, joka on helposti luettavaa ja ymm\u00e4rrett\u00e4v\u00e4\u00e4.<\/p>\n<p>&nbsp;<\/p>\n","protected":false},"excerpt":{"rendered":"<p>Asettakaa tiedot kaikkien saataville! Tietojen saaminen on t\u00e4rke\u00e4\u00e4 kehitysvammaisille. Oppia uusia asioita. Osallistua yhteiskuntaan. Tuntea omat oikeudet ja puolustaa niit\u00e4. Tehd\u00e4 p\u00e4\u00e4t\u00f6ksi\u00e4 ja itsen\u00e4isi\u00e4 valintoja. Kehitysvammaisilla henkil\u00f6ill\u00e4 on oikeus saada tietoa, joka on helposti luettavaa ja ymm\u00e4rrett\u00e4v\u00e4\u00e4. &nbsp;<\/p>\n","protected":false},"author":1,"featured_media":0,"parent":0,"menu_order":0,"comment_status":"closed","ping_status":"closed","template":"","meta":[],"_links":{"self":[{"href":"https:\/\/easy-to-read.inclusion-europe.eu\/fi\/wp-json\/wp\/v2\/pages\/132"}],"collection":[{"href":"https:\/\/easy-to-read.inclusion-europe.eu\/fi\/wp-json\/wp\/v2\/pages"}],"about":[{"href":"https:\/\/easy-to-read.inclusion-europe.eu\/fi\/wp-json\/wp\/v2\/types\/page"}],"author":[{"embeddable":true,"href":"https:\/\/easy-to-read.inclusion-europe.eu\/fi\/wp-json\/wp\/v2\/users\/1"}],"replies":[{"embeddable":true,"href":"https:\/\/easy-to-read.inclusion-europe.eu\/fi\/wp-json\/wp\/v2\/comments?post=132"}],"version-history":[{"count":3,"href":"https:\/\/easy-to-read.inclusion-europe.eu\/fi\/wp-json\/wp\/v2\/pages\/132\/revisions"}],"predecessor-version":[{"id":831,"href":"https:\/\/easy-to-read.inclusion-europe.eu\/fi\/wp-json\/wp\/v2\/pages\/132\/revisions\/831"}],"wp:attachment":[{"href":"https:\/\/easy-to-read.inclusion-europe.eu\/fi\/wp-json\/wp\/v2\/media?parent=132"}],"curies":[{"name":"wp","href":"https:\/\/api.w.org\/{rel}","templated":true}]}}