{"id":237,"date":"2014-12-18T19:48:50","date_gmt":"2014-12-18T19:48:50","guid":{"rendered":"http:\/\/easy-to-read.eu\/?page_id=237"},"modified":"2014-12-22T18:51:41","modified_gmt":"2014-12-22T18:51:41","slug":"teaching-materials","status":"publish","type":"page","link":"https:\/\/easy-to-read.inclusion-europe.eu\/et\/teaching-materials\/","title":{"rendered":"Materjalid"},"content":{"rendered":"<h3><\/h3>\n<h3><span style=\"color: #008000;\">T\u00e4iendav \u00f5ppematerjal<\/span><\/h3>\n<p>J\u00e4rgmised t\u00e4iendavad lisamaterjalid on koolituspersonalile praktiliseks toeks kergesti loetavate meetodite j\u00e4rgimisel ja vaimse mahaj\u00e4\u00e4musega inimeste kaasamisel kirjutamisprotsessi.<a href=\"http:\/\/easy-to-read.inclusion-europe.eu\/wp-content\/uploads\/2014\/12\/EE_brochures.jpg\"><img loading=\"lazy\" class=\" size-medium wp-image-700 aligncenter\" src=\"http:\/\/easy-to-read.inclusion-europe.eu\/wp-content\/uploads\/2014\/12\/EE_brochures-300x266.jpg\" alt=\"EE_brochures\" width=\"300\" height=\"266\" srcset=\"https:\/\/easy-to-read.inclusion-europe.eu\/wp-content\/uploads\/2014\/12\/EE_brochures-300x266.jpg 300w, https:\/\/easy-to-read.inclusion-europe.eu\/wp-content\/uploads\/2014\/12\/EE_brochures-553x490.jpg 553w, https:\/\/easy-to-read.inclusion-europe.eu\/wp-content\/uploads\/2014\/12\/EE_brochures-277x245.jpg 277w, https:\/\/easy-to-read.inclusion-europe.eu\/wp-content\/uploads\/2014\/12\/EE_brochures.jpg 910w\" sizes=\"(max-width: 300px) 100vw, 300px\" \/><\/a><\/p>\n<ol>\n<li><a href=\"http:\/\/easy-to-read.inclusion-europe.eu\/wp-content\/uploads\/2014\/12\/EE_Training_lifelong_learning_staff.pdf\" target=\"_blank\">Elukestva \u00f5ppe personali koolitusprogramm, milles \u00f5petatakse kirjutama kergesti loetavaid ja lihtsalt m\u00f5istetavaid tekste.<\/a><\/li>\n<li><a href=\"http:\/\/easy-to-read.inclusion-europe.eu\/wp-content\/uploads\/2014\/12\/EE_Methodology.pdf\" target=\"_blank\">Juhised, kuidas kaasata vaimse mahaj\u00e4\u00e4musega inimesi selliste tekstide kirjutamisse, mida on kerge lugeda ja lihtne m\u00f5ista.<\/a><\/li>\n<li>Bro\u0161\u00fc\u00fcr pealkirjaga \u201e<a href=\"http:\/\/easy-to-read.inclusion-europe.eu\/wp-content\/uploads\/2014\/12\/EE_Teaching_can_be_easy.pdf\" target=\"_blank\">\u00d5petamine v\u00f5ib olla lihtne<\/a>\u201d, milles antakse elukestva \u00f5ppe personalile soovitusi, kuidas oma kursusi k\u00e4ttesaadavamaks teha.<\/li>\n<\/ol>\n<p><strong>\u00a0<\/strong><\/p>\n","protected":false},"excerpt":{"rendered":"<p>T\u00e4iendav \u00f5ppematerjal J\u00e4rgmised t\u00e4iendavad lisamaterjalid on koolituspersonalile praktiliseks toeks kergesti loetavate meetodite j\u00e4rgimisel ja vaimse mahaj\u00e4\u00e4musega inimeste kaasamisel kirjutamisprotsessi. Elukestva \u00f5ppe personali koolitusprogramm, milles \u00f5petatakse kirjutama kergesti loetavaid ja lihtsalt m\u00f5istetavaid tekste. Juhised, kuidas kaasata vaimse mahaj\u00e4\u00e4musega inimesi selliste tekstide kirjutamisse, mida on kerge lugeda ja lihtne m\u00f5ista. Bro\u0161\u00fc\u00fcr pealkirjaga \u201e\u00d5petamine v\u00f5ib olla lihtne\u201d, milles [&hellip;]<\/p>\n","protected":false},"author":1,"featured_media":0,"parent":0,"menu_order":0,"comment_status":"closed","ping_status":"closed","template":"","meta":[],"_links":{"self":[{"href":"https:\/\/easy-to-read.inclusion-europe.eu\/et\/wp-json\/wp\/v2\/pages\/237"}],"collection":[{"href":"https:\/\/easy-to-read.inclusion-europe.eu\/et\/wp-json\/wp\/v2\/pages"}],"about":[{"href":"https:\/\/easy-to-read.inclusion-europe.eu\/et\/wp-json\/wp\/v2\/types\/page"}],"author":[{"embeddable":true,"href":"https:\/\/easy-to-read.inclusion-europe.eu\/et\/wp-json\/wp\/v2\/users\/1"}],"replies":[{"embeddable":true,"href":"https:\/\/easy-to-read.inclusion-europe.eu\/et\/wp-json\/wp\/v2\/comments?post=237"}],"version-history":[{"count":6,"href":"https:\/\/easy-to-read.inclusion-europe.eu\/et\/wp-json\/wp\/v2\/pages\/237\/revisions"}],"predecessor-version":[{"id":856,"href":"https:\/\/easy-to-read.inclusion-europe.eu\/et\/wp-json\/wp\/v2\/pages\/237\/revisions\/856"}],"wp:attachment":[{"href":"https:\/\/easy-to-read.inclusion-europe.eu\/et\/wp-json\/wp\/v2\/media?parent=237"}],"curies":[{"name":"wp","href":"https:\/\/api.w.org\/{rel}","templated":true}]}}