{"id":197,"date":"2014-12-14T17:37:30","date_gmt":"2014-12-14T17:37:30","guid":{"rendered":"http:\/\/easy-to-read.eu\/?page_id=197"},"modified":"2014-12-22T18:57:59","modified_gmt":"2014-12-22T18:57:59","slug":"projects","status":"publish","type":"page","link":"https:\/\/easy-to-read.inclusion-europe.eu\/et\/projects\/","title":{"rendered":"Projektid"},"content":{"rendered":"<div id=\"stcpDiv\">\n<h3><\/h3>\n<h1><span style=\"color: #008000;\">T\u00e4iskasvanu\u00f5ppe v\u00f5imalused vaimse mahaj\u00e4\u00e4musega inimestele<\/span><\/h1>\n<p>Vaimse mahaj\u00e4\u00e4musega inimeste jaoks ei t\u00e4henda elukestev \u00f5pe mitte ainult uute oskuste omandamist v\u00f5i kutsekoolitust. See aitab neil \u00fchiskonnaelus osaleda, v\u00f5imaldab neil ennast v\u00e4ljendada ja saada suuremat kontrolli oma igap\u00e4evaelu ja tuleviku \u00fcle. Kuid \u00fcks peamisi takistusi, mis ei lase vaimse mahaj\u00e4musega inimestel elukestva \u00f5ppe programme kasutada, on t\u00e4iskasvanu\u00f5ppe informatsiooni ja materjalide v\u00e4hene k\u00e4ttesaadavus lihtsasti m\u00f5istetavas keeles.<\/p>\n<p>Et parandada nende programmide k\u00e4ttesaadavust, on Pathwaysi projektid v\u00e4lja t\u00f6\u00f6tanud kergesti loetavad Euroopa standardid t\u00e4iskasvanu\u00f5ppele ja e-\u00f5ppe materjalidele. Pathways II on v\u00e4lja kasvanud algsest Pathwaysi projektist, mille m\u00f5ju on kasvanud, kattes n\u00fc\u00fcd peaaegu terve Euroopa Liidu. Pathwaysi projekti kohta leiate rohkem teavet aadressil <a href=\"http:\/\/www.life-long-learning.eu\/\">www.life-long-learning.eu<\/a>.<\/p>\n<table border=\"0\">\n<tbody>\n<tr>\n<td><img loading=\"lazy\" src=\"http:\/\/www.inclusion-europe.org\/etr\/images\/M_images\/EU_flag_LLP_EN-01_web.gif\" alt=\"EU flag LLP EN-01 web\" width=\"250\" height=\"97\" \/><\/td>\n<td style=\"vertical-align: top;\">Euroopa Liidu elukestva \u00f5ppe programmi toetusel<\/td>\n<\/tr>\n<\/tbody>\n<\/table>\n<\/div>\n","protected":false},"excerpt":{"rendered":"<p>T\u00e4iskasvanu\u00f5ppe v\u00f5imalused vaimse mahaj\u00e4\u00e4musega inimestele Vaimse mahaj\u00e4\u00e4musega inimeste jaoks ei t\u00e4henda elukestev \u00f5pe mitte ainult uute oskuste omandamist v\u00f5i kutsekoolitust. See aitab neil \u00fchiskonnaelus osaleda, v\u00f5imaldab neil ennast v\u00e4ljendada ja saada suuremat kontrolli oma igap\u00e4evaelu ja tuleviku \u00fcle. Kuid \u00fcks peamisi takistusi, mis ei lase vaimse mahaj\u00e4musega inimestel elukestva \u00f5ppe programme kasutada, on t\u00e4iskasvanu\u00f5ppe informatsiooni [&hellip;]<\/p>\n","protected":false},"author":1,"featured_media":0,"parent":0,"menu_order":0,"comment_status":"closed","ping_status":"closed","template":"","meta":[],"_links":{"self":[{"href":"https:\/\/easy-to-read.inclusion-europe.eu\/et\/wp-json\/wp\/v2\/pages\/197"}],"collection":[{"href":"https:\/\/easy-to-read.inclusion-europe.eu\/et\/wp-json\/wp\/v2\/pages"}],"about":[{"href":"https:\/\/easy-to-read.inclusion-europe.eu\/et\/wp-json\/wp\/v2\/types\/page"}],"author":[{"embeddable":true,"href":"https:\/\/easy-to-read.inclusion-europe.eu\/et\/wp-json\/wp\/v2\/users\/1"}],"replies":[{"embeddable":true,"href":"https:\/\/easy-to-read.inclusion-europe.eu\/et\/wp-json\/wp\/v2\/comments?post=197"}],"version-history":[{"count":5,"href":"https:\/\/easy-to-read.inclusion-europe.eu\/et\/wp-json\/wp\/v2\/pages\/197\/revisions"}],"predecessor-version":[{"id":862,"href":"https:\/\/easy-to-read.inclusion-europe.eu\/et\/wp-json\/wp\/v2\/pages\/197\/revisions\/862"}],"wp:attachment":[{"href":"https:\/\/easy-to-read.inclusion-europe.eu\/et\/wp-json\/wp\/v2\/media?parent=197"}],"curies":[{"name":"wp","href":"https:\/\/api.w.org\/{rel}","templated":true}]}}