{"id":169,"date":"2014-12-14T17:26:25","date_gmt":"2014-12-14T17:26:25","guid":{"rendered":"http:\/\/easy-to-read.eu\/?page_id=169"},"modified":"2014-12-22T18:46:01","modified_gmt":"2014-12-22T18:46:01","slug":"european-standards","status":"publish","type":"page","link":"https:\/\/easy-to-read.inclusion-europe.eu\/et\/european-standards\/","title":{"rendered":"Euroopa standardid"},"content":{"rendered":"<div id=\"stcpDiv\">\n<h3><\/h3>\n<h3><span style=\"color: #008000;\">Euroopa standardid, mis muudavad informatsiooni kergesti loetavaks ja lihtsasti m\u00f5istetavaks<\/span><\/h3>\n<table>\n<tbody>\n<tr>\n<td style=\"vertical-align: top;\">Tarvis on rohkem kergesti loetavat ja lihtsasti m\u00f5istetavat informatsiooni.<br \/>\nSeda tuleb teha \u00fchtsel viisil.<br \/>\nSeda tuleb teha \u00f5igel viisil.<br \/>\nM\u00f5ne lihtsa reegli j\u00e4rgimine aitab teil muuta oma informatsiooni kergesti loetavaks ja lihsalt m\u00f5istetavaks.<\/p>\n<p><a href=\"http:\/\/easy-to-read.inclusion-europe.eu\/wp-content\/uploads\/2014\/12\/EE_Information_for_all.pdf\" target=\"_blank\"><span style=\"text-decoration: underline;\">Vajutage siia, et Euroopa standardid alla laadida<\/span><\/a>.<\/p>\n<p>Reeglid on k\u00e4ttesaadavad ka 15 muus keeles.<\/td>\n<td><span style=\"color: #ffffff;\">..<\/span><\/td>\n<td><a href=\"http:\/\/easy-to-read.inclusion-europe.eu\/wp-content\/uploads\/2014\/12\/EE_Information_for_all.pdf\" target=\"_blank\"><img loading=\"lazy\" class=\"alignnone size-medium wp-image-699\" src=\"http:\/\/easy-to-read.inclusion-europe.eu\/wp-content\/uploads\/2014\/12\/EE_Information_for_all-208x300.jpg\" alt=\"EE_Information_for_all\" width=\"208\" height=\"300\" srcset=\"https:\/\/easy-to-read.inclusion-europe.eu\/wp-content\/uploads\/2014\/12\/EE_Information_for_all-208x300.jpg 208w, https:\/\/easy-to-read.inclusion-europe.eu\/wp-content\/uploads\/2014\/12\/EE_Information_for_all-340x490.jpg 340w, https:\/\/easy-to-read.inclusion-europe.eu\/wp-content\/uploads\/2014\/12\/EE_Information_for_all-170x245.jpg 170w, https:\/\/easy-to-read.inclusion-europe.eu\/wp-content\/uploads\/2014\/12\/EE_Information_for_all.jpg 616w\" sizes=\"(max-width: 208px) 100vw, 208px\" \/><\/a><\/td>\n<\/tr>\n<\/tbody>\n<\/table>\n<\/div>\n","protected":false},"excerpt":{"rendered":"<p>Euroopa standardid, mis muudavad informatsiooni kergesti loetavaks ja lihtsasti m\u00f5istetavaks Tarvis on rohkem kergesti loetavat ja lihtsasti m\u00f5istetavat informatsiooni. Seda tuleb teha \u00fchtsel viisil. Seda tuleb teha \u00f5igel viisil. M\u00f5ne lihtsa reegli j\u00e4rgimine aitab teil muuta oma informatsiooni kergesti loetavaks ja lihsalt m\u00f5istetavaks. Vajutage siia, et Euroopa standardid alla laadida. Reeglid on k\u00e4ttesaadavad ka 15 [&hellip;]<\/p>\n","protected":false},"author":1,"featured_media":0,"parent":0,"menu_order":0,"comment_status":"closed","ping_status":"closed","template":"","meta":[],"_links":{"self":[{"href":"https:\/\/easy-to-read.inclusion-europe.eu\/et\/wp-json\/wp\/v2\/pages\/169"}],"collection":[{"href":"https:\/\/easy-to-read.inclusion-europe.eu\/et\/wp-json\/wp\/v2\/pages"}],"about":[{"href":"https:\/\/easy-to-read.inclusion-europe.eu\/et\/wp-json\/wp\/v2\/types\/page"}],"author":[{"embeddable":true,"href":"https:\/\/easy-to-read.inclusion-europe.eu\/et\/wp-json\/wp\/v2\/users\/1"}],"replies":[{"embeddable":true,"href":"https:\/\/easy-to-read.inclusion-europe.eu\/et\/wp-json\/wp\/v2\/comments?post=169"}],"version-history":[{"count":7,"href":"https:\/\/easy-to-read.inclusion-europe.eu\/et\/wp-json\/wp\/v2\/pages\/169\/revisions"}],"predecessor-version":[{"id":852,"href":"https:\/\/easy-to-read.inclusion-europe.eu\/et\/wp-json\/wp\/v2\/pages\/169\/revisions\/852"}],"wp:attachment":[{"href":"https:\/\/easy-to-read.inclusion-europe.eu\/et\/wp-json\/wp\/v2\/media?parent=169"}],"curies":[{"name":"wp","href":"https:\/\/api.w.org\/{rel}","templated":true}]}}