{"id":155,"date":"2014-12-14T17:30:46","date_gmt":"2014-12-14T17:30:46","guid":{"rendered":"http:\/\/easy-to-read.eu\/?page_id=155"},"modified":"2019-04-15T14:52:17","modified_gmt":"2019-04-15T14:52:17","slug":"european-logo","status":"publish","type":"page","link":"https:\/\/easy-to-read.inclusion-europe.eu\/et\/european-logo\/","title":{"rendered":"Euroopa logo"},"content":{"rendered":"<div id=\"stcpDiv\">\n<h3><\/h3>\n<h3><span style=\"color: #008000;\"><strong>Kuidas kasutada lihtsasti loetavat Euroopa logo?<\/strong><\/span><\/h3>\n<p><a href=\"http:\/\/www.inclusion-europe.org\" target=\"_blank\" rel=\"noopener\">Inclusion Europe <\/a>l\u00f5i lihtsasti loetava logo.<\/p>\n<p>Kui dokument on varustatud logoga,<br \/>\nannab see m\u00e4rku, et dokument on kergesti loetav ja lihtsasti m\u00f5istetav.<\/p>\n<p>Iga\u00fcks v\u00f5ib seda logo kasutada.<br \/>\nV\u00f5ite seda kasutada oma kergesti loetavas dokumendis, bro\u0161\u00fc\u00fcris v\u00f5i veebilehel.<br \/>\nLogo kasutamine on tasuta.<\/p>\n<p>Kuid j\u00e4rgida tuleb m\u00f5nda reeglit:<\/p>\n<ul>\n<li>dokument peab olema koostatud vastavalt kergesti loetava informatsiooni reeglitele,<br \/>\nneid reegleid nimetatakse Euroopa standarditeks, mis aitavad muuta informatsiooni kergesti loetavaks ja lihtsasti m\u00f5istetavaks,<\/li>\n<li>v\u00e4hemalt \u00fcks vaimse mahaj\u00e4\u00e4musega inimene peab olema dokumenti lugenud ja kinnitanud, et seda on kerge lugeda ja lihtne m\u00f5ista.<\/li>\n<\/ul>\n<p>Allpool on toodud teisigi reegleid selle kohta, kuidas kergesti loetavat logo kasutada.<\/p>\n<p style=\"text-align: center;\"><strong>Kergesti loetava logo kasutamise tingimused<\/strong><\/p>\n<p>&nbsp;<\/p>\n<ol>\n<li>Logo kasutajad peavad j\u00e4rgima \u201eEuroopa standardeid, mis aitavad muuta informatsiooni kergesti loetavaks ja lihtsasti m\u00f5istetavaks\u201d.<\/li>\n<li>Logo kasutamisel tuleb kinni pidada j\u00e4rgmistest juhistest:\n<ol>\n<li>V\u00e4rvus: Sinine:<\/li>\n<\/ol>\n<\/li>\n<\/ol>\n<ul>\n<li>PANTONE \u2013 072;<\/li>\n<li>CMYK \u2013 cyan 100%, magenta 87%, must 6%;<\/li>\n<li>RVB: 26-63-147;<\/li>\n<li>WEB: #333399\n<ol>\n<li>Miinimumm\u00f5\u00f5tmed: 15 mm<\/li>\n<\/ol>\n<\/li>\n<\/ul>\n<ol start=\"3\">\n<li>V\u00e4hemalt \u00fcks vaimse mahaj\u00e4\u00e4musega inimene, kelle emakeel on teie tekstis kasutatav keel, peaks teksti \u00fcle vaatama. Selle inimese nimi peab olema bro\u0161\u00fc\u00fcris \u00e4ra toodud.<\/li>\n<li>V\u00e4ljaantavase teksti tuleb kirjutada j\u00e4rgmine lause: \u201e\u00a9 Kergesti loetav Euroopa logo: Inclusion Europe. Rohkem teavet aadressil <a href=\"http:\/\/www.inclusion-europe.org\/etr%E2%80%9D.\">easy-to-read.eu\u201d.<\/a><\/li>\n<\/ol>\n<p>Inclusion Europe j\u00e4tab endale \u00f5iguse t\u00fchistada kergesti loetava Euroopa logo kasutamise luba, juhul kui tekib t\u00f5siseid kahtlusi, kas v\u00e4lja antava materjali koostamisel on kergesti loetavavuse reegleid j\u00e4rgitud.<\/p>\n<table border=\"2\">\n<tbody>\n<tr>\n<td style=\"vertical-align: middle;\"><span class=\"hps\">Kergesti loetav logo\u00a0&#8230;&#8230;&#8230;&#8230;&#8230;&#8230;&#8230;&#8230;&#8230;&#8230;&#8230;&#8230;&#8230;. gif<\/span><\/td>\n<td><span class=\"hps\"><a href=\"http:\/\/easy-to-read.inclusion-europe.eu\/wp-content\/uploads\/2014\/12\/ETR.gif\" target=\"_blank\" rel=\"noopener\"><img loading=\"lazy\" class=\"alignnone wp-image-81\" src=\"http:\/\/easy-to-read.inclusion-europe.eu\/wp-content\/uploads\/2014\/12\/ETR-300x297.gif\" alt=\"ETR\" width=\"89\" height=\"88\" srcset=\"https:\/\/easy-to-read.inclusion-europe.eu\/wp-content\/uploads\/2014\/12\/ETR-300x297.gif 300w, https:\/\/easy-to-read.inclusion-europe.eu\/wp-content\/uploads\/2014\/12\/ETR-150x150.gif 150w, https:\/\/easy-to-read.inclusion-europe.eu\/wp-content\/uploads\/2014\/12\/ETR-493x490.gif 493w, https:\/\/easy-to-read.inclusion-europe.eu\/wp-content\/uploads\/2014\/12\/ETR-246x245.gif 246w\" sizes=\"(max-width: 89px) 100vw, 89px\" \/><\/a><\/span><\/td>\n<\/tr>\n<tr>\n<td style=\"vertical-align: middle;\"><span class=\"hps\">Kergesti loetav logo\u00a0&#8230;&#8230;&#8230;&#8230;&#8230;&#8230;&#8230;&#8230;&#8230;&#8230;&#8230;&#8230;&#8230; jpg<\/span><\/td>\n<td><span class=\"hps\"><a href=\"http:\/\/easy-to-read.inclusion-europe.eu\/wp-content\/uploads\/2014\/12\/ETR.jpg\" target=\"_blank\" rel=\"noopener\"><img loading=\"lazy\" class=\"alignnone wp-image-81\" src=\"http:\/\/easy-to-read.inclusion-europe.eu\/wp-content\/uploads\/2014\/12\/ETR-300x297.gif\" alt=\"ETR\" width=\"89\" height=\"88\" srcset=\"https:\/\/easy-to-read.inclusion-europe.eu\/wp-content\/uploads\/2014\/12\/ETR-300x297.gif 300w, https:\/\/easy-to-read.inclusion-europe.eu\/wp-content\/uploads\/2014\/12\/ETR-150x150.gif 150w, https:\/\/easy-to-read.inclusion-europe.eu\/wp-content\/uploads\/2014\/12\/ETR-493x490.gif 493w, https:\/\/easy-to-read.inclusion-europe.eu\/wp-content\/uploads\/2014\/12\/ETR-246x245.gif 246w\" sizes=\"(max-width: 89px) 100vw, 89px\" \/><\/a><\/span><\/td>\n<\/tr>\n<tr>\n<td style=\"vertical-align: middle;\"><span class=\"hps\">Kergesti loetav logo\u00a0&#8230;&#8230;&#8230;&#8230;&#8230;&#8230;&#8230;&#8230;&#8230;&#8230;&#8230;&#8230;&#8230; tiff<\/span><\/td>\n<td><span class=\"hps\"><a href=\"http:\/\/easy-to-read.inclusion-europe.eu\/wp-content\/uploads\/2014\/12\/ETR.tiff\" target=\"_blank\" rel=\"noopener\"><img loading=\"lazy\" class=\"alignnone wp-image-81\" src=\"http:\/\/easy-to-read.inclusion-europe.eu\/wp-content\/uploads\/2014\/12\/ETR-300x297.gif\" alt=\"ETR\" width=\"89\" height=\"88\" srcset=\"https:\/\/easy-to-read.inclusion-europe.eu\/wp-content\/uploads\/2014\/12\/ETR-300x297.gif 300w, https:\/\/easy-to-read.inclusion-europe.eu\/wp-content\/uploads\/2014\/12\/ETR-150x150.gif 150w, https:\/\/easy-to-read.inclusion-europe.eu\/wp-content\/uploads\/2014\/12\/ETR-493x490.gif 493w, https:\/\/easy-to-read.inclusion-europe.eu\/wp-content\/uploads\/2014\/12\/ETR-246x245.gif 246w\" sizes=\"(max-width: 89px) 100vw, 89px\" \/><\/a><\/span><\/td>\n<\/tr>\n<\/tbody>\n<\/table>\n<div id=\"style2\"><\/div>\n<div id=\"style2\"><\/div>\n<\/div>\n","protected":false},"excerpt":{"rendered":"<p>Kuidas kasutada lihtsasti loetavat Euroopa logo? Inclusion Europe l\u00f5i lihtsasti loetava logo. Kui dokument on varustatud logoga, annab see m\u00e4rku, et dokument on kergesti loetav ja lihtsasti m\u00f5istetav. Iga\u00fcks v\u00f5ib seda logo kasutada. V\u00f5ite seda kasutada oma kergesti loetavas dokumendis, bro\u0161\u00fc\u00fcris v\u00f5i veebilehel. Logo kasutamine on tasuta. Kuid j\u00e4rgida tuleb m\u00f5nda reeglit: dokument peab olema [&hellip;]<\/p>\n","protected":false},"author":1,"featured_media":0,"parent":0,"menu_order":0,"comment_status":"closed","ping_status":"closed","template":"","meta":[],"_links":{"self":[{"href":"https:\/\/easy-to-read.inclusion-europe.eu\/et\/wp-json\/wp\/v2\/pages\/155"}],"collection":[{"href":"https:\/\/easy-to-read.inclusion-europe.eu\/et\/wp-json\/wp\/v2\/pages"}],"about":[{"href":"https:\/\/easy-to-read.inclusion-europe.eu\/et\/wp-json\/wp\/v2\/types\/page"}],"author":[{"embeddable":true,"href":"https:\/\/easy-to-read.inclusion-europe.eu\/et\/wp-json\/wp\/v2\/users\/1"}],"replies":[{"embeddable":true,"href":"https:\/\/easy-to-read.inclusion-europe.eu\/et\/wp-json\/wp\/v2\/comments?post=155"}],"version-history":[{"count":6,"href":"https:\/\/easy-to-read.inclusion-europe.eu\/et\/wp-json\/wp\/v2\/pages\/155\/revisions"}],"predecessor-version":[{"id":1342,"href":"https:\/\/easy-to-read.inclusion-europe.eu\/et\/wp-json\/wp\/v2\/pages\/155\/revisions\/1342"}],"wp:attachment":[{"href":"https:\/\/easy-to-read.inclusion-europe.eu\/et\/wp-json\/wp\/v2\/media?parent=155"}],"curies":[{"name":"wp","href":"https:\/\/api.w.org\/{rel}","templated":true}]}}