{"id":131,"date":"2014-12-14T17:16:41","date_gmt":"2014-12-14T17:16:41","guid":{"rendered":"http:\/\/easy-to-read.eu\/?page_id=131"},"modified":"2014-12-22T18:43:51","modified_gmt":"2014-12-22T18:43:51","slug":"8-2","status":"publish","type":"page","link":"https:\/\/easy-to-read.inclusion-europe.eu\/et\/","title":{"rendered":"Algus"},"content":{"rendered":"<h3><span style=\"color: #008000;\"><br \/>\n<strong>Muuda oma info k\u00e4ttesaadavaks!<\/strong><\/span><\/h3>\n<p>Vaimse mahaj\u00e4\u00e4musega inimeste jaoks on informatsioon v\u00e4ga oluline, aidates neid j\u00e4rgmises:<\/p>\n<ul>\n<li>uute asjade \u00f5ppimine,<\/li>\n<li>\u00fchiskonnaelus osalemine,<\/li>\n<li>oma \u00f5iguste m\u00f5istmine ja nende eest seismine,<\/li>\n<li>otsuste vastuv\u00f5tmine ja valikute tegemine.<\/li>\n<\/ul>\n<p>Vaimse mahaj\u00e4\u00e4musega inimestel on \u00f5igus saada kergesti loetavat ja lihtsalt m\u00f5istetavat informatsiooni.<\/p>\n<p>&nbsp;<\/p>\n","protected":false},"excerpt":{"rendered":"<p>Muuda oma info k\u00e4ttesaadavaks! Vaimse mahaj\u00e4\u00e4musega inimeste jaoks on informatsioon v\u00e4ga oluline, aidates neid j\u00e4rgmises: uute asjade \u00f5ppimine, \u00fchiskonnaelus osalemine, oma \u00f5iguste m\u00f5istmine ja nende eest seismine, otsuste vastuv\u00f5tmine ja valikute tegemine. Vaimse mahaj\u00e4\u00e4musega inimestel on \u00f5igus saada kergesti loetavat ja lihtsalt m\u00f5istetavat informatsiooni. &nbsp;<\/p>\n","protected":false},"author":1,"featured_media":0,"parent":0,"menu_order":0,"comment_status":"closed","ping_status":"closed","template":"","meta":[],"_links":{"self":[{"href":"https:\/\/easy-to-read.inclusion-europe.eu\/et\/wp-json\/wp\/v2\/pages\/131"}],"collection":[{"href":"https:\/\/easy-to-read.inclusion-europe.eu\/et\/wp-json\/wp\/v2\/pages"}],"about":[{"href":"https:\/\/easy-to-read.inclusion-europe.eu\/et\/wp-json\/wp\/v2\/types\/page"}],"author":[{"embeddable":true,"href":"https:\/\/easy-to-read.inclusion-europe.eu\/et\/wp-json\/wp\/v2\/users\/1"}],"replies":[{"embeddable":true,"href":"https:\/\/easy-to-read.inclusion-europe.eu\/et\/wp-json\/wp\/v2\/comments?post=131"}],"version-history":[{"count":3,"href":"https:\/\/easy-to-read.inclusion-europe.eu\/et\/wp-json\/wp\/v2\/pages\/131\/revisions"}],"predecessor-version":[{"id":849,"href":"https:\/\/easy-to-read.inclusion-europe.eu\/et\/wp-json\/wp\/v2\/pages\/131\/revisions\/849"}],"wp:attachment":[{"href":"https:\/\/easy-to-read.inclusion-europe.eu\/et\/wp-json\/wp\/v2\/media?parent=131"}],"curies":[{"name":"wp","href":"https:\/\/api.w.org\/{rel}","templated":true}]}}