{"id":234,"date":"2014-12-18T19:48:50","date_gmt":"2014-12-18T19:48:50","guid":{"rendered":"http:\/\/easy-to-read.eu\/?page_id=234"},"modified":"2014-12-23T16:44:37","modified_gmt":"2014-12-23T16:44:37","slug":"teaching-materials","status":"publish","type":"page","link":"https:\/\/easy-to-read.inclusion-europe.eu\/es\/teaching-materials\/","title":{"rendered":"Materiales"},"content":{"rendered":"<h3><\/h3>\n<h3><span style=\"color: #008000;\">Materiales did\u00e1cticos adicionales<\/span><\/h3>\n<p>Los siguientes materiales adicionales pueden servir como gu\u00eda para el personal y las personas con discapacidad intelectual que se est\u00e9n encargando de la publicaci\u00f3n de los textos de lectura f\u00e1cil.<\/p>\n<p style=\"text-align: center;\"><a href=\"http:\/\/easy-to-read.inclusion-europe.eu\/wp-content\/uploads\/2014\/12\/ES_brochures.jpg\"><img loading=\"lazy\" class=\"alignnone size-medium wp-image-698\" src=\"http:\/\/easy-to-read.inclusion-europe.eu\/wp-content\/uploads\/2014\/12\/ES_brochures-300x218.jpg\" alt=\"ES_brochures\" width=\"300\" height=\"218\" srcset=\"https:\/\/easy-to-read.inclusion-europe.eu\/wp-content\/uploads\/2014\/12\/ES_brochures-300x218.jpg 300w, https:\/\/easy-to-read.inclusion-europe.eu\/wp-content\/uploads\/2014\/12\/ES_brochures-676x490.jpg 676w, https:\/\/easy-to-read.inclusion-europe.eu\/wp-content\/uploads\/2014\/12\/ES_brochures-338x245.jpg 338w, https:\/\/easy-to-read.inclusion-europe.eu\/wp-content\/uploads\/2014\/12\/ES_brochures.jpg 888w\" sizes=\"(max-width: 300px) 100vw, 300px\" \/><\/a><\/p>\n<ol>\n<li><a href=\"http:\/\/easy-to-read.inclusion-europe.eu\/wp-content\/uploads\/2014\/12\/ES_Training_lifelong_learning_staff.pdf\" target=\"_blank\">Un programa de formaci\u00f3npara el personal dela educaci\u00f3n permanente<\/a> para aprender a escribir textos f\u00e1ciles de leer y entender.<\/li>\n<li><a href=\"http:\/\/easy-to-read.inclusion-europe.eu\/wp-content\/uploads\/2014\/12\/ES_Methodology.pdf\" target=\"_blank\">Las directrices sobre c\u00f3mo involucrar a las personas con discapacidad intelectual<\/a> en la escritura de textos que son f\u00e1ciles de leer y entender.<\/li>\n<li>Unfolleto titulado&#8221;<a href=\"http:\/\/easy-to-read.inclusion-europe.eu\/wp-content\/uploads\/2014\/12\/ES_Teaching_can_be_easy.pdf\" target=\"_blank\">La ense\u00f1anza puede ser f\u00e1cil<\/a>&#8221; formular recomendaciones para el personal de educaci\u00f3n permanente sobre c\u00f3mo hacer que sus cursos sean m\u00e1s accesibles.<\/li>\n<\/ol>\n","protected":false},"excerpt":{"rendered":"<p>Materiales did\u00e1cticos adicionales Los siguientes materiales adicionales pueden servir como gu\u00eda para el personal y las personas con discapacidad intelectual que se est\u00e9n encargando de la publicaci\u00f3n de los textos de lectura f\u00e1cil. Un programa de formaci\u00f3npara el personal dela educaci\u00f3n permanente para aprender a escribir textos f\u00e1ciles de leer y entender. Las directrices sobre [&hellip;]<\/p>\n","protected":false},"author":1,"featured_media":0,"parent":0,"menu_order":0,"comment_status":"closed","ping_status":"closed","template":"","meta":[],"_links":{"self":[{"href":"https:\/\/easy-to-read.inclusion-europe.eu\/es\/wp-json\/wp\/v2\/pages\/234"}],"collection":[{"href":"https:\/\/easy-to-read.inclusion-europe.eu\/es\/wp-json\/wp\/v2\/pages"}],"about":[{"href":"https:\/\/easy-to-read.inclusion-europe.eu\/es\/wp-json\/wp\/v2\/types\/page"}],"author":[{"embeddable":true,"href":"https:\/\/easy-to-read.inclusion-europe.eu\/es\/wp-json\/wp\/v2\/users\/1"}],"replies":[{"embeddable":true,"href":"https:\/\/easy-to-read.inclusion-europe.eu\/es\/wp-json\/wp\/v2\/comments?post=234"}],"version-history":[{"count":6,"href":"https:\/\/easy-to-read.inclusion-europe.eu\/es\/wp-json\/wp\/v2\/pages\/234\/revisions"}],"predecessor-version":[{"id":1139,"href":"https:\/\/easy-to-read.inclusion-europe.eu\/es\/wp-json\/wp\/v2\/pages\/234\/revisions\/1139"}],"wp:attachment":[{"href":"https:\/\/easy-to-read.inclusion-europe.eu\/es\/wp-json\/wp\/v2\/media?parent=234"}],"curies":[{"name":"wp","href":"https:\/\/api.w.org\/{rel}","templated":true}]}}