{"id":194,"date":"2014-12-14T17:37:30","date_gmt":"2014-12-14T17:37:30","guid":{"rendered":"http:\/\/easy-to-read.eu\/?page_id=194"},"modified":"2014-12-23T16:51:09","modified_gmt":"2014-12-23T16:51:09","slug":"projects","status":"publish","type":"page","link":"https:\/\/easy-to-read.inclusion-europe.eu\/es\/projects\/","title":{"rendered":"Proyectos"},"content":{"rendered":"<div id=\"stcpDiv\">\n<h3><\/h3>\n<h1><span style=\"color: #008000;\">Caminos hacia la educaci\u00f3n de adultos para personas con discapacidad intelectual<\/span><\/h1>\n<p>Para las personas con discapacidad intelectual el aprendizaje permanente no s\u00f3lo significa aprender nuevas habilidades o recibir una formaci\u00f3n profesional. Se trata de estar incluidos en la sociedad, pudiendo representarse a si mismos y tener un mayor control sobre su vida y el futuro, de forma diaria. Sin embargo, una de las principales barreras para las personas con discapacidad intelectual para acceder a los programas de educaci\u00f3n permanente es la falta de formaci\u00f3n accesible para adultos y de material de informaci\u00f3n en un lenguaje de lectura f\u00e1cil.<\/p>\n<p>Para mejorarla accesibilidad de la educaci\u00f3n de adultos y del material de aprendizajeelectr\u00f3nico, losproyectosde Caminoshandesarrollado unas pautas europeas sobre la lectura f\u00e1cil. CaminosII continu\u00f3 con los pasosdel proyecto original Pathways y busc\u00f3 una cohesi\u00f3n en todos los pa\u00edses miembros de laUni\u00f3nEuropea.<\/p>\n<p>Para m\u00e1s informaci\u00f3n acerca del proyecto los Caminos haga clic en www.life-long-learning.eu.<\/p>\n<table border=\"0\">\n<tbody>\n<tr>\n<td><img loading=\"lazy\" src=\"http:\/\/www.inclusion-europe.org\/etr\/images\/M_images\/EU_flag_LLP_EN-01_web.gif\" alt=\"EU flag LLP EN-01 web\" width=\"250\" height=\"97\" \/><\/td>\n<td style=\"vertical-align: top;\">Con el apoyo del Programa de Aprendizaje Permanente de la Uni\u00f3n Europea<\/td>\n<\/tr>\n<\/tbody>\n<\/table>\n<\/div>\n","protected":false},"excerpt":{"rendered":"<p>Caminos hacia la educaci\u00f3n de adultos para personas con discapacidad intelectual Para las personas con discapacidad intelectual el aprendizaje permanente no s\u00f3lo significa aprender nuevas habilidades o recibir una formaci\u00f3n profesional. Se trata de estar incluidos en la sociedad, pudiendo representarse a si mismos y tener un mayor control sobre su vida y el futuro, [&hellip;]<\/p>\n","protected":false},"author":1,"featured_media":0,"parent":0,"menu_order":0,"comment_status":"closed","ping_status":"closed","template":"","meta":[],"_links":{"self":[{"href":"https:\/\/easy-to-read.inclusion-europe.eu\/es\/wp-json\/wp\/v2\/pages\/194"}],"collection":[{"href":"https:\/\/easy-to-read.inclusion-europe.eu\/es\/wp-json\/wp\/v2\/pages"}],"about":[{"href":"https:\/\/easy-to-read.inclusion-europe.eu\/es\/wp-json\/wp\/v2\/types\/page"}],"author":[{"embeddable":true,"href":"https:\/\/easy-to-read.inclusion-europe.eu\/es\/wp-json\/wp\/v2\/users\/1"}],"replies":[{"embeddable":true,"href":"https:\/\/easy-to-read.inclusion-europe.eu\/es\/wp-json\/wp\/v2\/comments?post=194"}],"version-history":[{"count":5,"href":"https:\/\/easy-to-read.inclusion-europe.eu\/es\/wp-json\/wp\/v2\/pages\/194\/revisions"}],"predecessor-version":[{"id":1144,"href":"https:\/\/easy-to-read.inclusion-europe.eu\/es\/wp-json\/wp\/v2\/pages\/194\/revisions\/1144"}],"wp:attachment":[{"href":"https:\/\/easy-to-read.inclusion-europe.eu\/es\/wp-json\/wp\/v2\/media?parent=194"}],"curies":[{"name":"wp","href":"https:\/\/api.w.org\/{rel}","templated":true}]}}