{"id":166,"date":"2014-12-14T17:26:25","date_gmt":"2014-12-14T17:26:25","guid":{"rendered":"http:\/\/easy-to-read.eu\/?page_id=166"},"modified":"2014-12-23T16:36:30","modified_gmt":"2014-12-23T16:36:30","slug":"european-standards","status":"publish","type":"page","link":"https:\/\/easy-to-read.inclusion-europe.eu\/es\/european-standards\/","title":{"rendered":"Normas europeas"},"content":{"rendered":"<div id=\"stcpDiv\">\n<h3><\/h3>\n<h3><span style=\"color: #008000;\">Normas europeas para hacer que la informaci\u00f3n sea f\u00e1cil de leer y entender<\/span><\/h3>\n<table>\n<tbody>\n<tr>\n<td style=\"vertical-align: top;\">Necesitamos m\u00e1s informaci\u00f3n de lectura f\u00e1cil.<\/p>\n<p>Tenemos que hacerlo de la misma manera.<\/p>\n<p>Tenemos que hacerlo de la manera correcta.<\/p>\n<p>Siga las reglas simples para hacer que su informaci\u00f3n sea f\u00e1cil de leer y entender.<\/p>\n<p><a href=\"http:\/\/easy-to-read.inclusion-europe.eu\/wp-content\/uploads\/2014\/12\/ES_Information_for_all.pdf\" target=\"_blank\">Haga clic aqu\u00ed para descargar las normas europeas<\/a>.<\/p>\n<p>Tambi\u00e9n puede encontrar las reglas en otros 15 idiomas.<\/td>\n<td><span style=\"color: #ffffff;\">..<\/span><\/td>\n<td><a href=\"http:\/\/easy-to-read.inclusion-europe.eu\/wp-content\/uploads\/2014\/12\/ES_Information_for_all.pdf\" target=\"_blank\"><img loading=\"lazy\" class=\"alignnone size-medium wp-image-697\" src=\"http:\/\/easy-to-read.inclusion-europe.eu\/wp-content\/uploads\/2014\/12\/ES_Information_for_all-206x300.jpg\" alt=\"ES_Information_for_all\" width=\"206\" height=\"300\" srcset=\"https:\/\/easy-to-read.inclusion-europe.eu\/wp-content\/uploads\/2014\/12\/ES_Information_for_all-206x300.jpg 206w, https:\/\/easy-to-read.inclusion-europe.eu\/wp-content\/uploads\/2014\/12\/ES_Information_for_all-337x490.jpg 337w, https:\/\/easy-to-read.inclusion-europe.eu\/wp-content\/uploads\/2014\/12\/ES_Information_for_all-168x245.jpg 168w, https:\/\/easy-to-read.inclusion-europe.eu\/wp-content\/uploads\/2014\/12\/ES_Information_for_all.jpg 612w\" sizes=\"(max-width: 206px) 100vw, 206px\" \/><\/a><\/td>\n<\/tr>\n<\/tbody>\n<\/table>\n<\/div>\n","protected":false},"excerpt":{"rendered":"<p>Normas europeas para hacer que la informaci\u00f3n sea f\u00e1cil de leer y entender Necesitamos m\u00e1s informaci\u00f3n de lectura f\u00e1cil. Tenemos que hacerlo de la misma manera. Tenemos que hacerlo de la manera correcta. Siga las reglas simples para hacer que su informaci\u00f3n sea f\u00e1cil de leer y entender. Haga clic aqu\u00ed para descargar las normas [&hellip;]<\/p>\n","protected":false},"author":1,"featured_media":0,"parent":0,"menu_order":0,"comment_status":"closed","ping_status":"closed","template":"","meta":[],"_links":{"self":[{"href":"https:\/\/easy-to-read.inclusion-europe.eu\/es\/wp-json\/wp\/v2\/pages\/166"}],"collection":[{"href":"https:\/\/easy-to-read.inclusion-europe.eu\/es\/wp-json\/wp\/v2\/pages"}],"about":[{"href":"https:\/\/easy-to-read.inclusion-europe.eu\/es\/wp-json\/wp\/v2\/types\/page"}],"author":[{"embeddable":true,"href":"https:\/\/easy-to-read.inclusion-europe.eu\/es\/wp-json\/wp\/v2\/users\/1"}],"replies":[{"embeddable":true,"href":"https:\/\/easy-to-read.inclusion-europe.eu\/es\/wp-json\/wp\/v2\/comments?post=166"}],"version-history":[{"count":7,"href":"https:\/\/easy-to-read.inclusion-europe.eu\/es\/wp-json\/wp\/v2\/pages\/166\/revisions"}],"predecessor-version":[{"id":1135,"href":"https:\/\/easy-to-read.inclusion-europe.eu\/es\/wp-json\/wp\/v2\/pages\/166\/revisions\/1135"}],"wp:attachment":[{"href":"https:\/\/easy-to-read.inclusion-europe.eu\/es\/wp-json\/wp\/v2\/media?parent=166"}],"curies":[{"name":"wp","href":"https:\/\/api.w.org\/{rel}","templated":true}]}}