{"id":153,"date":"2014-12-14T17:30:46","date_gmt":"2014-12-14T17:30:46","guid":{"rendered":"http:\/\/easy-to-read.eu\/?page_id=153"},"modified":"2019-04-15T14:51:20","modified_gmt":"2019-04-15T14:51:20","slug":"european-logo","status":"publish","type":"page","link":"https:\/\/easy-to-read.inclusion-europe.eu\/es\/european-logo\/","title":{"rendered":"Logo Europeo"},"content":{"rendered":"<div id=\"stcpDiv\">\n<h3><\/h3>\n<h3><span style=\"color: #008000;\">\u00bf C\u00f3mo utilizar el logotipo europeo de lectura f\u00e1cil?<\/span><\/h3>\n<p><a href=\"http:\/\/www.inclusion-europe.org\" target=\"_blank\" rel=\"noopener\">Inclusion Europe<\/a> hizo el logotipo de lectura f\u00e1cil.<\/p>\n<p>Si\u00a0ves el logotipo en un documento,<\/p>\n<p>significa que el documento es f\u00e1cil de leer y entender.<\/p>\n<p>Todo el mundo puede utilizar el logotipo.<\/p>\n<p>Se puede utilizar en un documento, folleto o p\u00e1gina web de lectura f\u00e1cil.<\/p>\n<p>No tienes\u00a0que pagar por el uso del logotipo.<\/p>\n<p>&nbsp;<\/p>\n<p>Pero hay que seguir algunas reglas:<\/p>\n<ul>\n<li>El documento debe estar escrito de acuerdo con las normas sobre informaci\u00f3n de lectura f\u00e1cil.<br \/>\nEstas reglas se llaman las normas europeas y sirven<br \/>\npara que la informaci\u00f3n sea f\u00e1cil de leer y entender.<\/li>\n<\/ul>\n<ul>\n<li>Por lo menos 1 persona con discapacidad intelectual o varias<br \/>\nhan le\u00eddo el documento y han dicho que era f\u00e1cil de leer y entender.<\/li>\n<\/ul>\n<p>A continuaci\u00f3n puedes ver otras reglas<br \/>\nsobre\u00a0c\u00f3mo\u00a0utilizar el logotipo de lectura f\u00e1cil.<\/p>\n<p style=\"text-align: center;\"><strong>Condiciones para el uso del logotipo de lectura f\u00e1cil<\/strong><\/p>\n<ol>\n<li>Las personas que usan el logotipo deben seguir las &#8220;normas europeas para hacer que la informaci\u00f3n sea f\u00e1cil de leer y comprender&#8221;.<\/li>\n<li>El logotipo debe cumplir estos requisitos:<br \/>\na. Color: Azul:<br \/>\nPANTONE-072;<br \/>\nCMYK-Cian100%, 87%Magenta, Negro6%;<br \/>\nRVB: 26-63-147;<br \/>\nWEB: #333399<br \/>\nb. Tama\u00f1o m\u00ednimo: 15 mm<\/li>\n<li>Una o varias personas con discapacidad intelectual cuyo idioma nativo coincida con el idioma de su publicaci\u00f3n deben corregir su publicaci\u00f3n. Los nombres de las personas que editen los textos de prueba deber\u00edan aparecer en el folleto.<\/li>\n<li>Debe mencionar la siguiente frase en sus publicaciones: &#8220;\u00a9 Lectura f\u00e1cil Europa. Logo: Inclusion Europe. M\u00e1s informaci\u00f3n en www.easy-to-read.eu&#8221;<\/li>\n<\/ol>\n<p>Inclusion Europe se reserva el derecho a retirar el permiso para utilizar el logotipo europeo de lectura f\u00e1cil si las publicaciones presentadas no cumplen los requisitos mencionados.<\/p>\n<table border=\"2\">\n<tbody>\n<tr>\n<td style=\"vertical-align: middle;\"><span class=\"hps\">Logo de lectura f\u00e1cil\u00a0&#8230;&#8230;&#8230;&#8230;&#8230;&#8230;&#8230;&#8230;&#8230;&#8230;&#8230;&#8230;&#8230;. gif<\/span><\/td>\n<td><span class=\"hps\"><a href=\"http:\/\/easy-to-read.inclusion-europe.eu\/wp-content\/uploads\/2014\/12\/ETR.gif\" target=\"_blank\" rel=\"noopener\"><img loading=\"lazy\" class=\"alignnone wp-image-81\" src=\"http:\/\/easy-to-read.inclusion-europe.eu\/wp-content\/uploads\/2014\/12\/ETR-300x297.gif\" alt=\"ETR\" width=\"89\" height=\"88\" srcset=\"https:\/\/easy-to-read.inclusion-europe.eu\/wp-content\/uploads\/2014\/12\/ETR-300x297.gif 300w, https:\/\/easy-to-read.inclusion-europe.eu\/wp-content\/uploads\/2014\/12\/ETR-150x150.gif 150w, https:\/\/easy-to-read.inclusion-europe.eu\/wp-content\/uploads\/2014\/12\/ETR-493x490.gif 493w, https:\/\/easy-to-read.inclusion-europe.eu\/wp-content\/uploads\/2014\/12\/ETR-246x245.gif 246w\" sizes=\"(max-width: 89px) 100vw, 89px\" \/><\/a><\/span><\/td>\n<\/tr>\n<tr>\n<td style=\"vertical-align: middle;\"><span class=\"hps\">Logo de lectura f\u00e1cil\u00a0&#8230;&#8230;&#8230;&#8230;&#8230;&#8230;&#8230;&#8230;&#8230;&#8230;&#8230;&#8230;&#8230; jpg<\/span><\/td>\n<td><span class=\"hps\"><a href=\"http:\/\/easy-to-read.inclusion-europe.eu\/wp-content\/uploads\/2014\/12\/ETR.jpg\" target=\"_blank\" rel=\"noopener\"><img loading=\"lazy\" class=\"alignnone wp-image-81\" src=\"http:\/\/easy-to-read.inclusion-europe.eu\/wp-content\/uploads\/2014\/12\/ETR-300x297.gif\" alt=\"ETR\" width=\"89\" height=\"88\" srcset=\"https:\/\/easy-to-read.inclusion-europe.eu\/wp-content\/uploads\/2014\/12\/ETR-300x297.gif 300w, https:\/\/easy-to-read.inclusion-europe.eu\/wp-content\/uploads\/2014\/12\/ETR-150x150.gif 150w, https:\/\/easy-to-read.inclusion-europe.eu\/wp-content\/uploads\/2014\/12\/ETR-493x490.gif 493w, https:\/\/easy-to-read.inclusion-europe.eu\/wp-content\/uploads\/2014\/12\/ETR-246x245.gif 246w\" sizes=\"(max-width: 89px) 100vw, 89px\" \/><\/a><\/span><\/td>\n<\/tr>\n<tr>\n<td style=\"vertical-align: middle;\"><span class=\"hps\">Logo de lectura f\u00e1cil\u00a0&#8230;&#8230;&#8230;&#8230;&#8230;&#8230;&#8230;&#8230;&#8230;&#8230;&#8230;&#8230;&#8230; tiff<\/span><\/td>\n<td><span class=\"hps\"><a href=\"http:\/\/easy-to-read.inclusion-europe.eu\/wp-content\/uploads\/2014\/12\/ETR.tiff\" target=\"_blank\" rel=\"noopener\"><img loading=\"lazy\" class=\"alignnone wp-image-81\" src=\"http:\/\/easy-to-read.inclusion-europe.eu\/wp-content\/uploads\/2014\/12\/ETR-300x297.gif\" alt=\"ETR\" width=\"89\" height=\"88\" srcset=\"https:\/\/easy-to-read.inclusion-europe.eu\/wp-content\/uploads\/2014\/12\/ETR-300x297.gif 300w, https:\/\/easy-to-read.inclusion-europe.eu\/wp-content\/uploads\/2014\/12\/ETR-150x150.gif 150w, https:\/\/easy-to-read.inclusion-europe.eu\/wp-content\/uploads\/2014\/12\/ETR-493x490.gif 493w, https:\/\/easy-to-read.inclusion-europe.eu\/wp-content\/uploads\/2014\/12\/ETR-246x245.gif 246w\" sizes=\"(max-width: 89px) 100vw, 89px\" \/><\/a><\/span><\/td>\n<\/tr>\n<\/tbody>\n<\/table>\n<div id=\"style2\"><\/div>\n<div id=\"style2\"><\/div>\n<\/div>\n","protected":false},"excerpt":{"rendered":"<p>\u00bf C\u00f3mo utilizar el logotipo europeo de lectura f\u00e1cil? Inclusion Europe hizo el logotipo de lectura f\u00e1cil. Si\u00a0ves el logotipo en un documento, significa que el documento es f\u00e1cil de leer y entender. Todo el mundo puede utilizar el logotipo. Se puede utilizar en un documento, folleto o p\u00e1gina web de lectura f\u00e1cil. No tienes\u00a0que [&hellip;]<\/p>\n","protected":false},"author":1,"featured_media":0,"parent":0,"menu_order":0,"comment_status":"closed","ping_status":"closed","template":"","meta":[],"_links":{"self":[{"href":"https:\/\/easy-to-read.inclusion-europe.eu\/es\/wp-json\/wp\/v2\/pages\/153"}],"collection":[{"href":"https:\/\/easy-to-read.inclusion-europe.eu\/es\/wp-json\/wp\/v2\/pages"}],"about":[{"href":"https:\/\/easy-to-read.inclusion-europe.eu\/es\/wp-json\/wp\/v2\/types\/page"}],"author":[{"embeddable":true,"href":"https:\/\/easy-to-read.inclusion-europe.eu\/es\/wp-json\/wp\/v2\/users\/1"}],"replies":[{"embeddable":true,"href":"https:\/\/easy-to-read.inclusion-europe.eu\/es\/wp-json\/wp\/v2\/comments?post=153"}],"version-history":[{"count":8,"href":"https:\/\/easy-to-read.inclusion-europe.eu\/es\/wp-json\/wp\/v2\/pages\/153\/revisions"}],"predecessor-version":[{"id":1340,"href":"https:\/\/easy-to-read.inclusion-europe.eu\/es\/wp-json\/wp\/v2\/pages\/153\/revisions\/1340"}],"wp:attachment":[{"href":"https:\/\/easy-to-read.inclusion-europe.eu\/es\/wp-json\/wp\/v2\/media?parent=153"}],"curies":[{"name":"wp","href":"https:\/\/api.w.org\/{rel}","templated":true}]}}