{"id":46,"date":"2014-12-14T17:53:15","date_gmt":"2014-12-14T17:53:15","guid":{"rendered":"http:\/\/easy-to-read.eu\/?page_id=46"},"modified":"2019-04-15T14:50:17","modified_gmt":"2019-04-15T14:50:17","slug":"europaisches-logo","status":"publish","type":"page","link":"https:\/\/easy-to-read.inclusion-europe.eu\/de\/europaisches-logo\/","title":{"rendered":"Europ\u00e4isches Logo"},"content":{"rendered":"<div id=\"stcpDiv\">\n<h3><\/h3>\n<h3><span style=\"color: #008000;\">Wie ist das europ\u00e4ische Logo f\u00fcr leichtes Lesen zu verwenden?<\/span><\/h3>\n<p><span id=\"result_box\" lang=\"de\" tabindex=\"-1\"><a href=\"http:\/\/www.inclusion-europe.org\" target=\"_blank\" rel=\"noopener\"><span class=\"hps\">Inclusion Europe<\/span><\/a> <span class=\"hps\">hat<\/span> <span class=\"hps\">das<\/span> <span class=\"hps\">Logo f\u00fcr leichtes Lesen entworfen.<\/span><br \/>\n<span class=\"hps\">Wenn Sie das Logo<\/span> <span class=\"hps\">auf einem Dokument<\/span> <span class=\"hps\">zu sehen<\/span>,<br \/>\nb<span class=\"hps\">edeutet es<\/span>, dass das Dokument <span class=\"hps\">einfach zu lesen und<\/span> <span class=\"hps\">zu verstehen ist.<\/span><br \/>\n<span class=\"hps\">Jeder kann<\/span> <span class=\"hps\">das Logo verwenden<\/span>.<br \/>\n<span class=\"hps\">Sie k\u00f6nnen<\/span> <span class=\"hps\">es auf Ihrem<\/span> <span class=\"hps\">einfach lesbaren<\/span> <span class=\"hps\">Dokument<\/span>, ihrer Brosch\u00fcre oder <span class=\"hps\">Webseite verwenden.<\/span><br \/>\n<\/span><\/p>\n<p><span id=\"result_box\" lang=\"de\" tabindex=\"-1\"><span class=\"hps\">Sie<\/span> <span class=\"hps\">m\u00fcssen nicht<\/span> <span class=\"hps\">f\u00fcr die Verwendung des<\/span> <span class=\"hps\">Logos<\/span> <span class=\"hps\">bezahlen.<br \/>\n<\/span><\/span><span id=\"result_box\" lang=\"de\" tabindex=\"-1\"><span class=\"hps\">Aber Sie m\u00fcssen<\/span> <span class=\"hps\">einige<\/span> <span class=\"hps\">Regeln beachten:<\/span><\/span><\/p>\n<ul>\n<li><span id=\"result_box\" lang=\"de\" tabindex=\"-1\"><span class=\"hps\">Das<\/span> <span class=\"hps\">Dokument muss<\/span> <span class=\"hps\">nach den <a href=\"http:\/\/easy-to-read.inclusion-europe.eu\/wp-content\/uploads\/2014\/12\/DE_Information_for_all.pdf\" target=\"_blank\" rel=\"noopener\">europ\u00e4ischen Regeln<\/a><\/span> f\u00fcr leicht lesbare Informationen <span class=\"hps\">geschrieben worden<\/span> sein.<\/span><\/li>\n<li><span id=\"result_box\" lang=\"de\" tabindex=\"-1\"><span class=\"hps\">Mindestens<\/span> eine<span class=\"hps\"> Person<\/span> <span class=\"hps\">mit geistiger Behinderung<\/span> muss das <span class=\"hps\">Dokument gelesen haben<\/span>, um zu pr\u00fcfen, ob es <span class=\"hps\">leicht zu lesen und<\/span> <span class=\"hps\">zu verstehen ist.<\/span><\/span><span id=\"result_box\" lang=\"de\" tabindex=\"-1\"><\/span><\/li>\n<\/ul>\n<p><span id=\"result_box\" lang=\"de\" tabindex=\"-1\"> <span class=\"hps\">Unten finden Sie<\/span> <span class=\"hps\">einige andere<\/span> <span class=\"hps\">Regeln, w<\/span><span class=\"hps\">ie das <\/span> <span class=\"hps\">Logo f\u00fcr leichtes Lesen zu verwenden ist<\/span>.<br \/>\n<\/span><\/p>\n<table style=\"border-color: #f01313;\" border=\"3\">\n<tbody>\n<tr>\n<td style=\"border-color: #e61515; text-align: center;\"><span id=\"result_box\" lang=\"de\" tabindex=\"-1\"><strong><span class=\"hps\">Berechtigung zur Nutzung des Logos f\u00fcr leichtes Lesen<\/span><\/strong><br \/>\n<\/span><\/p>\n<ol>\n<li style=\"text-align: left;\"><span id=\"result_box\" lang=\"de\" tabindex=\"-1\"><span class=\"hps\">Das Dokument muss nach den <a href=\"http:\/\/http:\/\/easy-to-read.inclusion-europe.eu\/wp-content\/uploads\/2014\/12\/DE_Information_for_all.pdf\" target=\"_blank\" rel=\"noopener\">europ\u00e4ischen Regeln<\/a><a href=\"http:\/\/http:\/\/easy-to-read.inclusion-europe.eu\/wp-content\/uploads\/2014\/12\/DE_Information_for_all.pdf\" target=\"_blank\" rel=\"noopener\"> f\u00fcr leicht lesbare Informationen<\/a> geschrieben worden sein.<\/span><\/span><\/li>\n<li style=\"text-align: left;\"><span class=\"hps\">Das <\/span><span class=\"hps\">Logo muss wie folgt verwendet werden<\/span>:<br \/>\n<span id=\"result_box\" lang=\"de\" tabindex=\"-1\"><span class=\"hps\">a.<\/span> <span class=\"hps\">Farbe: Blau<\/span><br \/>\n<span class=\"hps\">\u2022<\/span> <span class=\"hps\">PANTONE<\/span> <span class=\"hps\">&#8211;<\/span> <span class=\"hps\">072<\/span>;<br \/>\n<span class=\"hps\">\u2022 CMYK<\/span> <span class=\"hps\">&#8211; Cyan<\/span> <span class=\"hps\">100%<\/span>, <span class=\"hps\">Magenta 87% <\/span>, <span class=\"hps\">Schwarz 6<\/span>%;<br \/>\n<span class=\"hps\">\u2022<\/span> <span class=\"hps\">RVB<\/span>: <span class=\"hps\">26-63-147<\/span>;<br \/>\n<span class=\"hps\">\u2022<\/span> <span class=\"hps\">WEB:<\/span> <span class=\"hps\">#<\/span> <span class=\"hps\">333399<\/span><\/span><span id=\"result_box\" lang=\"de\" tabindex=\"-1\"><br \/>\n<span class=\"hps\">b<\/span>. <span class=\"hps\">Mindestgr\u00f6\u00dfe<\/span>: 15mm<\/span><\/li>\n<li style=\"text-align: left;\"><span id=\"result_box\" lang=\"de\" tabindex=\"-1\"> <span class=\"hps\">Ein oder<\/span> <span class=\"hps\">mehrere<\/span> <span class=\"hps\">Menschen mit geistiger Behinderung<\/span>\u00a0sollten <span class=\"hps\">Ihre Publikation<\/span> <span class=\"hps\">Korrektur gelesen<\/span> haben<span class=\"hps\">.<\/span> <span class=\"hps\">Der Name<\/span> <span class=\"hps\">der<\/span> <span class=\"hps\">Korrekturleser<\/span> <span class=\"hps\">sollte<\/span><span class=\"hps\"> in der Publikation<\/span> <span class=\"hps\">erscheinen<\/span>.<\/span><\/li>\n<li style=\"text-align: left;\"><span id=\"result_box\" lang=\"de\" tabindex=\"-1\"><span class=\"hps\">Sie m\u00fcssen<\/span> <span class=\"hps\">den folgenden Satz<\/span> <span class=\"hps\">in Ihre Publikation<\/span> aufnehmen:<br \/>\n<span class=\"hps atn\">&#8220;<\/span>\u00a9 Europ\u00e4isches Logo f\u00fcr einfaches Lesen<span class=\"hps\">:<\/span> <span class=\"hps\">Inclusion Europe<\/span>. <span class=\"hps\">Weitere Informationen unter<\/span> <span class=\"hps\">www.leicht-lesbar.eu<\/span> <span class=\"hps atn\">&#8220;<\/span>.<\/span><\/li>\n<\/ol>\n<p style=\"text-align: left;\"><span id=\"result_box\" lang=\"de\" tabindex=\"-1\"><span class=\"hps\">Inclusion Europe<\/span> <span class=\"hps\">beh\u00e4lt sich das<\/span> <span class=\"hps\">Recht vor, die<\/span> <span class=\"hps\">Erlaubnis zur Verwendung des Logos f\u00fcr einfaches Lesen zu entziehen, <\/span>wenn die <span class=\"hps\">eingereichten Publikationen<\/span>\u00a0<span class=\"hps\">ernsthafte Zweifel begr\u00fcnden<\/span>, dass die europ\u00e4ischen Regeln nicht befolgt wurden.<\/span><\/p>\n<\/td>\n<\/tr>\n<\/tbody>\n<\/table>\n<p>&nbsp;<\/p>\n<table border=\"2\">\n<tbody>\n<tr>\n<td style=\"vertical-align: middle;\"><span class=\"hps\">Logo f\u00fcr einfaches Lesen &#8230;&#8230;&#8230;&#8230;&#8230;&#8230;&#8230;&#8230;&#8230;&#8230;&#8230;&#8230;&#8230;. gif<\/span><\/td>\n<td><span class=\"hps\"><a href=\"http:\/\/easy-to-read.inclusion-europe.eu\/wp-content\/uploads\/2014\/12\/ETR.gif\" target=\"_blank\" rel=\"noopener\"><img loading=\"lazy\" class=\"alignnone wp-image-81\" src=\"http:\/\/easy-to-read.inclusion-europe.eu\/wp-content\/uploads\/2014\/12\/ETR-300x297.gif\" alt=\"ETR\" width=\"89\" height=\"88\" srcset=\"https:\/\/easy-to-read.inclusion-europe.eu\/wp-content\/uploads\/2014\/12\/ETR-300x297.gif 300w, https:\/\/easy-to-read.inclusion-europe.eu\/wp-content\/uploads\/2014\/12\/ETR-150x150.gif 150w, https:\/\/easy-to-read.inclusion-europe.eu\/wp-content\/uploads\/2014\/12\/ETR-493x490.gif 493w, https:\/\/easy-to-read.inclusion-europe.eu\/wp-content\/uploads\/2014\/12\/ETR-246x245.gif 246w\" sizes=\"(max-width: 89px) 100vw, 89px\" \/><\/a><\/span><\/td>\n<\/tr>\n<tr>\n<td style=\"vertical-align: middle;\"><span class=\"hps\">Logo f\u00fcr einfaches Lesen &#8230;&#8230;&#8230;&#8230;&#8230;&#8230;&#8230;&#8230;&#8230;&#8230;&#8230;&#8230;&#8230; jpg<\/span><\/td>\n<td><span class=\"hps\"><a href=\"http:\/\/easy-to-read.inclusion-europe.eu\/wp-content\/uploads\/2014\/12\/ETR.jpg\" target=\"_blank\" rel=\"noopener\"><img loading=\"lazy\" class=\"alignnone wp-image-81\" src=\"http:\/\/easy-to-read.inclusion-europe.eu\/wp-content\/uploads\/2014\/12\/ETR-300x297.gif\" alt=\"ETR\" width=\"89\" height=\"88\" srcset=\"https:\/\/easy-to-read.inclusion-europe.eu\/wp-content\/uploads\/2014\/12\/ETR-300x297.gif 300w, https:\/\/easy-to-read.inclusion-europe.eu\/wp-content\/uploads\/2014\/12\/ETR-150x150.gif 150w, https:\/\/easy-to-read.inclusion-europe.eu\/wp-content\/uploads\/2014\/12\/ETR-493x490.gif 493w, https:\/\/easy-to-read.inclusion-europe.eu\/wp-content\/uploads\/2014\/12\/ETR-246x245.gif 246w\" sizes=\"(max-width: 89px) 100vw, 89px\" \/><\/a><\/span><\/td>\n<\/tr>\n<tr>\n<td style=\"vertical-align: middle;\"><span class=\"hps\">Logo f\u00fcr einfaches Lesen &#8230;&#8230;&#8230;&#8230;&#8230;&#8230;&#8230;&#8230;&#8230;&#8230;&#8230;&#8230;&#8230; tiff<\/span><\/td>\n<td><span class=\"hps\"><a href=\"http:\/\/easy-to-read.inclusion-europe.eu\/wp-content\/uploads\/2014\/12\/ETR.tiff\" target=\"_blank\" rel=\"noopener\"><img loading=\"lazy\" class=\"alignnone wp-image-81\" src=\"http:\/\/easy-to-read.inclusion-europe.eu\/wp-content\/uploads\/2014\/12\/ETR-300x297.gif\" alt=\"ETR\" width=\"89\" height=\"88\" srcset=\"https:\/\/easy-to-read.inclusion-europe.eu\/wp-content\/uploads\/2014\/12\/ETR-300x297.gif 300w, https:\/\/easy-to-read.inclusion-europe.eu\/wp-content\/uploads\/2014\/12\/ETR-150x150.gif 150w, https:\/\/easy-to-read.inclusion-europe.eu\/wp-content\/uploads\/2014\/12\/ETR-493x490.gif 493w, https:\/\/easy-to-read.inclusion-europe.eu\/wp-content\/uploads\/2014\/12\/ETR-246x245.gif 246w\" sizes=\"(max-width: 89px) 100vw, 89px\" \/><\/a><\/span><\/td>\n<\/tr>\n<\/tbody>\n<\/table>\n<p>&nbsp;<\/p>\n<div id=\"style2\">\n<table>\n<tbody>\n<tr>\n<td><\/td>\n<td><\/td>\n<td><\/td>\n<td><\/td>\n<td><\/td>\n<\/tr>\n<\/tbody>\n<\/table>\n<\/div>\n<\/div>\n","protected":false},"excerpt":{"rendered":"<p>Wie ist das europ\u00e4ische Logo f\u00fcr leichtes Lesen zu verwenden? Inclusion Europe hat das Logo f\u00fcr leichtes Lesen entworfen. Wenn Sie das Logo auf einem Dokument zu sehen, bedeutet es, dass das Dokument einfach zu lesen und zu verstehen ist. Jeder kann das Logo verwenden. Sie k\u00f6nnen es auf Ihrem einfach lesbaren Dokument, ihrer Brosch\u00fcre [&hellip;]<\/p>\n","protected":false},"author":1,"featured_media":0,"parent":0,"menu_order":0,"comment_status":"closed","ping_status":"closed","template":"","meta":[],"_links":{"self":[{"href":"https:\/\/easy-to-read.inclusion-europe.eu\/de\/wp-json\/wp\/v2\/pages\/46"}],"collection":[{"href":"https:\/\/easy-to-read.inclusion-europe.eu\/de\/wp-json\/wp\/v2\/pages"}],"about":[{"href":"https:\/\/easy-to-read.inclusion-europe.eu\/de\/wp-json\/wp\/v2\/types\/page"}],"author":[{"embeddable":true,"href":"https:\/\/easy-to-read.inclusion-europe.eu\/de\/wp-json\/wp\/v2\/users\/1"}],"replies":[{"embeddable":true,"href":"https:\/\/easy-to-read.inclusion-europe.eu\/de\/wp-json\/wp\/v2\/comments?post=46"}],"version-history":[{"count":14,"href":"https:\/\/easy-to-read.inclusion-europe.eu\/de\/wp-json\/wp\/v2\/pages\/46\/revisions"}],"predecessor-version":[{"id":1338,"href":"https:\/\/easy-to-read.inclusion-europe.eu\/de\/wp-json\/wp\/v2\/pages\/46\/revisions\/1338"}],"wp:attachment":[{"href":"https:\/\/easy-to-read.inclusion-europe.eu\/de\/wp-json\/wp\/v2\/media?parent=46"}],"curies":[{"name":"wp","href":"https:\/\/api.w.org\/{rel}","templated":true}]}}