{"id":232,"date":"2014-12-18T19:48:50","date_gmt":"2014-12-18T19:48:50","guid":{"rendered":"http:\/\/easy-to-read.eu\/?page_id=232"},"modified":"2014-12-19T17:43:36","modified_gmt":"2014-12-19T17:43:36","slug":"teaching-materials","status":"publish","type":"page","link":"https:\/\/easy-to-read.inclusion-europe.eu\/de\/teaching-materials\/","title":{"rendered":"Materialien"},"content":{"rendered":"<h3>&nbsp;<\/h3>\n<h3><span style=\"color: #008000;\">Zus\u00e4tzliche Materialien<\/span><\/h3>\n<p>Die folgenden zus\u00e4tzlichen Materialien k\u00f6nnen in der Praxis dabei helfen, Mitarbeiter in der Erstellung von leicht lesbaren Texten zu schulen und Menschen mit geistiger Behinderung in ihre Erarbeitung einzubeziehen.<\/p>\n<p style=\"text-align: center;\"><a href=\"http:\/\/easy-to-read.inclusion-europe.eu\/wp-content\/uploads\/2014\/12\/DE_brochures.jpg\"><img loading=\"lazy\" class=\"alignnone size-medium wp-image-303\" src=\"http:\/\/easy-to-read.inclusion-europe.eu\/wp-content\/uploads\/2014\/12\/DE_brochures-300x266.jpg\" alt=\"DE_brochures\" width=\"300\" height=\"266\" srcset=\"https:\/\/easy-to-read.inclusion-europe.eu\/wp-content\/uploads\/2014\/12\/DE_brochures-300x266.jpg 300w, https:\/\/easy-to-read.inclusion-europe.eu\/wp-content\/uploads\/2014\/12\/DE_brochures-551x490.jpg 551w, https:\/\/easy-to-read.inclusion-europe.eu\/wp-content\/uploads\/2014\/12\/DE_brochures-275x245.jpg 275w, https:\/\/easy-to-read.inclusion-europe.eu\/wp-content\/uploads\/2014\/12\/DE_brochures.jpg 926w\" sizes=\"(max-width: 300px) 100vw, 300px\" \/><\/a><\/p>\n<ol>\n<li>Ein <a href=\"http:\/\/easy-to-read.inclusion-europe.eu\/wp-content\/uploads\/2014\/12\/DE_Training_lifelong_learning_staff.pdf\" target=\"_blank\">Schulungsprogramm f\u00fcr Lehrerinnen und Lehrer<\/a> , wie man anderen Menschen beibringt, Texte in leichter Sprache zu schreiben.<\/li>\n<li><a href=\"http:\/\/easy-to-read.inclusion-europe.eu\/wp-content\/uploads\/2014\/12\/DE_Methodology.pdf\">Leitlinien, wie man Menschen mit Lernschwierigkeiten einbezieht,<br \/>\n<\/a>wenn man leicht verst\u00e4ndliche Texte schreibt.<\/li>\n<li>Eine Brosch\u00fcre mit dem Titel &#8220;<a href=\"http:\/\/easy-to-read.inclusion-europe.eu\/wp-content\/uploads\/2014\/12\/DE_Teaching_can_be_easy.pdf\" target=\"_blank\">Unterricht kann einfach sein<\/a>&#8221; wie man Angebote f\u00fcr lebenslanges Lernen zug\u00e4nglich macht.<\/li>\n<\/ol>\n","protected":false},"excerpt":{"rendered":"<p>&nbsp; Zus\u00e4tzliche Materialien Die folgenden zus\u00e4tzlichen Materialien k\u00f6nnen in der Praxis dabei helfen, Mitarbeiter in der Erstellung von leicht lesbaren Texten zu schulen und Menschen mit geistiger Behinderung in ihre Erarbeitung einzubeziehen. Ein Schulungsprogramm f\u00fcr Lehrerinnen und Lehrer , wie man anderen Menschen beibringt, Texte in leichter Sprache zu schreiben. Leitlinien, wie man Menschen mit [&hellip;]<\/p>\n","protected":false},"author":1,"featured_media":0,"parent":0,"menu_order":0,"comment_status":"closed","ping_status":"closed","template":"","meta":[],"_links":{"self":[{"href":"https:\/\/easy-to-read.inclusion-europe.eu\/de\/wp-json\/wp\/v2\/pages\/232"}],"collection":[{"href":"https:\/\/easy-to-read.inclusion-europe.eu\/de\/wp-json\/wp\/v2\/pages"}],"about":[{"href":"https:\/\/easy-to-read.inclusion-europe.eu\/de\/wp-json\/wp\/v2\/types\/page"}],"author":[{"embeddable":true,"href":"https:\/\/easy-to-read.inclusion-europe.eu\/de\/wp-json\/wp\/v2\/users\/1"}],"replies":[{"embeddable":true,"href":"https:\/\/easy-to-read.inclusion-europe.eu\/de\/wp-json\/wp\/v2\/comments?post=232"}],"version-history":[{"count":11,"href":"https:\/\/easy-to-read.inclusion-europe.eu\/de\/wp-json\/wp\/v2\/pages\/232\/revisions"}],"predecessor-version":[{"id":669,"href":"https:\/\/easy-to-read.inclusion-europe.eu\/de\/wp-json\/wp\/v2\/pages\/232\/revisions\/669"}],"wp:attachment":[{"href":"https:\/\/easy-to-read.inclusion-europe.eu\/de\/wp-json\/wp\/v2\/media?parent=232"}],"curies":[{"name":"wp","href":"https:\/\/api.w.org\/{rel}","templated":true}]}}