{"id":12,"date":"2014-12-14T17:16:41","date_gmt":"2014-12-14T17:16:41","guid":{"rendered":"http:\/\/easy-to-read.eu\/?page_id=12"},"modified":"2018-11-19T10:11:42","modified_gmt":"2018-11-19T10:11:42","slug":"8-2","status":"publish","type":"page","link":"https:\/\/easy-to-read.inclusion-europe.eu\/de\/","title":{"rendered":"Home"},"content":{"rendered":"<h3><\/h3>\n<h3><span style=\"color: #008000;\"><br \/>\n<span id=\"result_box\" class=\"\" lang=\"de\"><span class=\"hps\">Machen Sie Ihre<\/span> <span class=\"hps\">Informationen<\/span> <span class=\"hps\">zug\u00e4nglich<\/span>!<\/span><\/span><\/h3>\n<p><span id=\"result_box\" class=\"\" lang=\"de\">Zug\u00e4ngliche In<span class=\"hps\">formationen sind wichtig<\/span> <span class=\"hps\">f\u00fcr<\/span> <span class=\"hps\">Menschen mit geistiger Behinderung<\/span>.<br \/>\n<\/span><span id=\"result_box\" class=\"\" lang=\"de\">Sie helfen ihnen<\/span><\/p>\n<ul>\n<li><span id=\"result_box\" class=\"\" lang=\"de\"><span class=\"hps\">neue Dinge zu lernen,<\/span><\/span><\/li>\n<li><span id=\"result_box\" class=\"\" lang=\"de\">am Leben der Gesellschaft teilzuhaben,<\/span><\/li>\n<li><span id=\"result_box\" class=\"\" lang=\"de\">i<span class=\"hps\">hre Rechte zu kennen<\/span> <span class=\"hps\">und<\/span> <span class=\"hps\">sich f\u00fcr sie einzusetzen,<\/span><\/span><\/li>\n<li><span id=\"result_box\" class=\"\" lang=\"de\">ih<span class=\"hps\">re eigenen<\/span> <span class=\"hps\">Entscheidungen zu treffen.<\/span><\/span><\/li>\n<\/ul>\n<p><span id=\"result_box\" class=\"\" lang=\"de\"><span class=\"hps\">Menschen mit geistiger Behinderung<\/span> <span class=\"hps\">haben das Recht,<\/span> <span class=\"hps\">Informationen zu bekommen, die<\/span> <span class=\"hps\">leicht zu lesen und<\/span> <span class=\"hps\">zu verstehen sind.<\/span><\/span><\/p>\n<p>&nbsp;<\/p>\n<p><a href=\"http:\/\/inclusion-europe.org\/\">Inclusion Europe<\/a>\u00a0hat das Logo f\u00fcr Leichte Sprache gemacht.<br \/>\nInclusion Europe ist die Europ\u00e4ische Organisation<br \/>\nf\u00fcr Menschen mit intellektueller Behinderung und ihre Familien.<\/p>\n<p><a href=\"http:\/\/inclusion-europe.org\/\"><strong>Erfahren Sie mehr \u00fcber Inclusion Europe (auf Englisch)<\/strong><\/a><\/p>\n","protected":false},"excerpt":{"rendered":"<p>Machen Sie Ihre Informationen zug\u00e4nglich! Zug\u00e4ngliche Informationen sind wichtig f\u00fcr Menschen mit geistiger Behinderung. Sie helfen ihnen neue Dinge zu lernen, am Leben der Gesellschaft teilzuhaben, ihre Rechte zu kennen und sich f\u00fcr sie einzusetzen, ihre eigenen Entscheidungen zu treffen. Menschen mit geistiger Behinderung haben das Recht, Informationen zu bekommen, die leicht zu lesen und [&hellip;]<\/p>\n","protected":false},"author":1,"featured_media":0,"parent":0,"menu_order":0,"comment_status":"closed","ping_status":"closed","template":"","meta":[],"_links":{"self":[{"href":"https:\/\/easy-to-read.inclusion-europe.eu\/de\/wp-json\/wp\/v2\/pages\/12"}],"collection":[{"href":"https:\/\/easy-to-read.inclusion-europe.eu\/de\/wp-json\/wp\/v2\/pages"}],"about":[{"href":"https:\/\/easy-to-read.inclusion-europe.eu\/de\/wp-json\/wp\/v2\/types\/page"}],"author":[{"embeddable":true,"href":"https:\/\/easy-to-read.inclusion-europe.eu\/de\/wp-json\/wp\/v2\/users\/1"}],"replies":[{"embeddable":true,"href":"https:\/\/easy-to-read.inclusion-europe.eu\/de\/wp-json\/wp\/v2\/comments?post=12"}],"version-history":[{"count":12,"href":"https:\/\/easy-to-read.inclusion-europe.eu\/de\/wp-json\/wp\/v2\/pages\/12\/revisions"}],"predecessor-version":[{"id":1330,"href":"https:\/\/easy-to-read.inclusion-europe.eu\/de\/wp-json\/wp\/v2\/pages\/12\/revisions\/1330"}],"wp:attachment":[{"href":"https:\/\/easy-to-read.inclusion-europe.eu\/de\/wp-json\/wp\/v2\/media?parent=12"}],"curies":[{"name":"wp","href":"https:\/\/api.w.org\/{rel}","templated":true}]}}