{"id":113,"date":"2014-12-17T19:35:17","date_gmt":"2014-12-17T19:35:17","guid":{"rendered":"http:\/\/easy-to-read.eu\/?page_id=113"},"modified":"2014-12-19T17:43:57","modified_gmt":"2014-12-19T17:43:57","slug":"projekte-2","status":"publish","type":"page","link":"https:\/\/easy-to-read.inclusion-europe.eu\/de\/projekte-2\/","title":{"rendered":"Projekte"},"content":{"rendered":"<h3>&nbsp;<\/h3>\n<h3><span style=\"color: #008000;\">Wege zur Erwachsenenbildung f\u00fcr Menschen mit geistiger Behinderung<\/span><\/h3>\n<p><span id=\"result_box\" class=\"\" lang=\"de\" tabindex=\"-1\"><span class=\"hps\">F\u00fcr<\/span> <span class=\"hps\">Menschen mit geistiger Behinderung<\/span>, <span class=\"hps\">ist<\/span> <span class=\"hps\">lebenslanges Lernen<\/span> <span class=\"hps\">nicht nur f\u00fcr<\/span> <span class=\"hps\">das Erlernen neuer F\u00e4higkeiten<\/span> <span class=\"hps\">oder eine Berufsausbildung wichtig<\/span>. <span class=\"hps\">Es<\/span> <span class=\"hps\">geht darum,<\/span> <span class=\"hps\">in der Gesellschaft einbezogen zu sein<\/span>, in der Lage zu sein, sich selbst <span class=\"hps\">zu vertreten und<\/span> <span class=\"hps\">mehr<\/span> <span class=\"hps\">die Kontrolle \u00fcber<\/span> <span class=\"hps\">das t\u00e4gliche<\/span> <span class=\"hps\">Leben und die<\/span> <span class=\"hps\">Zukunft zu haben.<\/span> E<span class=\"hps\">ines<\/span> <span class=\"hps\">der gr\u00f6\u00dften Hindernisse<\/span> <span class=\"hps\">f\u00fcr<\/span> <span class=\"hps\">Menschen mit geistiger Behinderung<\/span> beim Zugang <span class=\"hps\">zu<\/span> <span class=\"hps\">lebenslangen<\/span> <span class=\"hps\">Lernprogrammen<\/span> ist <span class=\"hps\">der Mangel an<\/span> <span class=\"hps\">zug\u00e4nglichen<\/span> <span class=\"hps\">Informationsmaterialien<\/span> <span class=\"hps\">in<\/span> <span class=\"hps\">leicht<\/span> <span class=\"hps\">verst\u00e4ndlicher<\/span> <span class=\"hps\">Sprache.<\/span><\/span><\/p>\n<p><span id=\"result_box\" class=\"\" lang=\"de\" tabindex=\"-1\"><span class=\"hps\">Um die<\/span> <span class=\"hps\">Zug\u00e4nglichkeit<\/span> <span class=\"hps\">derartiger Programme<\/span> <span class=\"hps\">zu verbessern, haben<\/span> die &#8220;Pathways&#8221;-Projekte e<span class=\"hps\">urop\u00e4ischen<\/span> Regeln f\u00fcr einfache Sprache im Bereich <span class=\"hps\">der<\/span><span class=\"hps\"> Erwachsenenbildung und<\/span> f\u00fcr <span class=\"hps atn\">E-Learning-<\/span>Material <span class=\"hps\">entwickelt.<\/span> <span class=\"hps\">Mehr<\/span> <span class=\"hps\">Informationen \u00fcber das Projekt<\/span> <span class=\"hps\">finden Sie unter<\/span> <a href=\"http:\/\/www.life-long-learning.eu\" target=\"_blank\"><span class=\"hps\">www.life-long-learning.eu<\/span><\/a> <\/span><\/p>\n<p><span id=\"result_box\" class=\"\" lang=\"de\" tabindex=\"-1\"><span class=\"hps\">Mit der Unterst\u00fctzung des<\/span> <span class=\"hps\">Programms f\u00fcr lebenslanges Lernen<\/span> <span class=\"hps\">der Europ\u00e4ischen Union.<\/span><br \/>\n<\/span><\/p>\n","protected":false},"excerpt":{"rendered":"<p>&nbsp; Wege zur Erwachsenenbildung f\u00fcr Menschen mit geistiger Behinderung F\u00fcr Menschen mit geistiger Behinderung, ist lebenslanges Lernen nicht nur f\u00fcr das Erlernen neuer F\u00e4higkeiten oder eine Berufsausbildung wichtig. Es geht darum, in der Gesellschaft einbezogen zu sein, in der Lage zu sein, sich selbst zu vertreten und mehr die Kontrolle \u00fcber das t\u00e4gliche Leben und [&hellip;]<\/p>\n","protected":false},"author":1,"featured_media":0,"parent":0,"menu_order":0,"comment_status":"closed","ping_status":"closed","template":"","meta":[],"_links":{"self":[{"href":"https:\/\/easy-to-read.inclusion-europe.eu\/de\/wp-json\/wp\/v2\/pages\/113"}],"collection":[{"href":"https:\/\/easy-to-read.inclusion-europe.eu\/de\/wp-json\/wp\/v2\/pages"}],"about":[{"href":"https:\/\/easy-to-read.inclusion-europe.eu\/de\/wp-json\/wp\/v2\/types\/page"}],"author":[{"embeddable":true,"href":"https:\/\/easy-to-read.inclusion-europe.eu\/de\/wp-json\/wp\/v2\/users\/1"}],"replies":[{"embeddable":true,"href":"https:\/\/easy-to-read.inclusion-europe.eu\/de\/wp-json\/wp\/v2\/comments?post=113"}],"version-history":[{"count":2,"href":"https:\/\/easy-to-read.inclusion-europe.eu\/de\/wp-json\/wp\/v2\/pages\/113\/revisions"}],"predecessor-version":[{"id":670,"href":"https:\/\/easy-to-read.inclusion-europe.eu\/de\/wp-json\/wp\/v2\/pages\/113\/revisions\/670"}],"wp:attachment":[{"href":"https:\/\/easy-to-read.inclusion-europe.eu\/de\/wp-json\/wp\/v2\/media?parent=113"}],"curies":[{"name":"wp","href":"https:\/\/api.w.org\/{rel}","templated":true}]}}