{"id":236,"date":"2014-12-18T19:48:50","date_gmt":"2014-12-18T19:48:50","guid":{"rendered":"http:\/\/easy-to-read.eu\/?page_id=236"},"modified":"2015-02-25T14:25:07","modified_gmt":"2015-02-25T14:25:07","slug":"teaching-materials","status":"publish","type":"page","link":"https:\/\/easy-to-read.inclusion-europe.eu\/cs\/teaching-materials\/","title":{"rendered":"Materi\u00e1ly"},"content":{"rendered":"<h3><\/h3>\n<h3><span style=\"color: #008000;\"><strong>Materi\u00e1ly<\/strong><\/span><\/h3>\n<h3><span style=\"color: #008000;\">\u00a0<\/span><\/h3>\n<p>N\u00e1sleduj\u00edc\u00ed materi\u00e1ly mohou pomoci v praxi se \u0161kolen\u00edm zam\u011bstnanc\u016f v\u00a0metod\u00e1ch tvorby snadno srozumiteln\u00fdch informac\u00ed a se zapojen\u00edm lid\u00ed s\u00a0ment\u00e1ln\u00edm posti\u017een\u00edm p\u0159i psan\u00ed t\u011bchto informac\u00ed.<\/p>\n<p><a href=\"http:\/\/easy-to-read.inclusion-europe.eu\/wp-content\/uploads\/2014\/12\/CZ_brochures.jpg\"><img loading=\"lazy\" class=\" size-medium wp-image-701 aligncenter\" src=\"http:\/\/easy-to-read.inclusion-europe.eu\/wp-content\/uploads\/2014\/12\/CZ_brochures-300x300.jpg\" alt=\"CZ_brochures\" width=\"300\" height=\"300\" srcset=\"https:\/\/easy-to-read.inclusion-europe.eu\/wp-content\/uploads\/2014\/12\/CZ_brochures-300x300.jpg 300w, https:\/\/easy-to-read.inclusion-europe.eu\/wp-content\/uploads\/2014\/12\/CZ_brochures-150x150.jpg 150w, https:\/\/easy-to-read.inclusion-europe.eu\/wp-content\/uploads\/2014\/12\/CZ_brochures-490x490.jpg 490w, https:\/\/easy-to-read.inclusion-europe.eu\/wp-content\/uploads\/2014\/12\/CZ_brochures-245x245.jpg 245w, https:\/\/easy-to-read.inclusion-europe.eu\/wp-content\/uploads\/2014\/12\/CZ_brochures.jpg 864w\" sizes=\"(max-width: 300px) 100vw, 300px\" \/><\/a><\/p>\n<ol>\n<li>Vzd\u011bl\u00e1vac\u00ed program pro zam\u011bstnance v\u00a0r\u00e1mci celo\u017eivotn\u00edho u\u010den\u00ed, jak ps\u00e1t texty snadno \u010diteln\u00e9 a srozumiteln\u00e9.<\/li>\n<li>Pokyny jak zapojit lidi s ment\u00e1ln\u00edm posti\u017een\u00edm do psan\u00ed text\u016f, kter\u00e9 jsou snadno \u010diteln\u00e9 a srozumiteln\u00e9.<\/li>\n<li>Bro\u017eura s n\u00e1zvem &#8220;U\u010den\u00ed m\u016f\u017ee b\u00fdt snadn\u00e9&#8221; poskytuje doporu\u010den\u00ed pro zam\u011bstnance celo\u017eivotn\u00edho vzd\u011bl\u00e1v\u00e1n\u00ed o tom, jak ud\u011blat sv\u00e9 kurzy p\u0159\u00edstupn\u011bj\u0161\u00ed.<\/li>\n<\/ol>\n","protected":false},"excerpt":{"rendered":"<p>Materi\u00e1ly \u00a0 N\u00e1sleduj\u00edc\u00ed materi\u00e1ly mohou pomoci v praxi se \u0161kolen\u00edm zam\u011bstnanc\u016f v\u00a0metod\u00e1ch tvorby snadno srozumiteln\u00fdch informac\u00ed a se zapojen\u00edm lid\u00ed s\u00a0ment\u00e1ln\u00edm posti\u017een\u00edm p\u0159i psan\u00ed t\u011bchto informac\u00ed. Vzd\u011bl\u00e1vac\u00ed program pro zam\u011bstnance v\u00a0r\u00e1mci celo\u017eivotn\u00edho u\u010den\u00ed, jak ps\u00e1t texty snadno \u010diteln\u00e9 a srozumiteln\u00e9. Pokyny jak zapojit lidi s ment\u00e1ln\u00edm posti\u017een\u00edm do psan\u00ed text\u016f, kter\u00e9 jsou snadno \u010diteln\u00e9 a [&hellip;]<\/p>\n","protected":false},"author":1,"featured_media":0,"parent":0,"menu_order":0,"comment_status":"closed","ping_status":"closed","template":"","meta":[],"_links":{"self":[{"href":"https:\/\/easy-to-read.inclusion-europe.eu\/cs\/wp-json\/wp\/v2\/pages\/236"}],"collection":[{"href":"https:\/\/easy-to-read.inclusion-europe.eu\/cs\/wp-json\/wp\/v2\/pages"}],"about":[{"href":"https:\/\/easy-to-read.inclusion-europe.eu\/cs\/wp-json\/wp\/v2\/types\/page"}],"author":[{"embeddable":true,"href":"https:\/\/easy-to-read.inclusion-europe.eu\/cs\/wp-json\/wp\/v2\/users\/1"}],"replies":[{"embeddable":true,"href":"https:\/\/easy-to-read.inclusion-europe.eu\/cs\/wp-json\/wp\/v2\/comments?post=236"}],"version-history":[{"count":6,"href":"https:\/\/easy-to-read.inclusion-europe.eu\/cs\/wp-json\/wp\/v2\/pages\/236\/revisions"}],"predecessor-version":[{"id":1252,"href":"https:\/\/easy-to-read.inclusion-europe.eu\/cs\/wp-json\/wp\/v2\/pages\/236\/revisions\/1252"}],"wp:attachment":[{"href":"https:\/\/easy-to-read.inclusion-europe.eu\/cs\/wp-json\/wp\/v2\/media?parent=236"}],"curies":[{"name":"wp","href":"https:\/\/api.w.org\/{rel}","templated":true}]}}