{"id":196,"date":"2014-12-14T17:37:30","date_gmt":"2014-12-14T17:37:30","guid":{"rendered":"http:\/\/easy-to-read.eu\/?page_id=196"},"modified":"2015-02-25T16:51:33","modified_gmt":"2015-02-25T16:51:33","slug":"projects","status":"publish","type":"page","link":"https:\/\/easy-to-read.inclusion-europe.eu\/cs\/projects\/","title":{"rendered":"Projekty"},"content":{"rendered":"<p>&nbsp;<\/p>\n<p>&nbsp;<\/p>\n<div id=\"stcpDiv\">\n<h3><\/h3>\n<h3><span style=\"color: #008000;\"><strong>Projekt Cesty k\u00a0celo\u017eivotn\u00edmu vzd\u011bl\u00e1v\u00e1n\u00ed dosp\u011bl\u00fdch lid\u00ed s ment\u00e1ln\u00edm posti\u017een\u00edm<\/strong><\/span><\/h3>\n<h1><span style=\"color: #008000;\">\u00a0<\/span><\/h1>\n<p>V\u00a0\u017eivot\u011b lid\u00ed s\u00a0ment\u00e1ln\u00edm posti\u017een\u00edm nen\u00ed celo\u017eivotn\u00ed vzd\u011bl\u00e1v\u00e1n\u00ed jen o u\u010den\u00ed se nov\u00fdm dovednostem a o odborn\u00e9m vzd\u011bl\u00e1n\u00ed.<\/p>\n<p>Jedn\u00e1 se o za\u0159azen\u00ed do spole\u010dnosti, kde lid\u00e9 s\u00a0posti\u017een\u00edm budou moci reprezentovat sami sebe a m\u00edt v\u011bt\u0161\u00ed kontrolu nad sv\u00fdmi \u017eivoty a nad svou budoucnost\u00ed.<\/p>\n<p>Nicm\u00e9n\u011b jedna z\u00a0hlavn\u00edch p\u0159ek\u00e1\u017eek pro lidi s\u00a0ment\u00e1ln\u00edm posti\u017een\u00edm k\u00a0p\u0159\u00edstupu k\u00a0celo\u017eivotn\u00edmu u\u010den\u00ed je nedostatek dostupn\u00e9ho vzd\u011bl\u00e1v\u00e1n\u00ed dosp\u011bl\u00fdch a informa\u010dn\u00edch materi\u00e1l\u016f ve snadno srozumiteln\u00e9 form\u011b.<\/p>\n<p>Pro zlep\u0161en\u00ed dostupnosti t\u011bchto program\u016f se v\u00a0projektu Cesty vytvo\u0159ili Evropsk\u00e9 standardy pro vzd\u011bl\u00e1v\u00e1n\u00ed dosp\u011bl\u00fdch a e-learningov\u00fd materi\u00e1l.<\/p>\n<p>Projekt Cesty II., postaven\u00fd na z\u00e1klad\u011b p\u0159edchoz\u00ed projektu, n\u00e1sob\u00ed jeho dopad t\u00e9m\u011b\u0159 po cel\u00e9 Evropsk\u00e9 unii.<\/p>\n<p>V\u00edce informac\u00ed o projektu Cesty lze nal\u00e9zt na <a href=\"http:\/\/www.inclusion-europe.com\/pathways2\/\">www.life-long-learning.eu<\/a><\/p>\n<table border=\"2\" frame=\"box\">\n<tbody>\n<tr>\n<td><strong>Pathways I<\/strong><\/td>\n<td><\/td>\n<\/tr>\n<tr>\n<td>Implementation Period<\/td>\n<td>2007-2009<\/td>\n<\/tr>\n<tr>\n<td>Funded by<\/td>\n<td>European Commission, Education, Audiovisual and Culture Executive Agency under <a data-mce-hrefundefined=\"data-mce-hrefundefined\">the Grundtvig Programme<\/a><\/td>\n<\/tr>\n<tr>\n<td>Project number<\/td>\n<td>134174-LLP-1-2007-1-BE-GRUNDTVIG-GMP<\/td>\n<\/tr>\n<tr>\n<td>Project coordinator<\/td>\n<td>Inclusion Europe<\/td>\n<\/tr>\n<tr>\n<td>Partners<\/td>\n<td>\n<div>Enable Ace (Scotland)<\/div>\n<div>Me Itse ry (Finland)<\/div>\n<div>UNAPEI (France)<\/div>\n<div>Nous Aussi (France)<\/div>\n<div>Inclusion Ireland (Ireland)<\/div>\n<div>Das B\u00fcro f\u00fcr leichte Sprache of Lebenshilfe Bremen (Germany).<\/div>\n<div>FENACERCI (Portugal)<\/div>\n<div>Atempo (Austria)<\/div>\n<div>VILTIS (Lithuania)<\/div>\n<\/td>\n<\/tr>\n<tr>\n<td colspan=\"2\"><\/td>\n<\/tr>\n<tr>\n<td><strong>Pathways II<\/strong><\/td>\n<td><\/td>\n<\/tr>\n<tr>\n<td>Implementation period<\/td>\n<td>2011 &#8211; 2013<\/td>\n<\/tr>\n<tr>\n<td>Funded by<\/td>\n<td>European Commission, Education, Audiovisual and Culture Executive Agency under the Lifelong Learning Programme, Key Activity 4<\/td>\n<\/tr>\n<tr>\n<td>Project number<\/td>\n<td>519328-LLP-1-2011-1-BE-KA4-KA4MP<\/td>\n<\/tr>\n<tr>\n<td>Project coordinator<\/td>\n<td>Inclusion Europe<\/td>\n<\/tr>\n<tr>\n<td>Project partners<\/td>\n<td>Association for Self-Advocacy (Croatia)<br \/>\nSPMP (Czech Republic)<br \/>\nEVPIT (Estonia)<br \/>\n\u00c9FO\u00c9SZ (Hungary)<br \/>\nAnffas, (Italy)<br \/>\nRupju Berns (Latvia)<br \/>\nZveza So\u017eitje (Slovenia)<br \/>\nZPMPvSR (Slovakia)<br \/>\nFEAPS (Spain)<\/td>\n<\/tr>\n<\/tbody>\n<\/table>\n<table border=\"0\">\n<tbody>\n<tr>\n<td><img loading=\"lazy\" src=\"http:\/\/www.inclusion-europe.org\/etr\/images\/M_images\/EU_flag_LLP_EN-01_web.gif\" alt=\"EU flag LLP EN-01 web\" width=\"250\" height=\"97\" \/><\/td>\n<td>Projekt byl realizov\u00e1n s\u00a0finan\u010dn\u00ed podporou Programu celo\u017eivotn\u00edho u\u010den\u00ed a Evropsk\u00e9 unie.<\/td>\n<\/tr>\n<\/tbody>\n<\/table>\n<\/div>\n","protected":false},"excerpt":{"rendered":"<p>&nbsp; &nbsp; Projekt Cesty k\u00a0celo\u017eivotn\u00edmu vzd\u011bl\u00e1v\u00e1n\u00ed dosp\u011bl\u00fdch lid\u00ed s ment\u00e1ln\u00edm posti\u017een\u00edm \u00a0 V\u00a0\u017eivot\u011b lid\u00ed s\u00a0ment\u00e1ln\u00edm posti\u017een\u00edm nen\u00ed celo\u017eivotn\u00ed vzd\u011bl\u00e1v\u00e1n\u00ed jen o u\u010den\u00ed se nov\u00fdm dovednostem a o odborn\u00e9m vzd\u011bl\u00e1n\u00ed. Jedn\u00e1 se o za\u0159azen\u00ed do spole\u010dnosti, kde lid\u00e9 s\u00a0posti\u017een\u00edm budou moci reprezentovat sami sebe a m\u00edt v\u011bt\u0161\u00ed kontrolu nad sv\u00fdmi \u017eivoty a nad svou budoucnost\u00ed. Nicm\u00e9n\u011b [&hellip;]<\/p>\n","protected":false},"author":1,"featured_media":0,"parent":0,"menu_order":0,"comment_status":"closed","ping_status":"closed","template":"","meta":[],"_links":{"self":[{"href":"https:\/\/easy-to-read.inclusion-europe.eu\/cs\/wp-json\/wp\/v2\/pages\/196"}],"collection":[{"href":"https:\/\/easy-to-read.inclusion-europe.eu\/cs\/wp-json\/wp\/v2\/pages"}],"about":[{"href":"https:\/\/easy-to-read.inclusion-europe.eu\/cs\/wp-json\/wp\/v2\/types\/page"}],"author":[{"embeddable":true,"href":"https:\/\/easy-to-read.inclusion-europe.eu\/cs\/wp-json\/wp\/v2\/users\/1"}],"replies":[{"embeddable":true,"href":"https:\/\/easy-to-read.inclusion-europe.eu\/cs\/wp-json\/wp\/v2\/comments?post=196"}],"version-history":[{"count":5,"href":"https:\/\/easy-to-read.inclusion-europe.eu\/cs\/wp-json\/wp\/v2\/pages\/196\/revisions"}],"predecessor-version":[{"id":1258,"href":"https:\/\/easy-to-read.inclusion-europe.eu\/cs\/wp-json\/wp\/v2\/pages\/196\/revisions\/1258"}],"wp:attachment":[{"href":"https:\/\/easy-to-read.inclusion-europe.eu\/cs\/wp-json\/wp\/v2\/media?parent=196"}],"curies":[{"name":"wp","href":"https:\/\/api.w.org\/{rel}","templated":true}]}}